{"id":19338,"date":"2022-11-24T17:27:23","date_gmt":"2022-11-24T22:27:23","guid":{"rendered":"https:\/\/420now.co\/product\/faded-edibles-blocs-de-gelee-de-thc-360mg-cerise-noire\/"},"modified":"2025-04-11T09:52:50","modified_gmt":"2025-04-11T13:52:50","slug":"faded-edibles-blocs-de-gelee-de-thc-360mg-cerise-noire","status":"publish","type":"product","link":"https:\/\/420now.co\/fr-ca\/product\/faded-edibles-blocs-de-gelee-de-thc-360mg-cerise-noire\/","title":{"rendered":"Faded Edibles Blocs de Gel\u00e9e de THC 360mg CERISE NOIRE"},"content":{"rendered":"<p>Ces blocs de gel\u00e9e de 360 mg de THC au go\u00fbt de cerise noire sont infus\u00e9s d\u2019un total de 360 mg de THC. Ils sont livr\u00e9s dans un emballage de 24 pi\u00e8ces, chaque pi\u00e8ce contenant 15 mg.  D\u00e9tendez-vous apr\u00e8s une longue et stressante journ\u00e9e apr\u00e8s en avoir mang\u00e9 quelques-uns.<\/p>\n<p>Les produits comestibles d\u00e9lav\u00e9s sont connus pour leur excellente saveur et leur dosage pr\u00e9cis.<\/p>\n<h2>Avantages des bombes \u00e0 gel\u00e9e comestibles Canabis d\u00e9color\u00e9es<\/h2>\n<p>Avec une dose pr\u00e9cise de 15 mg par pi\u00e8ce, ces blocs de gel\u00e9e \u00e0 saveur de cerise noire sont parfaits lorsque vous voulez le meilleur de la saveur et un dosage pr\u00e9cis. Toutes les <a href=\"https:\/\/420now.co\/fr-ca\/?page_id=17998\">gommes au cannabis Faded<\/a> sont test\u00e9es en laboratoire, fabriqu\u00e9es au Canada et n\u2019utilisent que du cannabis de haute qualit\u00e9 pour leurs produits. La pr\u00e9servation du go\u00fbt et de la puissance est un objectif majeur de Faded et leur constance au fil du temps en a fait un grand favori des amateurs de m\u00e9dig\u00e8nes\/comestibles.    <\/p>\n<p>La teneur en THC de ces blocs de gel\u00e9e est parfaite lorsque vous voulez vous d\u00e9tendre et vous d\u00e9tendre sans fumer. C\u2019est un excellent moyen discret d\u2019obtenir votre dose de THC! <\/p>\n<h2>Blocs de gel\u00e9e comestibles d\u00e9lav\u00e9s &#8211; Livraison gratuite en 2 heures<\/h2>\n<p>Les chauffeurs de 420Now Weed Delivery sont amicaux, courtois et rapides &#8211; avec une livraison gratuite en 2 heures dans la r\u00e9gion du Grand Toronto, y compris  <em>La ville de Toronto, King, Vaughan, Richmond Hill, Aurora, Newmarket, East Gwillimbury, Whitchurch-Stouffville, Markham.<\/em><\/p>\n<p>La livraison gratuite est disponible avec une commande minimale de 100,00 $ &#8211; pay\u00e9e par courriel Interac ou en paiement \u00e0 la livraison.<\/p>\n<p>Pour l\u2019ext\u00e9rieur de la r\u00e9gion du Grand Toronto, l\u2019exp\u00e9dition par Postes Canada est \u00e9galement disponible!  <\/p>\n<p><em>Faded Cannabis Co. &#8211; Comestibles\/Produits Medibles que vous allez adorer.<\/em> <\/p>\n","protected":false},"excerpt":{"rendered":"<p>Ces blocs de gel\u00e9e de 360 mg de THC au go\u00fbt de cerise noire sont infus\u00e9s d\u2019un total de 360 mg de THC. Ils sont livr\u00e9s dans un emballage de 24 pi\u00e8ces, chaque pi\u00e8ce contenant 15 mg.  D\u00e9tendez-vous apr\u00e8s une longue et stressante journ\u00e9e apr\u00e8s en avoir mang\u00e9 quelques-uns.<\/p>\n<p>Les produits comestibles d\u00e9lav\u00e9s sont connus pour leur excellente saveur et leur dosage pr\u00e9cis.<\/p>\n","protected":false},"featured_media":17315,"comment_status":"open","ping_status":"closed","template":"","meta":{"_acf_changed":false},"product_brand":[],"product_cat":[225,219,231],"product_tag":[298],"class_list":{"0":"post-19338","1":"product","2":"type-product","3":"status-publish","4":"has-post-thumbnail","6":"product_cat-bonbons","7":"product_cat-comestibles","8":"product_cat-gummies-fr-ca","9":"product_tag-faded-gummy-fr-ca","11":"first","12":"instock","13":"shipping-taxable","14":"purchasable","15":"product-type-simple"},"acf":[],"_links":{"self":[{"href":"https:\/\/420now.co\/fr-ca\/wp-json\/wp\/v2\/product\/19338","targetHints":{"allow":["GET"]}}],"collection":[{"href":"https:\/\/420now.co\/fr-ca\/wp-json\/wp\/v2\/product"}],"about":[{"href":"https:\/\/420now.co\/fr-ca\/wp-json\/wp\/v2\/types\/product"}],"replies":[{"embeddable":true,"href":"https:\/\/420now.co\/fr-ca\/wp-json\/wp\/v2\/comments?post=19338"}],"wp:featuredmedia":[{"embeddable":true,"href":"https:\/\/420now.co\/fr-ca\/wp-json\/wp\/v2\/media\/17315"}],"wp:attachment":[{"href":"https:\/\/420now.co\/fr-ca\/wp-json\/wp\/v2\/media?parent=19338"}],"wp:term":[{"taxonomy":"product_brand","embeddable":true,"href":"https:\/\/420now.co\/fr-ca\/wp-json\/wp\/v2\/product_brand?post=19338"},{"taxonomy":"product_cat","embeddable":true,"href":"https:\/\/420now.co\/fr-ca\/wp-json\/wp\/v2\/product_cat?post=19338"},{"taxonomy":"product_tag","embeddable":true,"href":"https:\/\/420now.co\/fr-ca\/wp-json\/wp\/v2\/product_tag?post=19338"}],"curies":[{"name":"wp","href":"https:\/\/api.w.org\/{rel}","templated":true}]}}