{"id":19340,"date":"2022-11-25T05:55:58","date_gmt":"2022-11-25T10:55:58","guid":{"rendered":"https:\/\/420now.co\/product\/pineapple-express-meds-gummies-20-par-paquet-50-mg-chacun-1000-mg-cbd\/"},"modified":"2025-04-11T09:52:54","modified_gmt":"2025-04-11T13:52:54","slug":"pineapple-express-meds-gummies-20-par-paquet-50-mg-chacun-1000-mg-cbd","status":"publish","type":"product","link":"https:\/\/420now.co\/fr-ca\/product\/pineapple-express-meds-gummies-20-par-paquet-50-mg-chacun-1000-mg-cbd\/","title":{"rendered":"Pineapple Express Meds Gummies 20 par paquet 50 mg chacun (1000 mg CBD)"},"content":{"rendered":"<p>20 d\u00e9licieux morceaux de gomme infus\u00e9s de 50 mg de CBD chacun. Ils sont d\u00e9licieux, acides et parfaits \u00e0 doser vous-m\u00eame car vous pouvez les prendre par incr\u00e9ments de 50 mg \u00e0 1000 mg! <\/p>\n<p>Pineapple Express Les m\u00e9dicaments (PEM) sont les pr\u00e9f\u00e9r\u00e9s de beaucoup de nos clients &#8211; et ce produit particulier ne contient pas de THC, mais plut\u00f4t du CBD pour ceux qui pr\u00e9f\u00e8rent cela pour les m\u00e9dicaments, la relaxation et les traitements et la pr\u00e9vention possible d\u2019une vari\u00e9t\u00e9 de maladies.  <\/p>\n<h2>En savoir plus sur le CBD<\/h2>\n<p>Si vous lisez ceci, il est probable que vous connaissiez d\u00e9j\u00e0 les avantages que le CBD peut apporter. Mais nous trouvons qu\u2019il est toujours bon de fournir de l\u2019information sur ce que c\u2019est, d\u2019o\u00f9 il vient et ce qu\u2019il peut faire. <\/p>\n<p>Tout d\u2019abord, le CBD ne vous fera jamais \u00ab planer \u00bb. En fait, le CBD utilis\u00e9 dans les produits comestibles, l\u2019huile de CBD, etc. provient d\u2019un cultivar de cannabis compl\u00e8tement diff\u00e9rent de l\u2019herbe que vous pourriez fumer et qui contient du THC. Les cultivars qui contiennent des niveaux \u00e9lev\u00e9s de THC contiennent g\u00e9n\u00e9ralement de tr\u00e8s faibles quantit\u00e9s de CBD et sont assez inutiles pour extraire le CBD.  <\/p>\n<p>D\u2019autre part, le cultivar de cannabis que l\u2019on appelle souvent \u00ab chanvre \u00bb contient de tr\u00e8s faibles quantit\u00e9s de THC, mais des pourcentages importants de CBD. Pendant de nombreuses ann\u00e9es, voire des d\u00e9cennies, le chanvre a \u00e9t\u00e9 principalement utilis\u00e9 pour des situations industrielles, y compris la fabrication de cordes (\u00e0 une \u00e9poque, le plus grand fabricant de cordes \u00e9tait situ\u00e9 \u00e0 Belfast \u2013 et tous leurs produits de corde \u00e9taient fabriqu\u00e9s \u00e0 partir de chanvre). <\/p>\n<p>Le chanvre a \u00e9t\u00e9 utilis\u00e9 pour fabriquer des v\u00eatements, du papier, des plastiques, des chaussures, de l\u2019isolation, et son huile a \u00e9t\u00e9 utilis\u00e9e comme lubrifiant industriel.<\/p>\n<p>Au cours des derni\u00e8res d\u00e9cennies, l\u2019int\u00e9r\u00eat pour le CBD, ou son nom complet, le cannabidiol pour les bienfaits m\u00e9dicaux a \u00e9norm\u00e9ment augment\u00e9. Ce compos\u00e9 a \u00e9t\u00e9 d\u00e9couvert pour la premi\u00e8re fois en 1940, mais le statut l\u00e9gal de tous les cultivars de marijuana a rendu difficile la poursuite de la recherche sur le CBD. <\/p>\n<p>Aujourd\u2019hui, beaucoup d\u00e9couvrent que le CBD sous diverses formes, y compris les huiles et les isolats, semble avoir des propri\u00e9t\u00e9s tr\u00e8s curatives pour une vari\u00e9t\u00e9 de maladies. Ceux-ci comprennent : <\/p>\n<p> Un rem\u00e8de possible pour certains cancers<br \/>\n \u00c9pilepsie<br \/>\n Arthrose<br \/>\n Anxi\u00e9t\u00e9<br \/>\n D\u00e9pression<br \/>\n Insomnie<br \/>\n Inflammation<br \/>\n Douleur<br \/>\n chronique D\u00e9pendances TSPT<\/p>\n<p>Si vous faites des recherches, vous trouverez toutes sortes d\u2019all\u00e9gations pour lesquelles le CBD est apparemment efficace. Il pourrait s\u2019agir d\u2019un des miracles de la nature qui a \u00e9t\u00e9 n\u00e9glig\u00e9 pendant tant de d\u00e9cennies. Cela peut aider votre situation sp\u00e9cifique, mais nous ne pouvons pas fournir de conseils m\u00e9dicaux \u2013 mais nous savons que le CBD est g\u00e9n\u00e9ralement consid\u00e9r\u00e9 comme s\u00fbr, mais les femmes enceintes doivent \u00eatre prudentes et en parler \u00e0 leur m\u00e9decin.  <\/p>\n<h2>Pineapple Express Meds (PEM) &#8211; Livraison gratuite dans la r\u00e9gion du Grand Toronto (RGT)<\/h2>\n<p>Nous vous livrerons gratuitement \u00e0 votre porte dans les deux heures (avec une commande minimale de 100,00 $ de l\u2019un de nos produits) dans la r\u00e9gion du Grand Toronto. Cela comprend bien s\u00fbr la ville de Toronto, Richmond Hill, Newmarket, Markham, Vaughan, Bradford, King City et Aurora.   <\/p>\n<p>Pour les r\u00e9gions p\u00e9riph\u00e9riques, y compris Mississauga, Brampton, Caledon, Pickering, Ajax, veuillez appeler \u00e0 l\u2019avance avant de passer votre commande pour d\u00e9terminer la disponibilit\u00e9 de nos chauffeurs dans votre r\u00e9gion, ce jour-l\u00e0. Si nous ne sommes pas en mesure de livrer ce jour-l\u00e0, nous pouvons exp\u00e9dier rapidement via Postes Canada. <\/p>\n<p>Nos sympathiques chauffeurs sont pr\u00eats \u00e0 livrer du miel de CBD de cannabis d\u00e9lav\u00e9 \u00e0 votre porte! Veuillez commander avant 20h, 7 jours sur 7 pour garantir la livraison gratuite en 2 heures. <\/p>\n<h2>Exp\u00e9dition Pineapple Express (PEM) partout au Canada<\/h2>\n<p>Nous pouvons \u00e9galement exp\u00e9dier gratuitement les produits Faded Cannabis Co, y compris le miel au CBD, partout au Canada avec une commande minimale de 150,00 $. Les commandes entre 80,00 et 150,00 sont assujetties \u00e0 des frais postaux et de manutention. <\/p>\n","protected":false},"excerpt":{"rendered":"<p>20 d\u00e9licieux morceaux de gomme infus\u00e9s de 50 mg de CBD chacun. Ils sont d\u00e9licieux, acides et parfaits \u00e0 doser vous-m\u00eame car vous pouvez les prendre par incr\u00e9ments de 50 mg \u00e0 1000 mg! <\/p>\n<p>Pineapple Express Les m\u00e9dicaments (PEM) sont les pr\u00e9f\u00e9r\u00e9s de beaucoup de nos clients &#8211; et ce produit particulier ne contient pas de THC, mais plut\u00f4t du CBD pour ceux qui pr\u00e9f\u00e8rent cela pour les m\u00e9dicaments, la relaxation et les traitements et la pr\u00e9vention possible d\u2019une vari\u00e9t\u00e9 de maladies.  <\/p>\n","protected":false},"featured_media":17465,"comment_status":"open","ping_status":"closed","template":"","meta":{"_acf_changed":false},"product_brand":[],"product_cat":[208,219,231],"product_tag":[],"class_list":{"0":"post-19340","1":"product","2":"type-product","3":"status-publish","4":"has-post-thumbnail","6":"product_cat-cbd-fr-ca","7":"product_cat-comestibles","8":"product_cat-gummies-fr-ca","10":"first","11":"instock","12":"shipping-taxable","13":"purchasable","14":"product-type-simple"},"acf":[],"_links":{"self":[{"href":"https:\/\/420now.co\/fr-ca\/wp-json\/wp\/v2\/product\/19340","targetHints":{"allow":["GET"]}}],"collection":[{"href":"https:\/\/420now.co\/fr-ca\/wp-json\/wp\/v2\/product"}],"about":[{"href":"https:\/\/420now.co\/fr-ca\/wp-json\/wp\/v2\/types\/product"}],"replies":[{"embeddable":true,"href":"https:\/\/420now.co\/fr-ca\/wp-json\/wp\/v2\/comments?post=19340"}],"wp:featuredmedia":[{"embeddable":true,"href":"https:\/\/420now.co\/fr-ca\/wp-json\/wp\/v2\/media\/17465"}],"wp:attachment":[{"href":"https:\/\/420now.co\/fr-ca\/wp-json\/wp\/v2\/media?parent=19340"}],"wp:term":[{"taxonomy":"product_brand","embeddable":true,"href":"https:\/\/420now.co\/fr-ca\/wp-json\/wp\/v2\/product_brand?post=19340"},{"taxonomy":"product_cat","embeddable":true,"href":"https:\/\/420now.co\/fr-ca\/wp-json\/wp\/v2\/product_cat?post=19340"},{"taxonomy":"product_tag","embeddable":true,"href":"https:\/\/420now.co\/fr-ca\/wp-json\/wp\/v2\/product_tag?post=19340"}],"curies":[{"name":"wp","href":"https:\/\/api.w.org\/{rel}","templated":true}]}}