{"id":19354,"date":"2025-01-19T19:44:15","date_gmt":"2025-01-20T00:44:15","guid":{"rendered":"https:\/\/420now.co\/product\/barre-de-chocolat-au-lait-willo-cbd-500mg\/"},"modified":"2025-04-13T07:11:36","modified_gmt":"2025-04-13T11:11:36","slug":"barre-de-chocolat-au-lait-willo-cbd-500mg","status":"publish","type":"product","link":"https:\/\/420now.co\/fr-ca\/product\/barre-de-chocolat-au-lait-willo-cbd-500mg\/","title":{"rendered":"Willo Barre de chocolat au lait CBD 500mg"},"content":{"rendered":"<p><strong>Laissez-vous tenter par un pur bonheur avec notre barre de chocolat au lait au CBD<\/strong><\/p>\n<p>Savourez les bienfaits riches et cr\u00e9meux du chocolat au lait belge de qualit\u00e9 sup\u00e9rieure, soigneusement infus\u00e9 avec 500 mg d\u2019isolat de CBD pur. Chaque barre contient 15 carr\u00e9s parfaitement portionn\u00e9s, fournissant environ 33 mg de CBD par pi\u00e8ce. Con\u00e7ue pour am\u00e9liorer votre humeur, soulager l\u00e9g\u00e8rement la douleur et l\u2019inflammation et favoriser un meilleur sommeil, cette friandise d\u00e9cadente fait de l\u2019ajout de CBD \u00e0 votre routine une exp\u00e9rience agr\u00e9able. Avec 0% de THC test\u00e9 en laboratoire, vous pouvez \u00eatre assur\u00e9 que ce chocolat offre tous les avantages du CBD sans aucun effet psychoactif.   <\/p>\n<h2>Pourquoi choisir Willo?<\/h2>\n<p>Willo croit en la cr\u00e9ation de produits qui s\u2019adaptent \u00e0 votre style de vie. Que vous recherchiez du confort, de l\u2019\u00e9quilibre ou du soulagement, nos offres premium de CBD et de THC sont con\u00e7ues pour vous soutenir \u00e0 chaque \u00e9tape du processus. N\u00e9e pendant la pand\u00e9mie et nourrie pendant les confinements, Willo s\u2019engage \u00e0 fournir des alternatives naturelles et efficaces aux produits pharmaceutiques, vous aidant \u00e0 trouver le calme au milieu des d\u00e9fis de la vie.  <\/p>\n<h2>La diff\u00e9rence Willo<\/h2>\n<ul>\n<li><strong>Ingr\u00e9dients de qualit\u00e9 sup\u00e9rieure<\/strong> : Nos barres de chocolat au lait au CBD combinent le meilleur chocolat belge avec du CBD d\u00e9riv\u00e9 des meilleures plantes, assurant un go\u00fbt et une efficacit\u00e9 exceptionnels.\n<li><strong>Proc\u00e9d\u00e9 d\u2019extraction exclusif<\/strong> : Willo Productions Inc. est autoris\u00e9e en vertu de la Loi sur le cannabis de Sant\u00e9 Canada et utilise une technologie d\u2019extraction de pointe pour produire de l\u2019huile de cannabis d\u2019une clart\u00e9, d\u2019une couleur et d\u2019une puret\u00e9 in\u00e9gal\u00e9es.\n<li><strong>Tests complets<\/strong> : Tous nos produits sont soumis \u00e0 des tests internes rigoureux pour les pesticides, les herbicides, les m\u00e9taux lourds, les solvants et plus encore. Nous effectuons ensuite des tests par des tiers pour garantir une qualit\u00e9 et une s\u00e9curit\u00e9 constantes.\n<\/ul>\n<h2>Les bienfaits du CBD pour la sant\u00e9<\/h2>\n<p>Le CBD (cannabidiol) est largement reconnu pour sa capacit\u00e9 naturelle \u00e0 favoriser le bien-\u00eatre. Connu pour ses propri\u00e9t\u00e9s calmantes, le CBD peut aider \u00e0 r\u00e9duire l\u2019anxi\u00e9t\u00e9, \u00e0 am\u00e9liorer l\u2019humeur et \u00e0 favoriser un sommeil r\u00e9parateur. C\u2019est \u00e9galement un puissant agent anti-inflammatoire, offrant un soulagement de douleurs l\u00e9g\u00e8res et d\u2019inconfort. Que vous vous d\u00e9tendiez apr\u00e8s une longue journ\u00e9e ou que vous cherchiez \u00e0 soulager le stress quotidien, notre chocolat au lait au CBD est un d\u00e9licieux moyen d\u2019int\u00e9grer les bienfaits du CBD dans votre mode de vie.   <\/p>\n<h2>Mode d\u2019emploi<\/h2>\n<p>Vous d\u00e9butez dans le CBD? Commencez par un demi-carr\u00e9 (environ 16,5 mg) et observez comment votre corps r\u00e9agit avant d\u2019ajuster votre dosage. Cela vous permet de trouver la quantit\u00e9 parfaite pour r\u00e9pondre \u00e0 vos besoins tout en profitant d\u2019une d\u00e9licieuse exp\u00e9rience chocolat\u00e9e.  <\/p>\n<h2 for=\"\" your=\"\" peace=\"\" of=\"\" mind=\"\" original=\"PC9oMj4=\"><\/h2>\n<p>L\u2019engagement de Willo envers l\u2019excellence garantit que chaque produit r\u00e9pond aux normes les plus \u00e9lev\u00e9es de s\u00e9curit\u00e9 et de qualit\u00e9. Notre barre de chocolat au lait au CBD est plus qu\u2019un r\u00e9gal : c\u2019est un outil soigneusement con\u00e7u pour se d\u00e9tendre et se soulager, con\u00e7u pour s\u2019int\u00e9grer parfaitement \u00e0 votre vie quotidienne. <\/p>\n<p>Offrez-vous un moment de gourmandise et de bien-\u00eatre avec la barre de chocolat au lait au CBD de Willo. La d\u00e9tente n\u2019a jamais \u00e9t\u00e9 aussi bonne! <\/p>\n<h2>Livraison des produits Willo CBD dans la r\u00e9gion de Toronto<\/h2>\n<p>Si vous \u00eates dans la r\u00e9gion du Grand Toronto (RGT), vous pouvez vous procurer les produits Willo CBD dans les 2 heures* \u00e0 votre porte! Commandez avant 20 h et l\u2019un de nos chauffeurs vous livrera le jour m\u00eame, 2 heures gratuitement, lorsque vous commandez un minimum de 100,00 $ de l\u2019un des produits sur notre site Web.<\/p>\n<p>*Livraison en deux heures \u00e0 Toronto (Scarborough, North York, Etobicoke, DownTown, York \u2013 toutes les r\u00e9gions \u00e0 l\u2019int\u00e9rieur des fronti\u00e8res de la ville de Toronto), Richmond Hill, King, Aurora, Newmarket, Woodbridge, Vaughan et Markham.<\/p>\n<p>Nous exp\u00e9dions \u00e9galement partout au Canada et dans des r\u00e9gions \u00e9loign\u00e9es en dehors de notre zone de livraison gratuite habituelle.<\/p>\n","protected":false},"excerpt":{"rendered":"<p>Laissez-vous tenter par la d\u00e9cadence cr\u00e9meuse du chocolat au lait belge de qualit\u00e9 sup\u00e9rieure infus\u00e9 de 500 mg d\u2019isolat de CBD pur (test\u00e9 en laboratoire avec 0% de THC pour aucun high). Chaque barre offre 15 carr\u00e9s parfaitement portionn\u00e9s, fournissant environ 33 mg de CBD par pi\u00e8ce pour am\u00e9liorer votre humeur, soulager la douleur et l\u2019inflammation l\u00e9g\u00e8res et favoriser un sommeil r\u00e9parateur.   <\/p>\n<p>Que vous soyez un consommateur chevronn\u00e9 de CBD ou que vous d\u00e9butiez, cette d\u00e9licieuse g\u00e2terie est aussi efficace que d\u00e9licieuse.  <\/p>\n<p>Votre chemin vers la d\u00e9tente est devenu plus doux!<\/p>\n","protected":false},"featured_media":17813,"comment_status":"open","ping_status":"closed","template":"","meta":{"_acf_changed":false},"product_brand":[],"product_cat":[225,208,226,219],"product_tag":[320],"class_list":{"0":"post-19354","1":"product","2":"type-product","3":"status-publish","4":"has-post-thumbnail","6":"product_cat-bonbons","7":"product_cat-cbd-fr-ca","8":"product_cat-chocolats","9":"product_cat-comestibles","10":"product_tag-willo-fr-ca","12":"first","13":"instock","14":"shipping-taxable","15":"purchasable","16":"product-type-simple"},"acf":[],"_links":{"self":[{"href":"https:\/\/420now.co\/fr-ca\/wp-json\/wp\/v2\/product\/19354","targetHints":{"allow":["GET"]}}],"collection":[{"href":"https:\/\/420now.co\/fr-ca\/wp-json\/wp\/v2\/product"}],"about":[{"href":"https:\/\/420now.co\/fr-ca\/wp-json\/wp\/v2\/types\/product"}],"replies":[{"embeddable":true,"href":"https:\/\/420now.co\/fr-ca\/wp-json\/wp\/v2\/comments?post=19354"}],"wp:featuredmedia":[{"embeddable":true,"href":"https:\/\/420now.co\/fr-ca\/wp-json\/wp\/v2\/media\/17813"}],"wp:attachment":[{"href":"https:\/\/420now.co\/fr-ca\/wp-json\/wp\/v2\/media?parent=19354"}],"wp:term":[{"taxonomy":"product_brand","embeddable":true,"href":"https:\/\/420now.co\/fr-ca\/wp-json\/wp\/v2\/product_brand?post=19354"},{"taxonomy":"product_cat","embeddable":true,"href":"https:\/\/420now.co\/fr-ca\/wp-json\/wp\/v2\/product_cat?post=19354"},{"taxonomy":"product_tag","embeddable":true,"href":"https:\/\/420now.co\/fr-ca\/wp-json\/wp\/v2\/product_tag?post=19354"}],"curies":[{"name":"wp","href":"https:\/\/api.w.org\/{rel}","templated":true}]}}