{"id":19356,"date":"2025-01-15T13:47:01","date_gmt":"2025-01-15T18:47:01","guid":{"rendered":"https:\/\/420now.co\/product\/golden-monkey-fruity-adventure-1500mg\/"},"modified":"2025-04-11T09:55:23","modified_gmt":"2025-04-11T13:55:23","slug":"golden-monkey-fruity-adventure-1500mg","status":"publish","type":"product","link":"https:\/\/420now.co\/fr-ca\/product\/golden-monkey-fruity-adventure-1500mg\/","title":{"rendered":"Golden Monkey Fruity Adventure &#8211; 1500mg"},"content":{"rendered":"<p>Lib\u00e9rez l\u2019exp\u00e9rience ultime des gommes avec le nouveau Variety Pack de Golden Monkey Extractions, une collection all\u00e9chante de sept saveurs audacieuses et exotiques, chacune infus\u00e9e d\u2019un puissant 150 mg de THC par gomme. Con\u00e7u pour les aventuriers dans l\u2019\u00e2me, cet emballage offre 10 gommes par saveur, offrant un total de 1500 mg de THC dans chaque bo\u00eete, parfait pour ceux qui recherchent un voyage vraiment \u00e9lev\u00e9. <\/p>\n<p>Chaque bouch\u00e9e de cet assortiment luxueux est un billet pour le paradis des saveurs. Du piquant acidul\u00e9 de Blue Raspberry Burst \u00e0 l\u2019allure tropicale de Pink Goyava et \u00e0 la douceur nostalgique de Cherry Bombs, chaque gomme est fabriqu\u00e9e \u00e0 la main pour offrir un profil de saveur parfaitement \u00e9quilibr\u00e9.   <\/p>\n<p>Con\u00e7u par Golden Monkey Extractions, cet ensemble de vari\u00e9t\u00e9s n\u2019est pas seulement une question de saveur, mais aussi de puissance et de qualit\u00e9. Avec 150 mg de THC par gomme, chaque pi\u00e8ce promet une combinaison in\u00e9gal\u00e9e de go\u00fbt audacieux et de relaxation apaisante. Que vous vous d\u00e9tendiez apr\u00e8s une longue journ\u00e9e ou que vous am\u00e9lioriez votre week-end, c\u2019est le plaisir ultime pour les amateurs de saveurs et les connaisseurs de cannabis.  <\/p>\n<p>Le pack de vari\u00e9t\u00e9s de Golden Monkey Extractions est le m\u00e9lange parfait d\u2019aventure, de saveur et de puissance de THC de qualit\u00e9 sup\u00e9rieure. Faites-vous plaisir ou partagez l\u2019exp\u00e9rience avec des amis, car ce n\u2019est pas seulement une gomme, c\u2019est un voyage.  <\/p>\n<p>Id\u00e9al pour simplement profiter du THC ou pour traiter de multiples conditions, notamment l\u2019insomnie, l\u2019inflammation, la douleur, l\u2019anxi\u00e9t\u00e9, le stress, le manque d\u2019app\u00e9tit et la fatigue.<\/p>\n<p>Comme pour tous les produits comestibles, attendez 45 minutes pour que le THC fasse effet.<\/p>\n<p>Tenir hors de port\u00e9e des enfants.<\/p>\n<h2>\u00c0 propos des extraits de singe dor\u00e9<\/h2>\n<p>Golden Monkey Extracts est une marque qui se consacre aux produits comestibles et aux concentr\u00e9s de haute qualit\u00e9 &#8211; une qualit\u00e9 que vous remarquerez d\u00e8s votre premi\u00e8re bouch\u00e9e! Ils utilisent leur propre processus d\u2019extraction qui pr\u00e9serve les profils terp\u00e9niques d\u00e9licats qui ont permis \u00e0 cette entreprise canadienne de cannabis de devenir rapidement un chef de file dans l\u2019industrie. <\/p>\n<h2>Livraison des produits Golden Monkey Extracts dans la r\u00e9gion de Toronto<\/h2>\n<p>Si vous \u00eates dans la r\u00e9gion du Grand Toronto (RGT), vous pouvez obtenir les produits Golden Monkey Extracts en 2 heures* \u00e0 votre porte! Commandez avant 20 h et l\u2019un de nos chauffeurs vous livrera le jour m\u00eame, 2 heures gratuitement, lorsque vous commandez un minimum de 100,00 $ de l\u2019un des produits sur notre site Web.<\/p>\n<p>*Livraison en deux heures \u00e0 Toronto (Scarborough, North York, Etobicoke, DownTown, York \u2013 toutes les r\u00e9gions \u00e0 l\u2019int\u00e9rieur des fronti\u00e8res de la ville de Toronto), Richmond Hill, King, Aurora, Newmarket, Woodbridge, Vaughan et Markham.<\/p>\n<p>Nous exp\u00e9dions \u00e9galement partout au Canada et dans des r\u00e9gions \u00e9loign\u00e9es en dehors de notre zone de livraison gratuite habituelle.<\/p>\n","protected":false},"excerpt":{"rendered":"<p>Lib\u00e9rez l\u2019exp\u00e9rience ultime des gommes avec le nouveau Variety Pack de Golden Monkey Extractions, une collection all\u00e9chante de sept saveurs audacieuses et exotiques, chacune infus\u00e9e d\u2019un puissant 150 mg de THC par gomme. Con\u00e7u pour les aventuriers dans l\u2019\u00e2me, cet emballage offre 10 gommes par saveur, offrant un total de 1500 mg de THC dans chaque bo\u00eete, parfait pour ceux qui recherchent un voyage vraiment \u00e9lev\u00e9. <\/p>\n<p>Chaque bouch\u00e9e de cet assortiment luxueux est un billet pour le paradis des saveurs. Du piquant acidul\u00e9 de Blue Raspberry Burst \u00e0 l\u2019allure tropicale de Pink Goyava et \u00e0 la douceur nostalgique de Cherry Bombs, chaque gomme est fabriqu\u00e9e \u00e0 la main pour offrir un profil de saveur parfaitement \u00e9quilibr\u00e9.   <\/p>\n<p>Chaque paquet contient un total de 1500 mg de THC &#8211; 10 pi\u00e8ces de 150 mg chacune.  <\/p>\n<p>Id\u00e9al pour simplement profiter du THC ou pour traiter de multiples conditions, notamment l\u2019insomnie, l\u2019inflammation, la douleur, l\u2019anxi\u00e9t\u00e9, le stress, le manque d\u2019app\u00e9tit et la fatigue.<\/p>\n<p>Comme pour tous les produits comestibles, attendez 45 minutes pour que le THC fasse effet.<\/p>\n<p>Tenir hors de port\u00e9e des enfants.<\/p>\n","protected":false},"featured_media":17810,"comment_status":"closed","ping_status":"closed","template":"","meta":{"_acf_changed":false},"product_brand":[],"product_cat":[219,231],"product_tag":[287],"class_list":{"0":"post-19356","1":"product","2":"type-product","3":"status-publish","4":"has-post-thumbnail","6":"product_cat-comestibles","7":"product_cat-gummies-fr-ca","8":"product_tag-golden-monkey-fr-ca","10":"first","11":"instock","12":"shipping-taxable","13":"purchasable","14":"product-type-simple"},"acf":[],"_links":{"self":[{"href":"https:\/\/420now.co\/fr-ca\/wp-json\/wp\/v2\/product\/19356","targetHints":{"allow":["GET"]}}],"collection":[{"href":"https:\/\/420now.co\/fr-ca\/wp-json\/wp\/v2\/product"}],"about":[{"href":"https:\/\/420now.co\/fr-ca\/wp-json\/wp\/v2\/types\/product"}],"replies":[{"embeddable":true,"href":"https:\/\/420now.co\/fr-ca\/wp-json\/wp\/v2\/comments?post=19356"}],"wp:featuredmedia":[{"embeddable":true,"href":"https:\/\/420now.co\/fr-ca\/wp-json\/wp\/v2\/media\/17810"}],"wp:attachment":[{"href":"https:\/\/420now.co\/fr-ca\/wp-json\/wp\/v2\/media?parent=19356"}],"wp:term":[{"taxonomy":"product_brand","embeddable":true,"href":"https:\/\/420now.co\/fr-ca\/wp-json\/wp\/v2\/product_brand?post=19356"},{"taxonomy":"product_cat","embeddable":true,"href":"https:\/\/420now.co\/fr-ca\/wp-json\/wp\/v2\/product_cat?post=19356"},{"taxonomy":"product_tag","embeddable":true,"href":"https:\/\/420now.co\/fr-ca\/wp-json\/wp\/v2\/product_tag?post=19356"}],"curies":[{"name":"wp","href":"https:\/\/api.w.org\/{rel}","templated":true}]}}