{"id":19371,"date":"2025-01-10T16:28:08","date_gmt":"2025-01-10T21:28:08","guid":{"rendered":"https:\/\/420now.co\/product\/gas-gang-jaillit-en-eclats\/"},"modified":"2026-03-27T11:50:39","modified_gmt":"2026-03-27T15:50:39","slug":"gas-gang-jaillit-en-eclats","status":"publish","type":"product","link":"https:\/\/420now.co\/fr-ca\/product\/gas-gang-jaillit-en-eclats\/","title":{"rendered":"Gaz Gang Shatter 1 gramme (plusieurs souches disponibles)"},"content":{"rendered":"<h2>Gas Gang Shatter \u2013 Concentr\u00e9s premium livr\u00e9s rapidement<\/h2>\n<p>Gas Gang Shatter est un concentr\u00e9 de cannabis de haute qualit\u00e9 reconnu pour sa puissance, sa saveur et sa consistance. Disponible en plusieurs vari\u00e9t\u00e9s \u2014 y compris les Gushers et d\u2019autres options populaires \u2014 ce produit offre une exp\u00e9rience fiable pour ceux qui recherchent des effets puissants et \u00e0 action rapide. <\/p>\n<p>Si vous cherchez un Gas Gang Shatter \u00e0 Toronto, Richmond Hill, Markham, Aurora, Newmarket, Vaughan ou dans les environs, cette page donne acc\u00e8s \u00e0 toute la s\u00e9lection en un seul endroit.<\/p>\n<h2>Souche vedette \u2013 Gushers<\/h2>\n<p>Les Gushers sont l\u2019une des vari\u00e9t\u00e9s les plus populaires de la gamme Gas Gang Shatter. Reconnu pour ses effets et sa richesse en saveurs, il offre une exp\u00e9rience fluide qui allie relaxation et clart\u00e9 mentale. <\/p>\n<p>Cette vari\u00e9t\u00e9 demeure un choix de choix parmi les clients et demeure l\u2019une des options les plus demand\u00e9es.<\/p>\n<h2>Qu\u2019est-ce que Shatter?<\/h2>\n<p>Shatter est un concentr\u00e9 de cannabis reconnu pour son apparence translucide, semblable \u00e0 du verre. Il est cr\u00e9\u00e9 par un proc\u00e9d\u00e9 qui extrait des cannabino\u00efdes et des terp\u00e8nes, ce qui donne un produit tr\u00e8s puissant. <\/p>\n<p>Shatter est g\u00e9n\u00e9ralement utilis\u00e9 pour :<\/p>\n<ul>\n<li>Dabbing<\/li>\n<li>Vaporisation<\/li>\n<li>Rehausser la fleur<\/li>\n<\/ul>\n<p>En raison de sa puissance, il convient surtout aux utilisateurs ayant une certaine exp\u00e9rience avec des concentr\u00e9s de cannabis.<\/p>\n<h2>Vari\u00e9t\u00e9s disponibles<\/h2>\n<ul>\n<li>Gushers (hybride)<\/li>\n<li>AK-47 (Hybride)<\/li>\n<li>Amnesia Haze (Sativa)<\/li>\n<li>Biscuits animaux (Indica)<\/li>\n<li>Biscotti (hybride)<\/li>\n<li>Black Diamond (Indica)<\/li>\n<li>Chemdawg (hybride)<\/li>\n<li>\u00c9toile de la Mort (Indica)<\/li>\n<li>Do-Si-Dos (Indica)<\/li>\n<li>Brume du train fant\u00f4me (Sativa)<\/li>\n<li>Biscuits Girl Scout (Hybride)<\/li>\n<li>Biscuits OGM (Indica)<\/li>\n<li>God Bud (Indica)<\/li>\n<li>Grease Monkey (Indica)<\/li>\n<li>Jack Herer (Sativa)<\/li>\n<li>G\u00e2teau de lave (Indica)<\/li>\n<li>Mac 1 (Hybride)<\/li>\n<li>Mimosa (Sativa)<\/li>\n<li>Rockstar (Indica)<\/li>\n<li>Sherbert (hybride)<\/li>\n<li>Diesel acide (Sativa)<\/li>\n<li>Super Silver Haze (Sativa)<\/li>\n<\/ul>\n<p>\u2026 et plus encore.<\/p>\n<p>(La disponibilit\u00e9 des souches peut varier.)<\/p>\n<h2>Comment Shatter est-il utilis\u00e9?<\/h2>\n<p>Gushers Shatter est polyvalent et facile \u00e0 consommer, ce qui vous permet d\u2019adapter votre exp\u00e9rience \u00e0 votre m\u00e9thode pr\u00e9f\u00e9r\u00e9e :<\/p>\n<ul>\n<li><strong>Tamponnage :<\/strong> La fa\u00e7on la plus efficace de profiter du shatter. Faites chauffer une petite quantit\u00e9 sur un clou ou un banger, inhalez la vapeur et faites l\u2019exp\u00e9rience d\u2019un lifting et d\u2019une relaxation rapides. <\/li>\n<li><strong>Vaporisation :<\/strong> Utilisez un vaporisateur compatible avec les concentr\u00e9s pour profiter de la saveur fruit\u00e9e et des effets \u00e9nergisants de Gushers Shatter sans combustion.<\/li>\n<li><strong>Fumer :<\/strong> \u00c9miettez un petit morceau dans votre joint ou votre bol pour rehausser la saveur et l\u2019intensit\u00e9 pour une s\u00e9ance plus vibrante.<\/li>\n<\/ul>\n<p>Quelle que soit la m\u00e9thode, Gushers Shatter de Gas Gang offre des r\u00e9sultats constants et \u00e9difiants \u00e0 chaque utilisation.<\/p>\n<h2>Pourquoi choisir Gas Gang Shatter?<\/h2>\n<p>Gas Gang est c\u00e9l\u00e8bre pour produire des concentr\u00e9s de cannabis de haute qualit\u00e9 qui offrent une puissance et une saveur constantes. Leur \u00e9clat est fabriqu\u00e9 avec soin pour assurer la puret\u00e9 et les effets puissants. Comme l\u2019explique Gas Gang :  <\/p>\n<blockquote><p>\u00ab Une seule ingestion de Gas Gang Shatter fournit du THC et d\u2019autres cannabino\u00efdes \u00e9quivalents \u00e0 jusqu\u2019\u00e0 10 inhalations de cannabis m\u00e9dicinal. Pour faire simple, Gas Gang Shatter vous \u00e9pate le cerveau avec un high intense en un seul mouvement fluide.<\/p><\/blockquote>\n<p> \u00bbGushers Shatter tient cette promesse en offrant une exp\u00e9rience Sativa qui \u00e9nergise l\u2019esprit et d\u00e9tend le corps.<\/p>\n<ul>\n<li>Haute puissance pour des effets forts<\/li>\n<li>Texture propre et stable<\/li>\n<li>Large s\u00e9lection de d\u00e9formation<\/li>\n<li>Qualit\u00e9 constante<\/li>\n<li>Adapt\u00e9 au tamponnage et \u00e0 la vaporisation<\/li>\n<\/ul>\n<h2>Choisir la bonne vari\u00e9t\u00e9<\/h2>\n<p>Si vous n\u2019\u00eates pas s\u00fbr de la vari\u00e9t\u00e9 \u00e0 choisir :<\/p>\n<ul>\n<li>Indica : effets relaxants, ax\u00e9s sur le corps<\/li>\n<li>Sativa : effets \u00e9nergisants et stimulants<\/li>\n<li>Hybride : effets \u00e9quilibr\u00e9s<\/li>\n<\/ul>\n<p><em>  Les produits \u00e0 base de cannabis ne sont pas destin\u00e9s \u00e0 diagnostiquer, traiter, gu\u00e9rir ou pr\u00e9venir une maladie ou condition m\u00e9dicale. Consultez un professionnel de la sant\u00e9 avant utilisation. Pour les adultes \u00e2g\u00e9s de 19 ans ou plus seulement.<\/em><\/p>\n<p><em><strong>Tenir hors de la port\u00e9e des enfants.<\/strong><\/em><\/p>\n<p><em>Le cannabis peut nuire \u00e0 la concentration, \u00e0 la coordination et au jugement \u2013 ne conduisez pas de v\u00e9hicules ou de machines sous l\u2019influence de l\u2019alcool.<\/em><\/p>\n<p>&nbsp;<\/p>\n<h2>FAQ<\/h2>\n<p><strong>Quelle est la diff\u00e9rence entre shatter et comestibles?<\/strong><br \/>\nShatter est inhal\u00e9 pour des effets rapides, tandis que les comestibles sont consomm\u00e9s et mettent plus de temps \u00e0 s\u2019activer.<\/p>\n<p><strong>Est-ce que l\u2019\u00e9clatement est plus fort que la fleur?<\/strong><br \/>\nOui, le shatter est une forme concentr\u00e9e de cannabis et g\u00e9n\u00e9ralement beaucoup plus puissante.<\/p>\n<p><strong>Quelle vari\u00e9t\u00e9 devrais-je choisir?<\/strong><br \/>\nLes vari\u00e9t\u00e9s indica sont plus relaxantes, les sativa sont plus stimulantes, et les hybrides offrent un \u00e9quilibre.<\/p>\n<p><strong>Est-ce que c\u2019est la m\u00eame chose que les barres Shatter?<\/strong><br \/>\nNon! Bien que les barres shatter comestibles soient infus\u00e9es \u00e0 l\u2019huile shatter, elles ne sont pas identiques. Le shatter cru n\u2019est pas destin\u00e9 \u00e0 la consommation orale. Cependant, si vous cherchez une forme comestible, consultez nos <a href=\"https:\/\/420now.co\/fr-ca\/barres-de-brisage-euphoria-extractions-420now-livraison-de-weed\/\">barres Shatter<\/a>.   <\/p>\n<h2>Livraison d\u2019un Gas Gang Shatter dans la r\u00e9gion de Toronto<\/h2>\n<p>Si vous \u00eates dans la r\u00e9gion du Grand Toronto (RGT), vous pouvez obtenir Gas Gang Shatter en 2 heures* \u00e0 votre porte! Commandez avant 20 h et l\u2019un de nos chauffeurs vous livrera le jour m\u00eame, 2 heures gratuitement, lorsque vous commandez un minimum de 100,00 $ de l\u2019un des produits sur notre site Web.<\/p>\n<p>*Livraison en deux heures \u00e0 Toronto (Scarborough, North York, Etobicoke, DownTown, York \u2013 toutes les r\u00e9gions \u00e0 l\u2019int\u00e9rieur des fronti\u00e8res de la ville de Toronto), Richmond Hill, King, Aurora, Newmarket, Woodbridge, Vaughan et Markham.<\/p>\n<p>Nous exp\u00e9dions \u00e9galement partout au Canada et dans des r\u00e9gions \u00e9loign\u00e9es en dehors de notre zone de livraison gratuite habituelle.<\/p>\n","protected":false},"excerpt":{"rendered":"<p>Gas Gang Shatter est un concentr\u00e9 de cannabis haut de gamme disponible en 24 vari\u00e9t\u00e9s, incluant les Gushers et d\u2019autres options populaires. Reconnu pour sa puissance, sa texture propre et ses profils de terp\u00e8nes puissants, ce shatter est id\u00e9al pour les utilisateurs exp\u00e9riment\u00e9s. Livraison rapide disponible dans la r\u00e9gion de York, Toronto et les environs.  <\/p>\n","protected":false},"featured_media":17803,"comment_status":"open","ping_status":"closed","template":"","meta":{"_acf_changed":false},"product_brand":[],"product_cat":[216],"product_tag":[301],"class_list":{"0":"post-19371","1":"product","2":"type-product","3":"status-publish","4":"has-post-thumbnail","6":"product_cat-shatter-fr-ca","7":"product_tag-gas-gang-fr-ca","9":"first","10":"instock","11":"shipping-taxable","12":"purchasable","13":"product-type-variable"},"acf":[],"_links":{"self":[{"href":"https:\/\/420now.co\/fr-ca\/wp-json\/wp\/v2\/product\/19371","targetHints":{"allow":["GET"]}}],"collection":[{"href":"https:\/\/420now.co\/fr-ca\/wp-json\/wp\/v2\/product"}],"about":[{"href":"https:\/\/420now.co\/fr-ca\/wp-json\/wp\/v2\/types\/product"}],"replies":[{"embeddable":true,"href":"https:\/\/420now.co\/fr-ca\/wp-json\/wp\/v2\/comments?post=19371"}],"wp:featuredmedia":[{"embeddable":true,"href":"https:\/\/420now.co\/fr-ca\/wp-json\/wp\/v2\/media\/17803"}],"wp:attachment":[{"href":"https:\/\/420now.co\/fr-ca\/wp-json\/wp\/v2\/media?parent=19371"}],"wp:term":[{"taxonomy":"product_brand","embeddable":true,"href":"https:\/\/420now.co\/fr-ca\/wp-json\/wp\/v2\/product_brand?post=19371"},{"taxonomy":"product_cat","embeddable":true,"href":"https:\/\/420now.co\/fr-ca\/wp-json\/wp\/v2\/product_cat?post=19371"},{"taxonomy":"product_tag","embeddable":true,"href":"https:\/\/420now.co\/fr-ca\/wp-json\/wp\/v2\/product_tag?post=19371"}],"curies":[{"name":"wp","href":"https:\/\/api.w.org\/{rel}","templated":true}]}}