{"id":19384,"date":"2024-08-19T14:36:30","date_gmt":"2024-08-19T18:36:30","guid":{"rendered":"https:\/\/420now.co\/product\/shatter-indica-3000mg\/"},"modified":"2025-04-13T06:59:07","modified_gmt":"2025-04-13T10:59:07","slug":"shatter-indica-3000mg","status":"publish","type":"product","link":"https:\/\/420now.co\/fr-ca\/product\/shatter-indica-3000mg\/","title":{"rendered":"Shatter Chews Indica 3000mg"},"content":{"rendered":"<p>D\u00e9tendez-vous avec l\u2019\u00e9treinte apaisante de Shatter Chews, infus\u00e9e de 100 mg de THC Indica dans chaque pi\u00e8ce all\u00e9chante, parfaite pour une \u00e9vasion relaxante.  <\/p>\n<p>Avec 3000 mg de THC r\u00e9partis sur 30 go\u00fbts \u00e0 m\u00e2cher all\u00e9chants, cette g\u00e2terie savoureuse est votre billet pour la tranquillit\u00e9 et le bonheur.  <\/p>\n<p>Laissez le pouvoir apaisant de Indica vous guider vers une retraite paisible &#8211; les Shatter Chews sont le compagnon id\u00e9al pour votre d\u00e9tente ultime.<\/p>\n<h2>Euphoria Sativa Shatter Chews Ingr\u00e9dients<\/h2>\n<ul>\n<li>Sirop de sorbitol\n<li>Sirop de maltitol\n<li>G\u00e9latine\n<li>G\u00e9lifiant (gomme arabique)\n<li>Acide citrique\n<li>Vitamines\/min\u00e9raux (vitamine C, niacine, B6, B12, zinc, gluconate)\n<li>Ar\u00f4me\n<li>\u00c9dulcorants (sucralose, ac\u00e9sulfame K)\n<li>Extrait de Capsicum\n<li>Agent d\u2019enrobage (cire d\u2019abeille).\n<\/ul>\n<h2>Pr\u00e9cautions<\/h2>\n<p>Comme pour tous les produits comestibles, vous devez savoir que votre propre tol\u00e9rance peut \u00eatre diff\u00e9rente de celle de quelqu\u2019un d\u2019autre. Il y a diverses raisons \u00e0 cela qui ne se limitent pas \u00e0 l\u2019exp\u00e9rience. Dans cet esprit, il est pr\u00e9f\u00e9rable de commencer par une petite dose et d\u2019attendre au moins 20 minutes pour comprendre comment Shatter Chews peut vous affecter.    <\/p>\n<p>Tous les produits comestibles, y compris les produits \u00e0 m\u00e2cher \u00e0 m\u00e2cher Euphoria Extractions, doivent \u00eatre tenus hors de la port\u00e9e des enfants.  <\/p>\n<h2>Livraison de Shatter Chews dans la r\u00e9gion de Toronto<\/h2>\n<p>Si vous \u00eates dans la r\u00e9gion du Grand Toronto (RGT), vous pouvez vous procurer Euphoria Sativa Shatter Chews en 2 heures* \u00e0 votre porte! Commandez avant 20 h et l\u2019un de nos chauffeurs vous livrera le jour m\u00eame, 2 heures gratuitement, lorsque vous commandez un minimum de 100,00 $ de l\u2019un des produits sur notre site Web.<\/p>\n<p>*Livraison en deux heures \u00e0 Toronto (Scarborough, North York, Etobicoke, DownTown, York \u2013 toutes les r\u00e9gions \u00e0 l\u2019int\u00e9rieur des fronti\u00e8res de la ville de Toronto), Richmond Hill, King, Aurora, Newmarket, Woodbridge, Vaughan et Markham.<\/p>\n<p>Pour les r\u00e9gions p\u00e9riph\u00e9riques telles que Brampton, Caledon, Mississauga, Pickering, Ajax, Whitby, Oshawa, Clarington, Scugog, Uxbridge, East Gwillimbury, Georgina et Brock, nous visons deux heures, mais veuillez vous attendre \u00e0 la possibilit\u00e9 de 3 heures pour la livraison. Si votre adresse se trouve dans ces r\u00e9gions p\u00e9riph\u00e9riques, vous pouvez nous contacter pour conna\u00eetre les d\u00e9lais de livraison pr\u00e9vus ce jour-l\u00e0. <\/p>\n","protected":false},"excerpt":{"rendered":"<p>D\u00e9tendez-vous avec l\u2019\u00e9treinte apaisante de Shatter Chews, infus\u00e9e de 100 mg de THC Indica dans chaque pi\u00e8ce all\u00e9chante, parfaite pour une \u00e9vasion relaxante. <\/p>\n<p>Avec 3000 mg de THC r\u00e9partis sur 30 go\u00fbts \u00e0 m\u00e2cher all\u00e9chants, cette g\u00e2terie savoureuse est votre billet pour la tranquillit\u00e9 et le bonheur. <\/p>\n<p>Laissez le pouvoir apaisant de Indica vous guider vers une retraite paisible &#8211; les Shatter Chews sont le compagnon id\u00e9al pour votre d\u00e9tente ultime.<\/p>\n<p>Extraits \u00e0 spectre complet &#8211; et provenant uniquement de cannabis de la plus haute qualit\u00e9.<\/p>\n<p>Essayez-en un aujourd\u2019hui.<\/p>\n","protected":false},"featured_media":17752,"comment_status":"open","ping_status":"closed","template":"","meta":{"_acf_changed":false},"product_brand":[185,187],"product_cat":[225,231],"product_tag":[],"class_list":{"0":"post-19384","1":"product","2":"type-product","3":"status-publish","4":"has-post-thumbnail","6":"product_brand-euphoria-extractions","7":"product_brand-shatter-chews","8":"product_cat-bonbons","9":"product_cat-gummies-fr-ca","11":"first","12":"instock","13":"shipping-taxable","14":"purchasable","15":"product-type-simple"},"acf":[],"_links":{"self":[{"href":"https:\/\/420now.co\/fr-ca\/wp-json\/wp\/v2\/product\/19384","targetHints":{"allow":["GET"]}}],"collection":[{"href":"https:\/\/420now.co\/fr-ca\/wp-json\/wp\/v2\/product"}],"about":[{"href":"https:\/\/420now.co\/fr-ca\/wp-json\/wp\/v2\/types\/product"}],"replies":[{"embeddable":true,"href":"https:\/\/420now.co\/fr-ca\/wp-json\/wp\/v2\/comments?post=19384"}],"wp:featuredmedia":[{"embeddable":true,"href":"https:\/\/420now.co\/fr-ca\/wp-json\/wp\/v2\/media\/17752"}],"wp:attachment":[{"href":"https:\/\/420now.co\/fr-ca\/wp-json\/wp\/v2\/media?parent=19384"}],"wp:term":[{"taxonomy":"product_brand","embeddable":true,"href":"https:\/\/420now.co\/fr-ca\/wp-json\/wp\/v2\/product_brand?post=19384"},{"taxonomy":"product_cat","embeddable":true,"href":"https:\/\/420now.co\/fr-ca\/wp-json\/wp\/v2\/product_cat?post=19384"},{"taxonomy":"product_tag","embeddable":true,"href":"https:\/\/420now.co\/fr-ca\/wp-json\/wp\/v2\/product_tag?post=19384"}],"curies":[{"name":"wp","href":"https:\/\/api.w.org\/{rel}","templated":true}]}}