{"id":19385,"date":"2025-01-09T15:56:34","date_gmt":"2025-01-09T20:56:34","guid":{"rendered":"https:\/\/420now.co\/product\/distillat-de-thc-herb-angels-2400-mg\/"},"modified":"2026-02-08T14:23:55","modified_gmt":"2026-02-08T19:23:55","slug":"distillat-de-thc-herb-angels-2400-mg","status":"publish","type":"product","link":"https:\/\/420now.co\/fr-ca\/product\/distillat-de-thc-herb-angels-2400-mg\/","title":{"rendered":"Herb Angels Distillat de THC 2400 mg"},"content":{"rendered":"<p>Les teintures de cannabis de qualit\u00e9 sup\u00e9rieure offrent un moyen rapide d\u2019int\u00e9grer les bienfaits curatifs du cannabis pur dans votre vie quotidienne.<\/p>\n<p>Les teintures de cannabis de qualit\u00e9 sup\u00e9rieure offrent un moyen rapide d\u2019int\u00e9grer les bienfaits curatifs du cannabis pur dans votre vie quotidienne.<\/p>\n<p>D\u00e9couvrez un nouveau niveau de relaxation avec cette teinture non aromatis\u00e9e, parfaite pour att\u00e9nuer les effets stimulants du THC \u00e0 votre rythme. Rehaussez votre routine nocturne et adoptez une attitude plus joyeuse. <\/p>\n<p><strong>AVANTAGES<\/strong><\/p>\n<ul>\n<li>Faites l\u2019exp\u00e9rience d\u2019une euphorie accrue gr\u00e2ce aux produits comestibles\n<li>La formule sans saveur se marie parfaitement avec les aliments ou les boissons chaudes\n<li>\u00c0 d\u00e9guster comme option hypocalorique lorsqu\u2019elle est consomm\u00e9e par voie sublinguale\n<li>Apaiser l\u2019anxi\u00e9t\u00e9 et retrouver le calme\n<li>Soutenir le soulagement de la douleur et de l\u2019inflammation\n<li>Favoriser un sommeil plus profond et plus r\u00e9parateur\n<\/ul>\n<p>Flacon de 30 ml.<br \/>\n2400 mg de THC : 80 mg\/ml<\/p>\n<p><strong>UTILISATION<\/strong><\/p>\n<p>R\u00e9f\u00e9rez-vous au tableau des doses recommand\u00e9es de THC ci-dessous. Appliquez la dose d\u00e9sir\u00e9e sous la langue et laissez-la reposer pendant 10 secondes avant d\u2019avaler. Vous pouvez \u00e9galement essayer de m\u00e9langer directement \u00e0 une boisson de votre choix.<br \/>\n<strong><br \/>\nINGR\u00c9DIENTS CL\u00c9S<\/strong><\/p>\n<ul>\n<li>Extrait de distillat de THC : un extrait de THC hautement concentr\u00e9 qui r\u00e9duit la douleur et l\u2019anxi\u00e9t\u00e9.\n<li>Huile MCT de noix de coco : un acide gras stimulant pour le cerveau et le corps.<br \/>\n<\/UL><\/p>\n<p><strong>MODE D\u2019EMPLOI\/UTILISATION SUGG\u00c9R\u00c9E<\/strong><\/p>\n<p>Shake avant utilisation. Mesurer la dose recommand\u00e9e \u00e0 l\u2019aide du compte-gouttes et des directives posologiques incluses. Pour des r\u00e9sultats rapides, consommez les teintures par voie sublinguale. R\u00e9p\u00e9tez au besoin, en tenant compte de l\u2019heure d\u2019apparition.   <\/p>\n<p><strong>Posologie recommand\u00e9e :<\/strong> 1 \u00e0 3 gouttes pour commencer. Augmentez graduellement la dose chaque semaine, au fur et \u00e0 mesure que la tol\u00e9rance augmente. Prendre au besoin.  <\/p>\n<p>Faible dose\/Effet l\u00e9ger : &lt;10 mg de THC<br \/>\nDose moyenne\/Effet fort : 10-30 mg de THC<br \/>\nDose \u00e9lev\u00e9e\/Effet tr\u00e8s fort : 30+mg de THC<\/p>\n<h2>\u00c0 propos de Herb Angels<\/h2>\n<p>Herb Angels est une entreprise canadienne qui se consacre \u00e0 la recherche des bienfaits sains du cannabis et des produits du cannabis, et \u00e0 les rendre accessibles \u00e0 d\u2019autres. Leurs produits sont test\u00e9s en laboratoire et sont fabriqu\u00e9s avec pr\u00e9cision pour assurer leur puret\u00e9, sans solvants, cires et lipides ind\u00e9sirables. Elle s\u2019est impos\u00e9e au Canada comme une entreprise de cannabis de confiance qui d\u00e9fend \u00e9galement les utilisations saines de cette plante \u00e9tonnante. Les Herb Angels ont un fort accent sur la communaut\u00e9 et peuvent \u00eatre trouv\u00e9s lors de nombreux \u00e9v\u00e9nements.   <\/p>\n<p>Tout le monde a besoin d\u2019un Angel \u00e0 ses c\u00f4t\u00e9s \u2013 et si vous cherchez \u00e0 faire confiance \u00e0 une marque de cannabis, faites-en des Herb Angels!<\/p>\n<h2>Teintures de distillat de THC Herb Angels \u2013 Livraison gratuite dans la r\u00e9gion du Grand Toronto<\/h2>\n<p>Si vous \u00eates dans la r\u00e9gion du Grand Toronto (RGT), vous pouvez obtenir des teintures de THC Herb Angels en 2 heures* \u00e0 votre porte! Commandez avant 20 h et l\u2019un de nos chauffeurs vous livrera le jour m\u00eame, 2 heures gratuitement, lorsque vous commandez un minimum de 100,00 $ de l\u2019un des produits sur notre site Web.<\/p>\n<p>*Livraison en deux heures \u00e0 Toronto (Scarborough, North York, Etobicoke, DownTown, York \u2013 toutes les r\u00e9gions \u00e0 l\u2019int\u00e9rieur des fronti\u00e8res de la ville de Toronto), Richmond Hill, King, Aurora, Newmarket, Woodbridge, Vaughan et Markham.<\/p>\n","protected":false},"excerpt":{"rendered":"<p>Les teintures de cannabis de qualit\u00e9 sup\u00e9rieure offrent un moyen rapide d\u2019int\u00e9grer les bienfaits curatifs du cannabis pur dans votre vie quotidienne.<\/p>\n<p>D\u00e9couvrez un nouveau niveau de relaxation avec cette teinture non aromatis\u00e9e, parfaite pour att\u00e9nuer les effets stimulants du THC \u00e0 votre rythme. Rehaussez votre routine nocturne et adoptez une attitude plus joyeuse. <\/p>\n<p><strong>AVANTAGES<\/strong><\/p>\n<ul>\n<li>Faites l\u2019exp\u00e9rience d\u2019une euphorie accrue gr\u00e2ce aux produits comestibles\n<li>La formule sans saveur se marie parfaitement avec les aliments ou les boissons chaudes\n<li>\u00c0 d\u00e9guster comme option hypocalorique lorsqu\u2019elle est consomm\u00e9e par voie sublinguale\n<li>Apaiser l\u2019anxi\u00e9t\u00e9 et retrouver le calme\n<li>Soutenir le soulagement de la douleur et de l\u2019inflammation\n<li>Favoriser un sommeil plus profond et plus r\u00e9parateur\n<\/ul>\n<p>Flacon de 30 ml.<br \/>\n2400 mg de THC : 80 mg\/ml<\/p>\n","protected":false},"featured_media":17784,"comment_status":"open","ping_status":"closed","template":"","meta":{"_acf_changed":false},"product_brand":[363],"product_cat":[269],"product_tag":[],"class_list":{"0":"post-19385","1":"product","2":"type-product","3":"status-publish","4":"has-post-thumbnail","6":"product_brand-herb-angels","7":"product_cat-teintures","9":"first","10":"instock","11":"shipping-taxable","12":"purchasable","13":"product-type-simple"},"acf":[],"_links":{"self":[{"href":"https:\/\/420now.co\/fr-ca\/wp-json\/wp\/v2\/product\/19385","targetHints":{"allow":["GET"]}}],"collection":[{"href":"https:\/\/420now.co\/fr-ca\/wp-json\/wp\/v2\/product"}],"about":[{"href":"https:\/\/420now.co\/fr-ca\/wp-json\/wp\/v2\/types\/product"}],"replies":[{"embeddable":true,"href":"https:\/\/420now.co\/fr-ca\/wp-json\/wp\/v2\/comments?post=19385"}],"wp:featuredmedia":[{"embeddable":true,"href":"https:\/\/420now.co\/fr-ca\/wp-json\/wp\/v2\/media\/17784"}],"wp:attachment":[{"href":"https:\/\/420now.co\/fr-ca\/wp-json\/wp\/v2\/media?parent=19385"}],"wp:term":[{"taxonomy":"product_brand","embeddable":true,"href":"https:\/\/420now.co\/fr-ca\/wp-json\/wp\/v2\/product_brand?post=19385"},{"taxonomy":"product_cat","embeddable":true,"href":"https:\/\/420now.co\/fr-ca\/wp-json\/wp\/v2\/product_cat?post=19385"},{"taxonomy":"product_tag","embeddable":true,"href":"https:\/\/420now.co\/fr-ca\/wp-json\/wp\/v2\/product_tag?post=19385"}],"curies":[{"name":"wp","href":"https:\/\/api.w.org\/{rel}","templated":true}]}}