{"id":19390,"date":"2024-09-08T10:36:30","date_gmt":"2024-09-08T14:36:30","guid":{"rendered":"https:\/\/420now.co\/product\/faded-cannabis-co-huile-de-cerise-phoenix-tears-1-gram\/"},"modified":"2025-10-09T11:45:26","modified_gmt":"2025-10-09T15:45:26","slug":"faded-cannabis-co-huile-de-cerise-phoenix-tears-1-gram","status":"publish","type":"product","link":"https:\/\/420now.co\/fr-ca\/product\/faded-cannabis-co-huile-de-cerise-phoenix-tears-1-gram\/","title":{"rendered":"Faded Cannabis Co. &#8211; Huile de cerise Phoenix Tears 1 Gram"},"content":{"rendered":"<p>Les larmes Cannabis Phoenix d\u00e9lav\u00e9es proviennent d\u2019un groupe s\u00e9lectionn\u00e9 de vari\u00e9t\u00e9s Kush riches en CBD. De l\u2019\u00e9thanol biologique \u00e0 99% pur est utilis\u00e9 pour extraire et hiverner l\u2019huile, cr\u00e9ant un produit m\u00e9dical plus fort et plus propre. L\u2019infusion offre les bienfaits d\u2019une huile de cannabis naturelle, lisse et multi-b\u00e9n\u00e9fique. Le produit est d\u00e9carboxyl\u00e9 \u00e0 100% pour faciliter l\u2019absorption orale. Aucun chauffage suppl\u00e9mentaire n\u2019est requis. Cette formule favorise la gu\u00e9rison globale du corps et est utilis\u00e9e pour une grande vari\u00e9t\u00e9 de maux.     <\/p>\n<p>Propre, pur et compl\u00e8tement intact \u2013 exactement comme votre m\u00e9dicament devrait \u00eatre. En mati\u00e8re de gu\u00e9rison naturelle, les larmes de ph\u00e9nix au cannabis d\u00e9lav\u00e9 RSO sont une excellente solution. Chaque paquet contient 1 gramme contenant entre 60 et 70% de THC et d\u2019autres cannabino\u00efdes riches en analg\u00e9siques. Les larmes \u00e0 spectre complet de l\u2019huile Rick Simpson sont formul\u00e9es pour aider les patients \u00e0 g\u00e9rer la douleur, les troubles nerveux, l\u2019insomnie, les migraines, le SJSR, les naus\u00e9es, le SII, la maladie de Crohn et bien d\u2019autres affections.   <\/p>\n<p>50 \u00e0 60% de THC<\/p>\n<h2>Faded Cannabis Co. &#8211; Bienfaits pour la sant\u00e9 de Ph\u00e9nix<\/h2>\n<p>Les larmes de Ph\u00e9nix ont \u00e9t\u00e9 utilis\u00e9es pour aider \u00e0 traiter et \u00e0 soigner diverses affections, notamment :<\/p>\n<ul>\n<li>Douleur<\/li>\n<li>Naus\u00e9es<\/li>\n<li>Inflammation<\/li>\n<li>Manque d\u2019app\u00e9tit<\/li>\n<li>Insomnie<\/li>\n<li>Hypertension art\u00e9rielle<\/li>\n<li>Arthrite<\/li>\n<li>Infections<\/li>\n<li>Scl\u00e9rose en plaques<\/li>\n<li>Asthme<\/li>\n<\/ul>\n<p>Certains ont affirm\u00e9 constater une am\u00e9lioration de probl\u00e8mes de peau tels que l\u2019ecz\u00e9ma et l\u2019acn\u00e9 en utilisant les produits Faded Cannabis Co.<\/p>\n<p>Il existe aussi certaines preuves que le RSO (huile Rick Simpson) pourrait aider dans le traitement du cancer, mais peu de recherches ont \u00e9t\u00e9 men\u00e9es pour faire des affirmations d\u00e9finitives.<\/p>\n<h2>En savoir plus sur Rick Simpson Oil (RSO<\/h2>\n<p>Rick Simpson est un Canadien qui a commenc\u00e9 des exp\u00e9riences m\u00e9dicales s\u00e9rieuses avec le cannabis \u00e0 la fin des ann\u00e9es 1990 apr\u00e8s avoir subi un accident alors qu\u2019il d\u00e9pla\u00e7ait de l\u2019amiante. Les vapeurs toxiques lui ont caus\u00e9 des acouph\u00e8nes (bourdonnements dans les oreilles) ainsi que des \u00e9tourdissements chroniques. Apr\u00e8s avoir exp\u00e9riment\u00e9 le cannabis, il a constat\u00e9 qu\u2019en peu de temps, il \u00e9tait capable de g\u00e9rer ses sympt\u00f4mes.  <\/p>\n<p>En avan\u00e7ant jusqu\u2019en 2002, Simpson a re\u00e7u un diagnostic de cancer de la peau. Il a approfondi ses recherches sur le cannabis et a formul\u00e9 une huile \u00e0 forte teneur en THC qu\u2019il a appliqu\u00e9e sur sa peau, et il a d\u00e9couvert que le cancer de la peau \u00e9tait compl\u00e8tement gu\u00e9ri en moins d\u2019une semaine. <\/p>\n<p>Il est prouv\u00e9 que le THC (mais pas le CBD) peut aider \u00e0 tuer les cellules canc\u00e9reuses (y compris le cancer du poumon) chez la souris (lisez l\u2019article dans <a href=\"https:\/\/pubmed.ncbi.nlm.nih.gov\/1159836\/\" target=\"_blank\" rel=\"noopener\"><em>The Journal of the National Cancer Institute<\/em> ici<\/a>).<\/p>\n<h2>Comment utiliser Faded Cannabis Co. &#8211; Phoenix Tears RSO <\/h2>\n<p>Beaucoup recommandent que les larmes de ph\u00e9nix soient mieux prises avec de la nourriture, tandis que d\u2019autres affirment que la puissance est augment\u00e9e lorsqu\u2019elles sont prises \u00e0 jeun. Cependant, vous devez savoir qu\u2019\u00e0 jeun, vous pouvez ressentir des effets n\u00e9gatifs et vouloir manger un morceau. <\/p>\n<p>L\u2019une des meilleures fa\u00e7ons est de prendre une quantit\u00e9 de grain de riz sous la langue (sublinguale) et de permettre \u00e0 la \u00ab d\u00e9chirure \u00bb d\u2019\u00eatre absorb\u00e9e par votre syst\u00e8me directement par les minuscules vaisseaux sanguins qui existent sous la langue.<\/p>\n<p>Vous devriez pr\u00e9voir 90 minutes pour que les effets se fassent sentir &#8211; faites attention \u00e0 ne pas redoser trop rapidement! C\u2019est une substance puissante. <\/p>\n<p>Avec une dose de 10 mg, vous pourriez ressentir de l\u2019euphorie et il est toujours bon de r\u00e9fl\u00e9chir \u00e0 ce que vous ferez dans les quelques heures suivant la consommation de Phoenix Tears. Il n\u2019est pas recommand\u00e9 de conduire des v\u00e9hicules, d\u2019utiliser des machines ou d\u2019autres t\u00e2ches qui pourraient n\u00e9cessiter toute votre intelligence et votre vigilance. <\/p>\n<p>Selon votre tol\u00e9rance au THC, vous pouvez ressentir des effets n\u00e9gatifs \u00e0 forte dose, notamment :<\/p>\n<ul>\n<li>Parano\u00efa<\/li>\n<li>Anxi\u00e9t\u00e9<\/li>\n<li>Attaques de panique<\/li>\n<li>D\u00e9sorientation<\/li>\n<\/ul>\n<p>avant de vous d\u00e9barrasser des effets de la dose.<\/p>\n<h2>Livraison de Phoenix Tears dans la r\u00e9gion de Toronto<\/h2>\n<p>Si vous \u00eates dans la r\u00e9gion du Grand Toronto (RGT), vous pouvez vous procurer l\u2019huile de cerise Phoenix Tears dans les 2 heures* \u00e0 votre porte! Commandez avant 20 h et l\u2019un de nos chauffeurs vous livrera le jour m\u00eame, 2 heures gratuitement, lorsque vous commandez un minimum de 100,00 $ de l\u2019un des produits sur notre site Web.<\/p>\n<p>*Livraison en deux heures \u00e0 Toronto (Scarborough, North York, Etobicoke, DownTown, York \u2013 toutes les r\u00e9gions \u00e0 l\u2019int\u00e9rieur des fronti\u00e8res de la ville de Toronto), Richmond Hill, King, Aurora, Newmarket, Woodbridge, Vaughan et Markham.<\/p>\n<p>Exp\u00e9dition de Postes Canada dans le reste du Canada.<\/p>\n","protected":false},"excerpt":{"rendered":"<p>Les larmes de ph\u00e9nix proviennent d\u2019un groupe s\u00e9lectionn\u00e9 de vari\u00e9t\u00e9s de Kush riches en CBD. De l\u2019\u00e9thanol biologique \u00e0 99% pur est utilis\u00e9 pour extraire et hiverner l\u2019huile, cr\u00e9ant un produit m\u00e9dical plus fort et plus propre. L\u2019infusion offre les bienfaits d\u2019une huile de cannabis naturelle, lisse et multi-b\u00e9n\u00e9fique. Le produit est d\u00e9carboxyl\u00e9 \u00e0 100% pour faciliter l\u2019absorption orale. Aucun chauffage suppl\u00e9mentaire n\u2019est requis. Cette formule favorise la gu\u00e9rison globale du corps et est utilis\u00e9e pour une grande vari\u00e9t\u00e9 de maux.     <\/p>\n<p>Propre, pur et compl\u00e8tement intact \u2013 exactement comme votre m\u00e9dicament devrait \u00eatre. En mati\u00e8re de gu\u00e9rison naturelle, Faded Cannabis Honey Oil Phoenix Tears est une excellente solution. Chaque paquet contient 1 gramme contenant entre 50 et 60% de THC et d\u2019autres cannabino\u00efdes riches en propri\u00e9t\u00e9s antidouleur. Les larmes \u00e0 spectre complet de l\u2019huile Rick Simpson sont formul\u00e9es pour aider les patients \u00e0 g\u00e9rer la douleur, les troubles nerveux, l\u2019insomnie, les migraines, le SJSR, les naus\u00e9es, le SII, la maladie de Crohn et bien d\u2019autres affections.   <\/p>\n<p>50 \u00e0 60% de THC<\/p>\n","protected":false},"featured_media":17755,"comment_status":"open","ping_status":"closed","template":"","meta":{"_acf_changed":false},"product_brand":[],"product_cat":[212],"product_tag":[299,309],"class_list":{"0":"post-19390","1":"product","2":"type-product","3":"status-publish","4":"has-post-thumbnail","6":"product_cat-seringues-a-distillat","7":"product_tag-faded-phoenix-tears-fr-ca","8":"product_tag-phoenix-tears-fr-ca","10":"first","11":"instock","12":"shipping-taxable","13":"purchasable","14":"product-type-simple"},"acf":[],"_links":{"self":[{"href":"https:\/\/420now.co\/fr-ca\/wp-json\/wp\/v2\/product\/19390","targetHints":{"allow":["GET"]}}],"collection":[{"href":"https:\/\/420now.co\/fr-ca\/wp-json\/wp\/v2\/product"}],"about":[{"href":"https:\/\/420now.co\/fr-ca\/wp-json\/wp\/v2\/types\/product"}],"replies":[{"embeddable":true,"href":"https:\/\/420now.co\/fr-ca\/wp-json\/wp\/v2\/comments?post=19390"}],"wp:featuredmedia":[{"embeddable":true,"href":"https:\/\/420now.co\/fr-ca\/wp-json\/wp\/v2\/media\/17755"}],"wp:attachment":[{"href":"https:\/\/420now.co\/fr-ca\/wp-json\/wp\/v2\/media?parent=19390"}],"wp:term":[{"taxonomy":"product_brand","embeddable":true,"href":"https:\/\/420now.co\/fr-ca\/wp-json\/wp\/v2\/product_brand?post=19390"},{"taxonomy":"product_cat","embeddable":true,"href":"https:\/\/420now.co\/fr-ca\/wp-json\/wp\/v2\/product_cat?post=19390"},{"taxonomy":"product_tag","embeddable":true,"href":"https:\/\/420now.co\/fr-ca\/wp-json\/wp\/v2\/product_tag?post=19390"}],"curies":[{"name":"wp","href":"https:\/\/api.w.org\/{rel}","templated":true}]}}