{"id":19394,"date":"2024-05-15T07:27:15","date_gmt":"2024-05-15T11:27:15","guid":{"rendered":"https:\/\/420now.co\/product\/twisted-extracts-cherry-blast-sour-twisted-singles-1200mg-thc-sativa\/"},"modified":"2026-04-06T21:56:13","modified_gmt":"2026-04-07T01:56:13","slug":"twisted-extracts-cherry-blast-sour-twisted-singles-1200mg-thc-sativa","status":"publish","type":"product","link":"https:\/\/420now.co\/fr-ca\/product\/twisted-extracts-cherry-blast-sour-twisted-singles-1200mg-thc-sativa\/","title":{"rendered":"Twisted Extracts Cherry Blast Sour Twisted Singles 1200mg THC Sativa"},"content":{"rendered":"<p>Enflammez vos sens avec nos gommes acides \u00e0 base de Sativa dans la saveur vibrante de Cherry Blast. Chaque gomme contient 100 mg de THC, offrant un effet revigorant et stimulant qui stimule la cr\u00e9ativit\u00e9 et l\u2019\u00e9nergie. Le go\u00fbt audacieux de la cerise, combin\u00e9 \u00e0 un punch acidul\u00e9 acidul\u00e9, cr\u00e9e un r\u00e9gal all\u00e9chant qui r\u00e9veille vos papilles.  <\/p>\n<p>Rehaussez votre journ\u00e9e avec ces d\u00e9licieuses gommes, parfaites pour susciter l\u2019inspiration et am\u00e9liorer votre humeur.<\/p>\n<p>L\u2019emballage contient 12 doses de 100 mg.<\/p>\n<p>Puissance extr\u00eame.<\/p>\n<p>Fabriqu\u00e9 au Canada. Approuv\u00e9 par Sant\u00e9 Canada Test\u00e9 en laboratoire. <\/p>\n<h2>Pourquoi faire confiance \u00e0 Twisted Extracts?<\/h2>\n<p>Nous faisons confiance \u00e0 Twisted Extracts pour produire des produits de haute qualit\u00e9, sinon nous ne les stockerions pas et ne les vendrions pas. Donc, vous pouvez aussi faire confiance \u00e0 cette marque. D\u2019une part, ils existent depuis presque dix ans et ont \u00e9t\u00e9 un leader canadien dans le domaine des comestibles au cannabis. Des milliers et des milliers de personnes ont appr\u00e9ci\u00e9 les produits Twisted Extracts, y compris leurs nouvelles gommes aux fruits Twisted Singles \u00e0 forte dose. Le mod\u00e8le d\u2019affaires de Twisted Extracts inclut beaucoup de plaidoyer pour vous \u2013 et votre utilisation des produits \u00e0 base de cannabis \u00e0 des fins r\u00e9cr\u00e9atives et m\u00e9dicales.<\/p>\n<p>Tous leurs produits sont test\u00e9s en laboratoire dans un laboratoire d\u2019analyse approuv\u00e9 par Sant\u00e9 Canada.<\/p>\n<h2>Qu\u2019est-ce que Twisted Extracts High Dose Sour Twisted Sativa peut aider?<\/h2>\n<p>Avec 100 mg par dose, vous obtenez un excellent m\u00e9dicament pour une vari\u00e9t\u00e9 de maladies, notamment pour :<\/p>\n<ul>\n<li>D\u00e9pression<\/li>\n<li>Anxi\u00e9t\u00e9<\/li>\n<li>R\u00e9duction du stress<\/li>\n<li>Inflammation<\/li>\n<li>Douleur chronique et aigu\u00eb<\/li>\n<li>Am\u00e9liorer l\u2019humeur<\/li>\n<li>Am\u00e9liorer la concentration<\/li>\n<\/ul>\n<h2>Livraison gratuite de produits Twisted Extracts dans la r\u00e9gion du Grand Toronto (RGT)<\/h2>\n<p>Si vous \u00eates dans la r\u00e9gion du Grand Toronto (RGT), vous pouvez obtenir les produits Twisted Extracts dans les 2 heures* \u00e0 votre porte! Commandez avant 20 h et l\u2019un de nos chauffeurs vous livrera le jour m\u00eame, 2 heures gratuitement, lorsque vous commandez un minimum de 100,00 $ de l\u2019un des produits sur notre site Web.<\/p>\n<p>*Livraison en deux heures \u00e0 Toronto (Scarborough, North York, Etobicoke, DownTown, York \u2013 toutes les r\u00e9gions \u00e0 l\u2019int\u00e9rieur des fronti\u00e8res de la ville de Toronto), Richmond Hill, King, Aurora, Newmarket, Woodbridge, Vaughan et Markham.<\/p>\n<p>Nous exp\u00e9dions \u00e9galement partout au Canada et dans des r\u00e9gions \u00e9loign\u00e9es en dehors de notre zone de livraison gratuite habituelle.<\/p>\n","protected":false},"excerpt":{"rendered":"<p>Enflammez vos sens avec nos gommes acides \u00e0 base de Sativa dans la saveur vibrante de Cherry Blast. Chaque gomme contient 100 mg de THC, offrant un effet revigorant et stimulant qui stimule la cr\u00e9ativit\u00e9 et l\u2019\u00e9nergie. Le go\u00fbt audacieux de la cerise, combin\u00e9 \u00e0 un punch acidul\u00e9 acidul\u00e9, cr\u00e9e un r\u00e9gal all\u00e9chant qui r\u00e9veille vos papilles.  <\/p>\n<p>Rehaussez votre journ\u00e9e avec ces d\u00e9licieuses gommes, parfaites pour susciter l\u2019inspiration et am\u00e9liorer votre humeur.<\/p>\n<p>L\u2019emballage contient 12 doses de 100 mg.<\/p>\n<p>Puissance extr\u00eame. Ne s\u2019adresse pas aux nouveaux consommateurs de cannabis ou aux consommateurs inexp\u00e9riment\u00e9s. Recommand\u00e9 pour une utilisation \u00e0 tout moment de la journ\u00e9e.  <\/p>\n<p>Fabriqu\u00e9 au Canada. Approuv\u00e9 par Sant\u00e9 Canada Test\u00e9 en laboratoire. <\/p>\n","protected":false},"featured_media":17724,"comment_status":"open","ping_status":"closed","template":"","meta":{"_acf_changed":false},"product_brand":[],"product_cat":[219,231],"product_tag":[290,318],"class_list":{"0":"post-19394","1":"product","2":"type-product","3":"status-publish","4":"has-post-thumbnail","6":"product_cat-comestibles","7":"product_cat-gummies-fr-ca","8":"product_tag-sativa-fr-ca","9":"product_tag-twisted-fr-ca","11":"first","12":"instock","13":"shipping-taxable","14":"purchasable","15":"product-type-simple"},"acf":[],"_links":{"self":[{"href":"https:\/\/420now.co\/fr-ca\/wp-json\/wp\/v2\/product\/19394","targetHints":{"allow":["GET"]}}],"collection":[{"href":"https:\/\/420now.co\/fr-ca\/wp-json\/wp\/v2\/product"}],"about":[{"href":"https:\/\/420now.co\/fr-ca\/wp-json\/wp\/v2\/types\/product"}],"replies":[{"embeddable":true,"href":"https:\/\/420now.co\/fr-ca\/wp-json\/wp\/v2\/comments?post=19394"}],"wp:featuredmedia":[{"embeddable":true,"href":"https:\/\/420now.co\/fr-ca\/wp-json\/wp\/v2\/media\/17724"}],"wp:attachment":[{"href":"https:\/\/420now.co\/fr-ca\/wp-json\/wp\/v2\/media?parent=19394"}],"wp:term":[{"taxonomy":"product_brand","embeddable":true,"href":"https:\/\/420now.co\/fr-ca\/wp-json\/wp\/v2\/product_brand?post=19394"},{"taxonomy":"product_cat","embeddable":true,"href":"https:\/\/420now.co\/fr-ca\/wp-json\/wp\/v2\/product_cat?post=19394"},{"taxonomy":"product_tag","embeddable":true,"href":"https:\/\/420now.co\/fr-ca\/wp-json\/wp\/v2\/product_tag?post=19394"}],"curies":[{"name":"wp","href":"https:\/\/api.w.org\/{rel}","templated":true}]}}