{"id":19399,"date":"2024-03-10T12:50:32","date_gmt":"2024-03-10T16:50:32","guid":{"rendered":"https:\/\/420now.co\/product\/popeyes-moonrocket-xl-15-gram\/"},"modified":"2026-03-11T20:14:09","modified_gmt":"2026-03-12T00:14:09","slug":"popeyes-moonrocket-xl-15-gram","status":"publish","type":"product","link":"https:\/\/420now.co\/fr-ca\/product\/popeyes-moonrocket-xl-15-gram\/","title":{"rendered":"Popeyes Moonrocket XL 1,5 Gram"},"content":{"rendered":"<p>Le blunt sans tabac de haute qualit\u00e9 fait \u00e0 la main contient des fleurs de qualit\u00e9 sup\u00e9rieure, infus\u00e9es de diamants liquides et roul\u00e9es dans une g\u00e9n\u00e9reuse quantit\u00e9 de kief.<\/p>\n","protected":false},"excerpt":{"rendered":"<p>Le blunt sans tabac de haute qualit\u00e9 fait \u00e0 la main contient des fleurs de qualit\u00e9 sup\u00e9rieure, infus\u00e9es de diamants liquides et roul\u00e9es dans une g\u00e9n\u00e9reuse quantit\u00e9 de kief.<\/p>\n","protected":false},"featured_media":17713,"comment_status":"open","ping_status":"closed","template":"","meta":{"_acf_changed":false},"product_brand":[181],"product_cat":[254],"product_tag":[],"class_list":{"0":"post-19399","1":"product","2":"type-product","3":"status-publish","4":"has-post-thumbnail","6":"product_brand-popeyes-extractions","7":"product_cat-moon-rockets-fr-ca","9":"first","10":"instock","11":"shipping-taxable","12":"purchasable","13":"product-type-simple"},"acf":[],"_links":{"self":[{"href":"https:\/\/420now.co\/fr-ca\/wp-json\/wp\/v2\/product\/19399","targetHints":{"allow":["GET"]}}],"collection":[{"href":"https:\/\/420now.co\/fr-ca\/wp-json\/wp\/v2\/product"}],"about":[{"href":"https:\/\/420now.co\/fr-ca\/wp-json\/wp\/v2\/types\/product"}],"replies":[{"embeddable":true,"href":"https:\/\/420now.co\/fr-ca\/wp-json\/wp\/v2\/comments?post=19399"}],"wp:featuredmedia":[{"embeddable":true,"href":"https:\/\/420now.co\/fr-ca\/wp-json\/wp\/v2\/media\/17713"}],"wp:attachment":[{"href":"https:\/\/420now.co\/fr-ca\/wp-json\/wp\/v2\/media?parent=19399"}],"wp:term":[{"taxonomy":"product_brand","embeddable":true,"href":"https:\/\/420now.co\/fr-ca\/wp-json\/wp\/v2\/product_brand?post=19399"},{"taxonomy":"product_cat","embeddable":true,"href":"https:\/\/420now.co\/fr-ca\/wp-json\/wp\/v2\/product_cat?post=19399"},{"taxonomy":"product_tag","embeddable":true,"href":"https:\/\/420now.co\/fr-ca\/wp-json\/wp\/v2\/product_tag?post=19399"}],"curies":[{"name":"wp","href":"https:\/\/api.w.org\/{rel}","templated":true}]}}