{"id":19400,"date":"2024-04-13T08:01:28","date_gmt":"2024-04-13T12:01:28","guid":{"rendered":"https:\/\/420now.co\/product\/popeyes-baby-moonrockets-05-gram\/"},"modified":"2026-03-11T20:11:56","modified_gmt":"2026-03-12T00:11:56","slug":"popeyes-baby-moonrockets-05-gram","status":"publish","type":"product","link":"https:\/\/420now.co\/fr-ca\/product\/popeyes-baby-moonrockets-05-gram\/","title":{"rendered":"Popeyes Baby Moonrockets 0,5 Gram"},"content":{"rendered":"<p>Le blunt sans tabac fait \u00e0 la main de haute qualit\u00e9 contient des fleurs de qualit\u00e9 sup\u00e9rieure, infus\u00e9es de diamants liquides et roul\u00e9es dans un kief de qualit\u00e9 g\u00e9n\u00e9reuse.<\/p>\n","protected":false},"excerpt":{"rendered":"<p>Le blunt sans tabac fait \u00e0 la main de haute qualit\u00e9 contient des fleurs de qualit\u00e9 sup\u00e9rieure, infus\u00e9es de diamants liquides et roul\u00e9es dans un kief de qualit\u00e9 g\u00e9n\u00e9reuse.<\/p>\n","protected":false},"featured_media":17721,"comment_status":"open","ping_status":"closed","template":"","meta":{"_acf_changed":false},"product_brand":[181],"product_cat":[254],"product_tag":[],"class_list":{"0":"post-19400","1":"product","2":"type-product","3":"status-publish","4":"has-post-thumbnail","6":"product_brand-popeyes-extractions","7":"product_cat-moon-rockets-fr-ca","9":"first","10":"instock","11":"shipping-taxable","12":"purchasable","13":"product-type-variable"},"acf":[],"_links":{"self":[{"href":"https:\/\/420now.co\/fr-ca\/wp-json\/wp\/v2\/product\/19400","targetHints":{"allow":["GET"]}}],"collection":[{"href":"https:\/\/420now.co\/fr-ca\/wp-json\/wp\/v2\/product"}],"about":[{"href":"https:\/\/420now.co\/fr-ca\/wp-json\/wp\/v2\/types\/product"}],"replies":[{"embeddable":true,"href":"https:\/\/420now.co\/fr-ca\/wp-json\/wp\/v2\/comments?post=19400"}],"wp:featuredmedia":[{"embeddable":true,"href":"https:\/\/420now.co\/fr-ca\/wp-json\/wp\/v2\/media\/17721"}],"wp:attachment":[{"href":"https:\/\/420now.co\/fr-ca\/wp-json\/wp\/v2\/media?parent=19400"}],"wp:term":[{"taxonomy":"product_brand","embeddable":true,"href":"https:\/\/420now.co\/fr-ca\/wp-json\/wp\/v2\/product_brand?post=19400"},{"taxonomy":"product_cat","embeddable":true,"href":"https:\/\/420now.co\/fr-ca\/wp-json\/wp\/v2\/product_cat?post=19400"},{"taxonomy":"product_tag","embeddable":true,"href":"https:\/\/420now.co\/fr-ca\/wp-json\/wp\/v2\/product_tag?post=19400"}],"curies":[{"name":"wp","href":"https:\/\/api.w.org\/{rel}","templated":true}]}}