{"id":19411,"date":"2024-02-22T11:09:50","date_gmt":"2024-02-22T16:09:50","guid":{"rendered":"https:\/\/420now.co\/product\/kushkraft-paquet-de-5-hybride\/"},"modified":"2026-03-11T20:33:51","modified_gmt":"2026-03-12T00:33:51","slug":"kushkraft-paquet-de-5-hybride","status":"publish","type":"product","link":"https:\/\/420now.co\/fr-ca\/product\/kushkraft-paquet-de-5-hybride\/","title":{"rendered":"KushKraft Paquet de 5 Hybride"},"content":{"rendered":"<p>Bienvenue dans le monde de Kushkraft, o\u00f9 la recherche de joints haut de gamme culmine dans une exp\u00e9rience qui red\u00e9finit l\u2019excellence. Si vous \u00eates \u00e0 la recherche de pr\u00e9-rouleaux de haute qualit\u00e9 qui offrent \u00e0 la fois puret\u00e9 et puissance, Kushkraft est votre destination ultime. Leurs joints m\u00e9ticuleusement fabriqu\u00e9s \u00e0 la main \u00e9tablissent une norme \u00e9lev\u00e9e pour les produits de cannabis de qualit\u00e9 sup\u00e9rieure, offrant une exp\u00e9rience sup\u00e9rieure \u00e0 chaque bouff\u00e9e.  <\/p>\n<p>Chez Kushkraft, ils croient que la fondation d\u2019un bon joint commence par des mat\u00e9riaux exceptionnels. C\u2019est pourquoi ils n\u2019utilisent que des papiers organiques non blanchis, assurant une fum\u00e9e propre et naturelle sans produits chimiques ni additifs ind\u00e9sirables. Cet engagement envers la puret\u00e9 ne fait pas seulement partie de notre processus; C\u2019est une promesse \u00e0 vous, notre client exigeant, qui n\u2019attend que le meilleur.  <\/p>\n<p>Mais ce qui distingue vraiment les joints Kushkraft, c\u2019est l\u2019attention minutieuse port\u00e9e aux d\u00e9tails dans leur cr\u00e9ation. Chaque pr\u00e9-rouleau est fabriqu\u00e9 \u00e0 100% \u00e0 la main par des artisans qualifi\u00e9s qui comprennent l\u2019art et la science de rouler le joint parfait. Cette touche humaine garantit que chaque pr\u00e9-roulement r\u00e9pond \u00e0 nos normes strictes de qualit\u00e9, offrant une exp\u00e9rience constante et agr\u00e9able \u00e0 chaque fois.  <\/p>\n<p>\u00c0 l\u2019int\u00e9rieur de chaque joint Kushkraft se trouve un tr\u00e9sor de bourgeons de cannabis sp\u00e9cifiques \u00e0 la vari\u00e9t\u00e9, s\u00e9lectionn\u00e9s pour leurs caract\u00e9ristiques et leurs effets uniques. Que vous recherchiez la relaxation, la stimulation ou un \u00e9quilibre entre les deux, notre large s\u00e9lection de vari\u00e9t\u00e9s signifie qu\u2019il y a un joint Kushkraft pour chaque pr\u00e9f\u00e9rence et occasion. De plus, chaque souche a \u00e9t\u00e9 test\u00e9e en laboratoire pour sa puissance, ce qui vous permet d\u2019\u00eatre s\u00fbr de la force et de la puret\u00e9 de ce que vous fumez.  <\/p>\n<p>Pour vous garantir de recevoir la fum\u00e9e la plus fra\u00eeche et la plus savoureuse, chacun de nos pr\u00e9-rouleaux est livr\u00e9 avec un paquet d\u2019eau Integra de 1 g. Cet ajout innovant maintient le niveau d\u2019humidit\u00e9 parfait, pr\u00e9servant les terp\u00e8nes et les cannabino\u00efdes qui donnent \u00e0 chaque vari\u00e9t\u00e9 son profil unique et garantissant que chaque bouff\u00e9e est aussi fra\u00eeche que la pr\u00e9c\u00e9dente. <\/p>\n<p>Kushkraft ne se limite pas \u00e0 fumer; il s\u2019agit de vivre le cannabis \u00e0 son meilleur. De la s\u00e9lection minutieuse des vari\u00e9t\u00e9s \u00e0 la pr\u00e9cision de notre technique de roulage \u00e0 la main, chaque aspect de notre produit a \u00e9t\u00e9 con\u00e7u pour les amateurs de cannabis exigeants. Essayez Kushkraft d\u00e8s aujourd\u2019hui et \u00e9levez votre exp\u00e9rience de fumer \u00e0 un niveau de luxe et de satisfaction que vous n\u2019auriez jamais cru possible.  <\/p>\n<h2>Livraison de joints pr\u00e9roul\u00e9s KushKraft dans la r\u00e9gion de Toronto<\/h2>\n<p>Si vous \u00eates dans la r\u00e9gion du Grand Toronto (RGT), vous pouvez vous procurer de l\u2019herbe JTK (aussi connue sous le nom de Justin Trudope) en 2 heures* \u00e0 votre porte! Commandez avant 20 h et l\u2019un de nos chauffeurs vous livrera le jour m\u00eame, 2 heures gratuitement, lorsque vous commandez un minimum de 100,00 $ de l\u2019un des produits sur notre site Web.<\/p>\n<p>*Livraison en deux heures \u00e0 Toronto (Scarborough, North York, Etobicoke, DownTown, York \u2013 toutes les r\u00e9gions \u00e0 l\u2019int\u00e9rieur des fronti\u00e8res de la ville de Toronto), Richmond Hill, King, Aurora, Newmarket, Woodbridge, Vaughan et Markham.<\/p>\n<p>Nous exp\u00e9dions \u00e9galement partout au Canada et dans des r\u00e9gions \u00e9loign\u00e9es en dehors de notre zone de livraison gratuite habituelle.<\/p>\n","protected":false},"excerpt":{"rendered":"<p>Bienvenue dans le monde de Kushkraft, o\u00f9 la recherche de joints haut de gamme culmine dans une exp\u00e9rience qui red\u00e9finit l\u2019excellence. Si vous \u00eates \u00e0 la recherche de pr\u00e9-rouleaux de haute qualit\u00e9 qui offrent \u00e0 la fois puret\u00e9 et puissance, Kushkraft est votre destination ultime. Leurs joints m\u00e9ticuleusement fabriqu\u00e9s \u00e0 la main \u00e9tablissent une norme \u00e9lev\u00e9e pour les produits de cannabis de qualit\u00e9 sup\u00e9rieure, offrant une exp\u00e9rience sup\u00e9rieure \u00e0 chaque bouff\u00e9e.  <\/p>\n<p>5 pr\u00e9-rouleaux de qualit\u00e9 sup\u00e9rieure (0,6 g chacun) hybrides.<\/p>\n","protected":false},"featured_media":17688,"comment_status":"open","ping_status":"closed","template":"","meta":{"_acf_changed":false},"product_brand":[383],"product_cat":[253],"product_tag":[305],"class_list":{"0":"post-19411","1":"product","2":"type-product","3":"status-publish","4":"has-post-thumbnail","6":"product_brand-kushkraft","7":"product_cat-joints-preroules","8":"product_tag-kushkraft-fr-ca","10":"first","11":"instock","12":"shipping-taxable","13":"purchasable","14":"product-type-simple"},"acf":[],"_links":{"self":[{"href":"https:\/\/420now.co\/fr-ca\/wp-json\/wp\/v2\/product\/19411","targetHints":{"allow":["GET"]}}],"collection":[{"href":"https:\/\/420now.co\/fr-ca\/wp-json\/wp\/v2\/product"}],"about":[{"href":"https:\/\/420now.co\/fr-ca\/wp-json\/wp\/v2\/types\/product"}],"replies":[{"embeddable":true,"href":"https:\/\/420now.co\/fr-ca\/wp-json\/wp\/v2\/comments?post=19411"}],"wp:featuredmedia":[{"embeddable":true,"href":"https:\/\/420now.co\/fr-ca\/wp-json\/wp\/v2\/media\/17688"}],"wp:attachment":[{"href":"https:\/\/420now.co\/fr-ca\/wp-json\/wp\/v2\/media?parent=19411"}],"wp:term":[{"taxonomy":"product_brand","embeddable":true,"href":"https:\/\/420now.co\/fr-ca\/wp-json\/wp\/v2\/product_brand?post=19411"},{"taxonomy":"product_cat","embeddable":true,"href":"https:\/\/420now.co\/fr-ca\/wp-json\/wp\/v2\/product_cat?post=19411"},{"taxonomy":"product_tag","embeddable":true,"href":"https:\/\/420now.co\/fr-ca\/wp-json\/wp\/v2\/product_tag?post=19411"}],"curies":[{"name":"wp","href":"https:\/\/api.w.org\/{rel}","templated":true}]}}