{"id":19424,"date":"2024-02-29T11:02:02","date_gmt":"2024-02-29T16:02:02","guid":{"rendered":"https:\/\/420now.co\/product\/afghan-mazar-sharif-hash\/"},"modified":"2026-03-26T17:06:51","modified_gmt":"2026-03-26T21:06:51","slug":"afghan-mazar-sharif-hash","status":"publish","type":"product","link":"https:\/\/420now.co\/fr-ca\/product\/afghan-mazar-sharif-hash\/","title":{"rendered":"Afghan Mazar Sharif Hash"},"content":{"rendered":"<p>Le haschisch afghan Mazar Sharif, une vari\u00e9t\u00e9 de haschisch v\u00e9n\u00e9rable et estim\u00e9e, est cultiv\u00e9 dans les vastes r\u00e9gions du nord de l\u2019Afghanistan, un endroit r\u00e9put\u00e9 pour sa riche tradition dans la production de haschisch. Ce haschisch particulier est \u00e9troitement li\u00e9 \u00e0 la tapisserie g\u00e9ographique et culturelle de la r\u00e9gion, en particulier Mazar-e-Sharif, une ville qui non seulement donne son nom \u00e0 ce haschisch, mais qui t\u00e9moigne \u00e9galement de la culture prolifique du cannabis de la r\u00e9gion. <\/p>\n<p>Les origines de Mazar Hashish sont profond\u00e9ment enracin\u00e9es dans la vari\u00e9t\u00e9 Mazar-i-Sharif \u00e0 dominante Indica, qui prosp\u00e8re dans les conditions climatiques uniques offertes par sa proximit\u00e9 avec l\u2019Ouzb\u00e9kistan afghan. Cette vari\u00e9t\u00e9 est c\u00e9l\u00e8bre pour sa capacit\u00e9 \u00e0 produire un haschisch d\u2019une qualit\u00e9 exceptionnelle, une caract\u00e9ristique qui a renforc\u00e9 sa renomm\u00e9e bien au-del\u00e0 des r\u00e9gions locales. <\/p>\n<p>Le processus de cr\u00e9ation du haschisch afghan Mazar Sharif est autant une forme d\u2019art qu\u2019un t\u00e9moignage de la riche culture du haschisch de la r\u00e9gion. Cela commence par la collecte m\u00e9ticuleuse de la r\u00e9sine de la plante de cannabis. Cette r\u00e9sine, riche en cannabino\u00efdes et en terp\u00e8nes, est ensuite soumise \u00e0 des m\u00e9thodes de traitement traditionnelles, impliquant souvent le pressage et le chauffage \u00e0 la main. Ce processus minutieux et laborieux donne un produit \u00e0 la fois visuellement et sensoriellement distinct : un haschisch fonc\u00e9, souple et collant qui capture l\u2019essence de son origine.   <\/p>\n<p>Caract\u00e9ris\u00e9e par ses effets puissants, l\u2019Afghan Mazar Sharif Hash est r\u00e9put\u00e9e pour son ar\u00f4me fort et terreux, un trait distinctif qui fait allusion \u00e0 la profondeur de son profil de saveur. Lorsqu\u2019il est consomm\u00e9, il offre une fum\u00e9e douce mais robuste, \u00e0 la fois savoureuse et profond\u00e9ment aromatique. Ce haschisch est c\u00e9l\u00e9br\u00e9 pour sa capacit\u00e9 \u00e0 induire un effet profond\u00e9ment relaxant et s\u00e9datif, souvent d\u00e9crit comme une exp\u00e9rience corporelle profonde qui souligne sa lign\u00e9e Indica .  <\/p>\n<p>L\u2019attrait du haschisch afghan Mazar Sharif s\u2019\u00e9tend au-del\u00e0 de ses effets enivrants. Il incarne un morceau de l\u2019h\u00e9ritage afghan, reflet des riches pratiques agricoles et culturelles entourant la culture du cannabis dans la r\u00e9gion. La popularit\u00e9 du haschisch aupr\u00e8s des connaisseurs et des amateurs n\u2019est pas seulement un clin d\u2019\u0153il \u00e0 sa qualit\u00e9, mais aussi une reconnaissance des m\u00e9thodes traditionnelles pr\u00e9serv\u00e9es dans sa production \u2013 un artisanat transmis de g\u00e9n\u00e9ration en g\u00e9n\u00e9ration, garantissant que chaque lot de haschisch Mazar Sharif afghan est non seulement consomm\u00e9, mais exp\u00e9riment\u00e9.  <\/p>\n<h2>Livraison de haschisch Mazar Sharif afghan dans la r\u00e9gion de Toronto<\/h2>\n<p>Si vous \u00eates dans la r\u00e9gion du Grand Toronto (RGT), vous pouvez obtenir du haschisch Mazar Sharif afghan en 2 heures* \u00e0 votre porte! Commandez avant 20 h et l\u2019un de nos chauffeurs vous livrera le jour m\u00eame, 2 heures gratuitement, lorsque vous commandez un minimum de 100,00 $ de l\u2019un des produits sur notre site Web.<\/p>\n<p>*Livraison en deux heures \u00e0 Toronto (Scarborough, North York, Etobicoke, DownTown, York \u2013 toutes les r\u00e9gions \u00e0 l\u2019int\u00e9rieur des fronti\u00e8res de la ville de Toronto), Richmond Hill, King, Aurora, Newmarket, Woodbridge, Vaughan et Markham.<\/p>\n<p>Nous exp\u00e9dions \u00e9galement partout au Canada et dans des r\u00e9gions \u00e9loign\u00e9es en dehors de notre zone de livraison gratuite habituelle.<\/p>\n","protected":false},"excerpt":{"rendered":"<p>Caract\u00e9ris\u00e9e par ses effets puissants, l\u2019Afghan Mazar Sharif Hash est r\u00e9put\u00e9e pour son ar\u00f4me fort et terreux, un trait distinctif qui fait allusion \u00e0 la profondeur de son profil de saveur. Lorsqu\u2019il est consomm\u00e9, il offre une fum\u00e9e douce mais robuste, \u00e0 la fois savoureuse et profond\u00e9ment aromatique. Ce haschisch est c\u00e9l\u00e9br\u00e9 pour sa capacit\u00e9 \u00e0 induire un effet profond\u00e9ment relaxant et s\u00e9datif, souvent d\u00e9crit comme une exp\u00e9rience corporelle profonde qui souligne sa lign\u00e9e Indica .  <\/p>\n","protected":false},"featured_media":17695,"comment_status":"open","ping_status":"closed","template":"","meta":{"_acf_changed":false},"product_brand":[],"product_cat":[213],"product_tag":[],"class_list":{"0":"post-19424","1":"product","2":"type-product","3":"status-publish","4":"has-post-thumbnail","6":"product_cat-hash-fr-ca","7":"pa_weight-1-oz-fr-ca","8":"pa_weight-1-2-oz-fr-ca","9":"pa_weight-1-4-oz-fr-ca-2","10":"pa_weight-1-8-oz-fr-ca","11":"pa_weight-1gr-fr-ca","13":"first","14":"instock","15":"shipping-taxable","16":"purchasable","17":"product-type-variable"},"acf":[],"_links":{"self":[{"href":"https:\/\/420now.co\/fr-ca\/wp-json\/wp\/v2\/product\/19424","targetHints":{"allow":["GET"]}}],"collection":[{"href":"https:\/\/420now.co\/fr-ca\/wp-json\/wp\/v2\/product"}],"about":[{"href":"https:\/\/420now.co\/fr-ca\/wp-json\/wp\/v2\/types\/product"}],"replies":[{"embeddable":true,"href":"https:\/\/420now.co\/fr-ca\/wp-json\/wp\/v2\/comments?post=19424"}],"wp:featuredmedia":[{"embeddable":true,"href":"https:\/\/420now.co\/fr-ca\/wp-json\/wp\/v2\/media\/17695"}],"wp:attachment":[{"href":"https:\/\/420now.co\/fr-ca\/wp-json\/wp\/v2\/media?parent=19424"}],"wp:term":[{"taxonomy":"product_brand","embeddable":true,"href":"https:\/\/420now.co\/fr-ca\/wp-json\/wp\/v2\/product_brand?post=19424"},{"taxonomy":"product_cat","embeddable":true,"href":"https:\/\/420now.co\/fr-ca\/wp-json\/wp\/v2\/product_cat?post=19424"},{"taxonomy":"product_tag","embeddable":true,"href":"https:\/\/420now.co\/fr-ca\/wp-json\/wp\/v2\/product_tag?post=19424"}],"curies":[{"name":"wp","href":"https:\/\/api.w.org\/{rel}","templated":true}]}}