{"id":19425,"date":"2024-02-20T18:46:15","date_gmt":"2024-02-20T23:46:15","guid":{"rendered":"https:\/\/420now.co\/product\/mota-magnum-10-000-mg-thc\/"},"modified":"2026-02-08T14:30:27","modified_gmt":"2026-02-08T19:30:27","slug":"mota-magnum-10-000-mg-thc","status":"publish","type":"product","link":"https:\/\/420now.co\/fr-ca\/product\/mota-magnum-10-000-mg-thc\/","title":{"rendered":"MOTA Magnum 10 000 mg THC"},"content":{"rendered":"<p>Embarquez pour un voyage vers un soulagement in\u00e9gal\u00e9 avec la teinture Magnum THC de MOTA, dot\u00e9e d\u2019une formidable concentration de 10 000 mg, la plus forte sur le march\u00e9. Cette teinture est une centrale \u00e9lectrique, con\u00e7ue par des experts pour ceux qui exigent la solution la plus efficace \u00e0 la plus petite dose possible. Ce n\u2019est pas seulement une teinture; C\u2019est une d\u00e9claration audacieuse dans le domaine du soulagement th\u00e9rapeutique, con\u00e7ue pour le consommateur exigeant qui comprend ses besoins et refuse de se contenter de moins.  <\/p>\n<p>Si vous \u00eates quelqu\u2019un qui a essay\u00e9 divers produits avec peu ou pas de succ\u00e8s, la teinture Magnum THC est votre lueur d\u2019espoir. Avec sa puissance \u00e9lev\u00e9e, il est con\u00e7u pour les consommateurs \u00e0 forte utilisation et ceux qui appr\u00e9cient les formulations robustes de THC. Ce n\u2019est pas un produit pour les \u00e2mes sensibles; c\u2019est pour les audacieux, les exp\u00e9riment\u00e9s et ceux qui recherchent une efficacit\u00e9 maximale.  <\/p>\n<p>Chaque goutte de cette teinture t\u00e9moigne de l\u2019engagement de MOTA envers la qualit\u00e9 et la force. Que vous souffriez de douleurs chroniques, de stress intense ou d\u2019autres inconforts importants, cette teinture offre un rem\u00e8de puissant. Sa formule concentr\u00e9e vous assure un soulagement significatif sans avoir besoin de fortes doses, ce qui le rend \u00e0 la fois efficace et \u00e9conomique.  <\/p>\n<p>En adoptant la teinture Magnum THC de MOTA, vous choisissez un produit qui se situe au sommet de la puissance et de la qualit\u00e9. Vous n\u2019achetez pas seulement une teinture; vous investissez dans une solution qui change la vie. Si vous \u00eates pr\u00eat \u00e0 faire l\u2019exp\u00e9rience du summum du soulagement, alors cette teinture est votre r\u00e9ponse. Rejoignez les rangs de ceux qui ont trouv\u00e9 leur rem\u00e8de ultime dans la teinture Magnum THC de MOTA, o\u00f9 la force rencontre la sophistication.   <\/p>\n<h2>Utilisation sugg\u00e9r\u00e9e<\/h2>\n<p><strong>PAS POUR LES D\u00c9BUTANTS<\/strong><\/p>\n<p>Commencez doucement pour jauger l\u2019effet. Nous recommandons 1\/3 \u00e0 1\/2 compte-gouttes pour une premi\u00e8re dose. <\/p>\n<h2>Ingr\u00e9dients<\/h2>\n<ul>\n<li>huile MCT,\n<li>Huile essentielle de menthe poivr\u00e9e biologique,\n<li>Distillat de THC\n<\/ul>\n<h2>Livraison de teintures et de produits comestibles Mota dans la r\u00e9gion de Toronto<\/h2>\n<p>Si vous \u00eates dans la r\u00e9gion du Grand Toronto (RGT), vous pouvez vous procurer des teintures et des produits comestibles Mota dans les 2 heures* \u00e0 votre porte! Commandez avant 20 h et l\u2019un de nos chauffeurs vous livrera le jour m\u00eame, 2 heures gratuitement, lorsque vous commandez un minimum de 100,00 $ de l\u2019un des produits sur notre site Web.<\/p>\n<p>*Livraison en deux heures \u00e0 Toronto (Scarborough, North York, Etobicoke, DownTown, York \u2013 toutes les r\u00e9gions \u00e0 l\u2019int\u00e9rieur des fronti\u00e8res de la ville de Toronto), Richmond Hill, King, Aurora, Newmarket, Woodbridge, Vaughan et Markham.<\/p>\n<p>Nous exp\u00e9dions \u00e9galement partout au Canada et dans des r\u00e9gions \u00e9loign\u00e9es en dehors de notre zone de livraison gratuite habituelle.<\/p>\n<p>Commande minimale de notre boutique pour livraison en ligne 100,00 $<\/p>\n","protected":false},"excerpt":{"rendered":"<p>Embarquez pour un voyage vers un soulagement in\u00e9gal\u00e9 avec la teinture Magnum THC de MOTA, dot\u00e9e d\u2019une formidable concentration de 10 000 mg, la plus forte sur le march\u00e9. Cette teinture est une centrale \u00e9lectrique, con\u00e7ue par des experts pour ceux qui exigent la solution la plus efficace \u00e0 la plus petite dose possible. Ce n\u2019est pas seulement une teinture; C\u2019est une d\u00e9claration audacieuse dans le domaine du soulagement th\u00e9rapeutique, con\u00e7ue pour le consommateur exigeant qui comprend ses besoins et refuse de se contenter de moins.  <\/p>\n<p>Si vous \u00eates quelqu\u2019un qui a essay\u00e9 divers produits avec peu ou pas de succ\u00e8s, la teinture Magnum THC est votre lueur d\u2019espoir. Avec sa puissance \u00e9lev\u00e9e, il est con\u00e7u pour les consommateurs \u00e0 forte utilisation et ceux qui appr\u00e9cient les formulations robustes de THC. Ce n\u2019est pas un produit pour les \u00e2mes sensibles; c\u2019est pour les audacieux, les exp\u00e9riment\u00e9s et ceux qui recherchent une efficacit\u00e9 maximale.  <\/p>\n<p>Plus d\u2019informations ci-dessous.<\/p>\n","protected":false},"featured_media":17685,"comment_status":"closed","ping_status":"closed","template":"","meta":{"_acf_changed":false},"product_brand":[353],"product_cat":[269],"product_tag":[308],"class_list":{"0":"post-19425","1":"product","2":"type-product","3":"status-publish","4":"has-post-thumbnail","6":"product_brand-mota","7":"product_cat-teintures","8":"product_tag-mota-fr-ca","10":"first","11":"instock","12":"shipping-taxable","13":"purchasable","14":"product-type-simple"},"acf":[],"_links":{"self":[{"href":"https:\/\/420now.co\/fr-ca\/wp-json\/wp\/v2\/product\/19425","targetHints":{"allow":["GET"]}}],"collection":[{"href":"https:\/\/420now.co\/fr-ca\/wp-json\/wp\/v2\/product"}],"about":[{"href":"https:\/\/420now.co\/fr-ca\/wp-json\/wp\/v2\/types\/product"}],"replies":[{"embeddable":true,"href":"https:\/\/420now.co\/fr-ca\/wp-json\/wp\/v2\/comments?post=19425"}],"wp:featuredmedia":[{"embeddable":true,"href":"https:\/\/420now.co\/fr-ca\/wp-json\/wp\/v2\/media\/17685"}],"wp:attachment":[{"href":"https:\/\/420now.co\/fr-ca\/wp-json\/wp\/v2\/media?parent=19425"}],"wp:term":[{"taxonomy":"product_brand","embeddable":true,"href":"https:\/\/420now.co\/fr-ca\/wp-json\/wp\/v2\/product_brand?post=19425"},{"taxonomy":"product_cat","embeddable":true,"href":"https:\/\/420now.co\/fr-ca\/wp-json\/wp\/v2\/product_cat?post=19425"},{"taxonomy":"product_tag","embeddable":true,"href":"https:\/\/420now.co\/fr-ca\/wp-json\/wp\/v2\/product_tag?post=19425"}],"curies":[{"name":"wp","href":"https:\/\/api.w.org\/{rel}","templated":true}]}}