{"id":19431,"date":"2024-02-20T18:23:53","date_gmt":"2024-02-20T23:23:53","guid":{"rendered":"https:\/\/420now.co\/product\/teinture-de-sommeil-mota-thc-1000mg\/"},"modified":"2026-02-08T14:33:43","modified_gmt":"2026-02-08T19:33:43","slug":"teinture-de-sommeil-mota-thc-1000mg","status":"publish","type":"product","link":"https:\/\/420now.co\/fr-ca\/product\/teinture-de-sommeil-mota-thc-1000mg\/","title":{"rendered":"MOTA Teinture de sommeil THC 1000mg"},"content":{"rendered":"<p>Entrez dans un monde de nuits reposantes et de matins rajeunissants avec la formule de sommeil au THC, un m\u00e9lange magistral con\u00e7u pour r\u00e9volutionner votre exp\u00e9rience de sommeil. Cette formule soigneusement s\u00e9lectionn\u00e9e combine les propri\u00e9t\u00e9s apaisantes de l\u2019huile de THC \u00e0 base Indica avec l\u2019efficacit\u00e9 naturelle des plantes biologiques et le pouvoir r\u00e9gulateur du sommeil de la m\u00e9latonine, cr\u00e9ant une synergie qui vous guide sans effort dans un sommeil profond et satisfaisant. <\/p>\n<p>Si vous avez du mal \u00e0 vous endormir ou si vous vous retournez pendant la nuit, cette formule est la cl\u00e9 d\u2019un sommeil transformateur. L\u2019huile de THC \u00e0 base Indica de notre formule est connue pour ses propri\u00e9t\u00e9s calmantes remarquables, facilitant votre esprit et votre corps dans un \u00e9tat de d\u00e9tente paisible. Cela vous permet de vous endormir plus facilement sans l\u2019agitation ou le stress habituels.  <\/p>\n<p>Rehaussant cette exp\u00e9rience tranquille, nos plantes biologiques soigneusement s\u00e9lectionn\u00e9es agissent en harmonie avec les rythmes naturels de votre corps, favorisant une nuit sereine et reposante. Mais le v\u00e9ritable h\u00e9ros de ce m\u00e9lange est la m\u00e9latonine, une hormone naturelle qui r\u00e9gule le sommeil. En incorporant de la m\u00e9latonine, la formule de sommeil au THC s\u2019aligne sur l\u2019horloge interne de votre corps, vous assurant non seulement de vous endormir plus rapidement, mais aussi de profiter d\u2019un sommeil plus profond et plus r\u00e9parateur.  <\/p>\n<p>Chaque composant de la formule THC Sleep est m\u00e9ticuleusement choisi pour sa puret\u00e9 et son efficacit\u00e9, vous offrant une aide au sommeil enti\u00e8rement naturelle de haute qualit\u00e9. Imaginez que vous vous r\u00e9veillez en vous sentant rafra\u00eechi, \u00e9nergique et pr\u00eat \u00e0 embrasser la journ\u00e9e \u00e0 venir. Fini les matins groggy ou les creux de midi \u2013 juste une \u00e9nergie lucide et vibrante.  <\/p>\n<p>Prenez le contr\u00f4le de vos nuits et transformez vos journ\u00e9es avec la formule de sommeil au THC. Adoptez le pouvoir du soutien naturel et holistique du sommeil et dites adieu aux nuits blanches. Votre voyage vers un meilleur sommeil et des matins plus lumineux commence ici.  <\/p>\n<h2>Utilisation sugg\u00e9r\u00e9e<\/h2>\n<p>Shake . Ing\u00e9rer par voie orale de 25 ml \u00e0 1 ml avant le coucher. <\/p>\n<h2>Ingr\u00e9dients<\/h2>\n<p>Huile de p\u00e9pins de raisin biologique, huile de THC \u00e0 base Indica , m\u00e9latonine, racine de val\u00e9riane biologique, passiflore biologique, huile de menthe poivr\u00e9e.<\/p>\n<h3>Force<\/h3>\n<p>150 mg de m\u00e9latonine, 1000 mg de THC.<\/p>\n<p>33,3 mg de THC + 5 mg de m\u00e9latonine par 1 ml<\/p>\n<h2>Livraison de teintures et de produits comestibles Mota dans la r\u00e9gion de Toronto<\/h2>\n<p>Si vous \u00eates dans la r\u00e9gion du Grand Toronto (RGT), vous pouvez vous procurer des teintures et des produits comestibles Mota dans les 2 heures* \u00e0 votre porte! Commandez avant 20 h et l\u2019un de nos chauffeurs vous livrera le jour m\u00eame, 2 heures gratuitement, lorsque vous commandez un minimum de 100,00 $ de l\u2019un des produits sur notre site Web.<\/p>\n<p>*Livraison en deux heures \u00e0 Toronto (Scarborough, North York, Etobicoke, DownTown, York \u2013 toutes les r\u00e9gions \u00e0 l\u2019int\u00e9rieur des fronti\u00e8res de la ville de Toronto), Richmond Hill, King, Aurora, Newmarket, Woodbridge, Vaughan et Markham.<\/p>\n<p>Nous exp\u00e9dions \u00e9galement partout au Canada et dans des r\u00e9gions \u00e9loign\u00e9es en dehors de notre zone de livraison gratuite habituelle.<\/p>\n<p>Commande minimale de notre boutique pour livraison en ligne 100,00 $<\/p>\n","protected":false},"excerpt":{"rendered":"<p>Entrez dans un monde de nuits reposantes et de matins rajeunissants avec la formule de sommeil au THC, un m\u00e9lange magistral con\u00e7u pour r\u00e9volutionner votre exp\u00e9rience de sommeil. Cette formule soigneusement s\u00e9lectionn\u00e9e combine les propri\u00e9t\u00e9s apaisantes de l\u2019huile de THC \u00e0 base Indica avec l\u2019efficacit\u00e9 naturelle des plantes biologiques et le pouvoir r\u00e9gulateur du sommeil de la m\u00e9latonine, cr\u00e9ant une synergie qui vous guide sans effort dans un sommeil profond et satisfaisant. <\/p>\n<p>Si vous avez du mal \u00e0 vous endormir ou si vous vous retournez pendant la nuit, cette formule est la cl\u00e9 d\u2019un sommeil transformateur. L\u2019huile de THC \u00e0 base Indica de notre formule est connue pour ses propri\u00e9t\u00e9s calmantes remarquables, facilitant votre esprit et votre corps dans un \u00e9tat de d\u00e9tente paisible. Cela vous permet de vous endormir plus facilement sans l\u2019agitation ou le stress habituels.  <\/p>\n<p>Rehaussant cette exp\u00e9rience tranquille, nos plantes biologiques soigneusement s\u00e9lectionn\u00e9es agissent en harmonie avec les rythmes naturels de votre corps, favorisant une nuit sereine et reposante. Mais le v\u00e9ritable h\u00e9ros de ce m\u00e9lange est la m\u00e9latonine, une hormone naturelle qui r\u00e9gule le sommeil. En incorporant de la m\u00e9latonine, la formule de sommeil au THC s\u2019aligne sur l\u2019horloge interne de votre corps, vous assurant non seulement de vous endormir plus rapidement, mais aussi de profiter d\u2019un sommeil plus profond et plus r\u00e9parateur.  <\/p>\n<p>150 mg de m\u00e9latonine &#8211; 1000 mg de THC.<\/p>\n<p>Plus d\u2019informations ci-dessous.<\/p>\n","protected":false},"featured_media":17684,"comment_status":"closed","ping_status":"closed","template":"","meta":{"_acf_changed":false},"product_brand":[353],"product_cat":[269],"product_tag":[308],"class_list":{"0":"post-19431","1":"product","2":"type-product","3":"status-publish","4":"has-post-thumbnail","6":"product_brand-mota","7":"product_cat-teintures","8":"product_tag-mota-fr-ca","10":"first","11":"instock","12":"shipping-taxable","13":"purchasable","14":"product-type-simple"},"acf":[],"_links":{"self":[{"href":"https:\/\/420now.co\/fr-ca\/wp-json\/wp\/v2\/product\/19431","targetHints":{"allow":["GET"]}}],"collection":[{"href":"https:\/\/420now.co\/fr-ca\/wp-json\/wp\/v2\/product"}],"about":[{"href":"https:\/\/420now.co\/fr-ca\/wp-json\/wp\/v2\/types\/product"}],"replies":[{"embeddable":true,"href":"https:\/\/420now.co\/fr-ca\/wp-json\/wp\/v2\/comments?post=19431"}],"wp:featuredmedia":[{"embeddable":true,"href":"https:\/\/420now.co\/fr-ca\/wp-json\/wp\/v2\/media\/17684"}],"wp:attachment":[{"href":"https:\/\/420now.co\/fr-ca\/wp-json\/wp\/v2\/media?parent=19431"}],"wp:term":[{"taxonomy":"product_brand","embeddable":true,"href":"https:\/\/420now.co\/fr-ca\/wp-json\/wp\/v2\/product_brand?post=19431"},{"taxonomy":"product_cat","embeddable":true,"href":"https:\/\/420now.co\/fr-ca\/wp-json\/wp\/v2\/product_cat?post=19431"},{"taxonomy":"product_tag","embeddable":true,"href":"https:\/\/420now.co\/fr-ca\/wp-json\/wp\/v2\/product_tag?post=19431"}],"curies":[{"name":"wp","href":"https:\/\/api.w.org\/{rel}","templated":true}]}}