{"id":19433,"date":"2024-02-22T13:23:10","date_gmt":"2024-02-22T18:23:10","guid":{"rendered":"https:\/\/420now.co\/product\/left-coast-gummy-co-1000mg-cbd\/"},"modified":"2026-04-06T23:21:44","modified_gmt":"2026-04-07T03:21:44","slug":"left-coast-gummy-co-1000mg-cbd","status":"publish","type":"product","link":"https:\/\/420now.co\/fr-ca\/product\/left-coast-gummy-co-1000mg-cbd\/","title":{"rendered":"Left Coast Gummy Co. 1000mg CBD"},"content":{"rendered":"<h2>Left Coast CBD 300 mg de bonbons g\u00e9lifi\u00e9s &#8211; populaires aupr\u00e8s de nos clients!<\/h2>\n<p>Tout le monde vante les Left Coast Gummies \u2013 et vous aussi, une fois que vous les aurez essay\u00e9s.<\/p>\n<p>1000 mg de CBD (20 bonbons g\u00e9lifi\u00e9s de 50 mg chacun)<\/p>\n<p>Commandez d\u00e8s maintenant des gommes de la c\u00f4te gauche, et nous les aurons \u00e0 votre porte dans le GTA* avant 22 h (il faut commander avant 20 h).<\/p>\n<p>M\u00e9dicament comestible au cannabis (comestible m\u00e9dicamenteux).<\/p>\n<p>Les effets rapides peuvent vous laisser concentr\u00e9, heureux, possiblement affam\u00e9, et d\u00e9finitivement revigor\u00e9!  <\/p>\n<p>Peut traiter des conditions telles que le TDA\/TDAH, l\u2019anxi\u00e9t\u00e9, la perte d\u2019app\u00e9tit, la d\u00e9pression, l\u2019inflammation, les sautes d\u2019humeur et le TSPT. \u00c7a peut aider \u00e0 soulager la douleur. <\/p>\n<p><em>REMARQUE : Les informations sur ce site sont fournies \u00e0 des fins \u00e9ducatives seulement et ne remplacent pas un avis m\u00e9dical professionnel.<\/em><\/p>\n<h2>Technologie des nano-\u00e9mulsions<\/h2>\n<p>La technologie des nano-\u00e9mulsions est un proc\u00e9d\u00e9 sophistiqu\u00e9 utilis\u00e9 dans diverses industries, y compris l\u2019industrie alimentaire. Cette technologie implique la cr\u00e9ation de nano-\u00e9mulsions, qui sont des m\u00e9langes stables de deux liquides immiscibles (comme l\u2019huile et l\u2019eau) o\u00f9 l\u2019un est dispers\u00e9 \u00e0 l\u2019int\u00e9rieur de l\u2019autre sous forme de gouttelettes extr\u00eamement petites, g\u00e9n\u00e9ralement de 20 \u00e0 200 nanom\u00e8tres. Les principales caract\u00e9ristiques et applications de la technologie des nano-\u00e9mulsions incluent :  <\/p>\n<ul>\n<li>Augmentation de la biodisponibilit\u00e9\n<li>Stabilit\u00e9 am\u00e9lior\u00e9e\n<li>Performance am\u00e9lior\u00e9e du produit\n<\/ul>\n<p>La technologie des nano-\u00e9mulsions repr\u00e9sente une avanc\u00e9e majeure dans la mani\u00e8re dont les ingr\u00e9dients actifs sont livr\u00e9s et utilis\u00e9s, offrant de nombreux avantages en termes de stabilit\u00e9 du produit, d\u2019efficacit\u00e9 et d\u2019exp\u00e9rience du consommateur.<\/p>\n<h2>Livraison gratuite sur les bonbons g\u00e9lifi\u00e9s de la c\u00f4te gauche dans GTA<\/h2>\n<p>Les Gummies Left Coast sont parmi nos produits les plus recherch\u00e9s \u2013 et si vous commandez dans la r\u00e9gion du Grand Toronto avant 20h, nous pouvons les avoir \u00e0 votre porte pour une livraison gratuite en 2 heures!* La livraison gratuite est bas\u00e9e sur une commande minimale de 100,00 $ \u2013 incluant tous nos produits. Vous n\u2019\u00eates pas oblig\u00e9 de commander 4 paquets de Left Coast Gummies \u2013 \u00e0 moins que vous ne le vouliez, bien s\u00fbr! N\u2019h\u00e9sitez pas \u00e0 m\u00e9langer et assortir parmi notre s\u00e9lection de produits et tant que votre commande totale s\u2019\u00e9l\u00e8ve \u00e0 100,00 $ (ou plus), vous b\u00e9n\u00e9ficierez d\u2019une livraison gratuite dans la r\u00e9gion du Grand Toronto.<\/p>\n<p>*Livraison en deux heures \u00e0 Toronto (Scarborough, North York, Etobicoke, DownTown, York &#8211; toutes les r\u00e9gions \u00e0 l\u2019int\u00e9rieur des fronti\u00e8res de la ville de Toronto), Richmond Hill, King, Aurora, Newmarket, Woodbridge, Vaughan et Markham.<\/p>\n<p>Nous acceptons le paiement par courriel, Interac et paiement \u00e0 la livraison.<\/p>\n<h2>Transport maritime \u00e0 l\u2019\u00e9chelle du Canada Left Coast Gummies<\/h2>\n<p>Nous pouvons aussi exp\u00e9dier Left Coast Gummies partout au Canada avec une commande minimale (mais le paiement doit \u00eatre effectu\u00e9 avant l\u2019exp\u00e9dition) de 150,00 $ pour la livraison gratuite. Nos clients adorent ces comestibles au cannabis \u2013 si vous ne les avez jamais essay\u00e9s, vous devriez le faire! <\/p>\n<p>Vas-y, essaie ces d\u00e9licieuses bonbons g\u00e9lifi\u00e9es! On sait que tu seras content de l\u2019avoir fait. <\/p>\n","protected":false},"excerpt":{"rendered":"<p>Left Coast Gummy Co. est une entreprise de comestibles qui a explos\u00e9 dans la communaut\u00e9 du cannabis et qui offre maintenant ses incroyables bonbons bonbons bonbons au CBD. Fabriqu\u00e9 avec la technologie Nano-Emulsion de Left Coast, vous pouvez vous attendre \u00e0 une absorption rapide et \u00e0 une apparition rapide pour que le CBD commence \u00e0 agir. <\/p>\n<p>Les effets rapides peuvent vous laisser concentr\u00e9, heureux, possiblement affam\u00e9, et d\u00e9finitivement revigor\u00e9!<\/p>\n<p>Tout le monde vante les Left Coast Gummies \u2013 et vous aussi, une fois que vous les aurez essay\u00e9s.<\/p>\n<p>1000 mg de CBD (20 bonbons g\u00e9lifi\u00e9s de 50 mg chacun)<\/p>\n<p>Commandez d\u00e8s maintenant des Left Coast Gummies, et nous les recevrons \u00e0 votre porte dans la r\u00e9gion du Grand Toronto avant 22 h (il faut commander avant 20 h).<\/p>\n<p>M\u00e9dicament comestible au cannabis (comestible m\u00e9dicamenteux).<\/p>\n","protected":false},"featured_media":17690,"comment_status":"open","ping_status":"closed","template":"","meta":{"_acf_changed":false},"product_brand":[],"product_cat":[423],"product_tag":[288,306],"class_list":{"0":"post-19433","1":"product","2":"type-product","3":"status-publish","4":"has-post-thumbnail","6":"product_cat-bonbons-gelifies-au-cbd","7":"product_tag-hybride","8":"product_tag-left-coast-gummies-fr-ca","10":"first","11":"instock","12":"shipping-taxable","13":"purchasable","14":"product-type-simple"},"acf":[],"_links":{"self":[{"href":"https:\/\/420now.co\/fr-ca\/wp-json\/wp\/v2\/product\/19433","targetHints":{"allow":["GET"]}}],"collection":[{"href":"https:\/\/420now.co\/fr-ca\/wp-json\/wp\/v2\/product"}],"about":[{"href":"https:\/\/420now.co\/fr-ca\/wp-json\/wp\/v2\/types\/product"}],"replies":[{"embeddable":true,"href":"https:\/\/420now.co\/fr-ca\/wp-json\/wp\/v2\/comments?post=19433"}],"wp:featuredmedia":[{"embeddable":true,"href":"https:\/\/420now.co\/fr-ca\/wp-json\/wp\/v2\/media\/17690"}],"wp:attachment":[{"href":"https:\/\/420now.co\/fr-ca\/wp-json\/wp\/v2\/media?parent=19433"}],"wp:term":[{"taxonomy":"product_brand","embeddable":true,"href":"https:\/\/420now.co\/fr-ca\/wp-json\/wp\/v2\/product_brand?post=19433"},{"taxonomy":"product_cat","embeddable":true,"href":"https:\/\/420now.co\/fr-ca\/wp-json\/wp\/v2\/product_cat?post=19433"},{"taxonomy":"product_tag","embeddable":true,"href":"https:\/\/420now.co\/fr-ca\/wp-json\/wp\/v2\/product_tag?post=19433"}],"curies":[{"name":"wp","href":"https:\/\/api.w.org\/{rel}","templated":true}]}}