{"id":19434,"date":"2024-02-20T18:00:55","date_gmt":"2024-02-20T23:00:55","guid":{"rendered":"https:\/\/420now.co\/product\/mota-11-cbd-thc-1000mg-teinture\/"},"modified":"2026-02-08T12:17:38","modified_gmt":"2026-02-08T17:17:38","slug":"mota-11-cbd-thc-1000mg-teinture","status":"publish","type":"product","link":"https:\/\/420now.co\/fr-ca\/product\/mota-11-cbd-thc-1000mg-teinture\/","title":{"rendered":"MOTA 1:1 CBD\/THC 1000mg Teinture"},"content":{"rendered":"<p>D\u00e9couvrez les bienfaits remarquables de la teinture 1:1 de Mota, m\u00e9ticuleusement con\u00e7ue pour vous offrir une exp\u00e9rience de bien-\u00eatre in\u00e9gal\u00e9e. Id\u00e9ale pour ceux qui recherchent une solution rapide, sans effort et discr\u00e8te \u00e0 leur gestion quotidienne de leur sant\u00e9, cette teinture change la donne dans le domaine des rem\u00e8des naturels. <\/p>\n<p>La teinture 1:1 de Mota m\u00e9lange harmonieusement deux des compos\u00e9s de cannabis les plus puissants, exploitant tout le spectre des ingr\u00e9dients pour maximiser leur potentiel th\u00e9rapeutique. Cette synergie assure une approche holistique de votre bien-\u00eatre, r\u00e9pondant \u00e0 un large \u00e9ventail de pr\u00e9occupations. <\/p>\n<p>Si vous luttez contre une douleur persistante, les propri\u00e9t\u00e9s anti-inflammatoires de cette teinture font des merveilles pour soulager l\u2019inconfort, vous permettant de profiter de vos activit\u00e9s quotidiennes sans douleur. Pour ceux qui sont sous le nuage du stress et de l\u2019anxi\u00e9t\u00e9, cette teinture offre une \u00e9vasion apaisante, calmant doucement votre esprit et nourrissant un sentiment de paix et de tranquillit\u00e9. <\/p>\n<p>De plus, cette teinture est une alli\u00e9e contre les nuits agit\u00e9es caus\u00e9es par l\u2019insomnie. Ses effets calmants favorisent un sommeil r\u00e9parateur, vous assurant de vous r\u00e9veiller rajeuni et pr\u00eat \u00e0 affronter la journ\u00e9e. Les personnes aux prises avec la d\u00e9pression trouvent \u00e9galement du r\u00e9confort dans les caract\u00e9ristiques d\u2019am\u00e9lioration de l\u2019humeur de ce m\u00e9lange, ce qui en fait un outil polyvalent dans la gestion de la sant\u00e9 mentale.  <\/p>\n<p>Fabriqu\u00e9e avec le plus grand soin et la plus grande pr\u00e9cision, la teinture 1:1 de Mota n\u2019est pas seulement un produit, mais un compagnon dans votre voyage vers une vie plus heureuse et plus saine. Embrassez le pouvoir de la nature et vivez la transformation qu\u2019elle apporte \u00e0 votre bien-\u00eatre. Ne laissez pas la douleur, le stress ou les nuits blanches vous retenir plus longtemps. Essayez la teinture 1:1 de Mota d\u00e8s aujourd\u2019hui et entrez dans un monde de soulagement et de d\u00e9tente.   <\/p>\n<h2>Dosage de teinture Mota 1:1 CBD\/THC<\/h2>\n<p>500 mg de THC + 500 mg de CBD par teinture \/ 16,6 mg de THC + 16,6 mg de CBD par compte-gouttes de 1 ml<\/p>\n<p>Dose recommand\u00e9e : 1\/3 d\u2019un compte-gouttes pour 1 compte-gouttes plein, pris 1 \u00e0 2 fois par jour, de pr\u00e9f\u00e9rence avec de la nourriture. La dose peut \u00eatre ajust\u00e9e en cons\u00e9quence jusqu\u2019\u00e0 ce que les effets souhait\u00e9s soient atteints. <\/p>\n<h2>Livraison de teintures et de produits comestibles Mota dans la r\u00e9gion de Toronto<\/h2>\n<p>Si vous \u00eates dans la r\u00e9gion du Grand Toronto (RGT), vous pouvez obtenir des teintures et des produits comestibles Mota en 2 heures* \u00e0 votre porte! Commandez avant 20 h et l\u2019un de nos chauffeurs vous livrera le jour m\u00eame, 2 heures gratuitement, lorsque vous commandez un minimum de 100,00 $ de l\u2019un des produits sur notre site Web.<\/p>\n<p>*Livraison en deux heures \u00e0 Toronto (Scarborough, North York, Etobicoke, DownTown, York \u2013 toutes les r\u00e9gions \u00e0 l\u2019int\u00e9rieur des fronti\u00e8res de la ville de Toronto), Richmond Hill, King, Aurora, Newmarket, Woodbridge, Vaughan et Markham.<\/p>\n<p>Nous exp\u00e9dions \u00e9galement partout au Canada et dans des r\u00e9gions \u00e9loign\u00e9es en dehors de notre zone de livraison gratuite habituelle.<\/p>\n","protected":false},"excerpt":{"rendered":"<p>D\u00e9couvrez les bienfaits remarquables de la teinture 1:1 de Mota, m\u00e9ticuleusement con\u00e7ue pour vous offrir une exp\u00e9rience de bien-\u00eatre in\u00e9gal\u00e9e. Id\u00e9ale pour ceux qui recherchent une solution rapide, sans effort et discr\u00e8te \u00e0 leur gestion quotidienne de leur sant\u00e9, cette teinture change la donne dans le domaine des rem\u00e8des naturels. <\/p>\n<p>La teinture 1:1 de Mota m\u00e9lange harmonieusement deux des compos\u00e9s de cannabis les plus puissants, exploitant tout le spectre des ingr\u00e9dients pour maximiser leur potentiel th\u00e9rapeutique. Cette synergie assure une approche holistique de votre bien-\u00eatre, r\u00e9pondant \u00e0 un large \u00e9ventail de pr\u00e9occupations. <\/p>\n<p>Si vous luttez contre une douleur persistante, les propri\u00e9t\u00e9s anti-inflammatoires de cette teinture font des merveilles pour soulager l\u2019inconfort, vous permettant de profiter de vos activit\u00e9s quotidiennes sans douleur. Pour ceux qui sont sous le nuage du stress et de l\u2019anxi\u00e9t\u00e9, cette teinture offre une \u00e9vasion apaisante, calmant doucement votre esprit et nourrissant un sentiment de paix et de tranquillit\u00e9. <\/p>\n<p>Plus d\u2019information ci-dessous, y compris la posologie.<\/p>\n","protected":false},"featured_media":17683,"comment_status":"closed","ping_status":"closed","template":"","meta":{"_acf_changed":false},"product_brand":[353],"product_cat":[208,269],"product_tag":[],"class_list":{"0":"post-19434","1":"product","2":"type-product","3":"status-publish","4":"has-post-thumbnail","6":"product_brand-mota","7":"product_cat-cbd-fr-ca","8":"product_cat-teintures","10":"first","11":"instock","12":"shipping-taxable","13":"purchasable","14":"product-type-simple"},"acf":[],"_links":{"self":[{"href":"https:\/\/420now.co\/fr-ca\/wp-json\/wp\/v2\/product\/19434","targetHints":{"allow":["GET"]}}],"collection":[{"href":"https:\/\/420now.co\/fr-ca\/wp-json\/wp\/v2\/product"}],"about":[{"href":"https:\/\/420now.co\/fr-ca\/wp-json\/wp\/v2\/types\/product"}],"replies":[{"embeddable":true,"href":"https:\/\/420now.co\/fr-ca\/wp-json\/wp\/v2\/comments?post=19434"}],"wp:featuredmedia":[{"embeddable":true,"href":"https:\/\/420now.co\/fr-ca\/wp-json\/wp\/v2\/media\/17683"}],"wp:attachment":[{"href":"https:\/\/420now.co\/fr-ca\/wp-json\/wp\/v2\/media?parent=19434"}],"wp:term":[{"taxonomy":"product_brand","embeddable":true,"href":"https:\/\/420now.co\/fr-ca\/wp-json\/wp\/v2\/product_brand?post=19434"},{"taxonomy":"product_cat","embeddable":true,"href":"https:\/\/420now.co\/fr-ca\/wp-json\/wp\/v2\/product_cat?post=19434"},{"taxonomy":"product_tag","embeddable":true,"href":"https:\/\/420now.co\/fr-ca\/wp-json\/wp\/v2\/product_tag?post=19434"}],"curies":[{"name":"wp","href":"https:\/\/api.w.org\/{rel}","templated":true}]}}