{"id":19717,"date":"2025-04-17T11:59:55","date_gmt":"2025-04-17T15:59:55","guid":{"rendered":"https:\/\/420now.co\/product\/pineapple-express-pem-colophane-vivante-2gr-sativa\/"},"modified":"2026-02-09T11:24:21","modified_gmt":"2026-02-09T16:24:21","slug":"pineapple-express-pem-colophane-vivante-2gr-sativa","status":"publish","type":"product","link":"https:\/\/420now.co\/fr-ca\/product\/pineapple-express-pem-colophane-vivante-2gr-sativa\/","title":{"rendered":"Pineapple Express (PEM) Colophane vivante 2gr (Sativa)"},"content":{"rendered":"<p>Colophane vivante dans des vari\u00e9t\u00e9s Sativa , produites par Pineapple Express Meds (PEM). Vous appr\u00e9cierez cette colophane, sachant qu\u2019elle est connue pour \u00eatre meilleure pour vos poumons et offre une exp\u00e9rience de tamponnage tr\u00e8s propre. <span class=\"TextRun SCXW244019235 BCX8 NormalTextRun\" lang=\"EN-CA\" data-contrast=\"auto\">Les connaisseurs de concentr\u00e9s<\/span> appr\u00e9cieront ce produit de PEM, et c\u2019est un produit pour les v\u00e9t\u00e9rans &#8211; les d\u00e9butants doivent \u00eatre prudents lorsqu\u2019ils utilisent toute forme de concentr\u00e9 de cannabis. <\/p>\n<p>2 Grammes &#8211; Sativa<\/p>\n<h2>Pineapple Express (PEM) Livraison de colophane en direct dans la r\u00e9gion du Grand Toronto<\/h2>\n<p>Si vous \u00eates dans la r\u00e9gion du Grand Toronto (RGT), vous pouvez obtenir la colophane vivante Pineapple Extractions (PEM) en 2 heures* \u00e0 votre porte! Commandez avant 20 h et l\u2019un de nos chauffeurs vous livrera le jour m\u00eame, 2 heures gratuitement, lorsque vous commandez un minimum de 100,00 $ de l\u2019un des produits sur notre site Web.<\/p>\n<p>*Livraison en deux heures \u00e0 Toronto (Scarborough, North York, Etobicoke, DownTown, York \u2013 toutes les r\u00e9gions \u00e0 l\u2019int\u00e9rieur des fronti\u00e8res de la ville de Toronto), Richmond Hill, King, Aurora, Newmarket, Woodbridge, Vaughan et Markham.<\/p>\n<p>Nous exp\u00e9dions \u00e9galement partout au Canada et dans des r\u00e9gions \u00e9loign\u00e9es en dehors de notre zone de livraison gratuite habituelle.<\/p>\n","protected":false},"excerpt":{"rendered":"<p>Colophane vivante dans des vari\u00e9t\u00e9s Sativa , produites par Pineapple Express Meds (PEM). Vous appr\u00e9cierez cette colophane, sachant qu\u2019elle est connue pour \u00eatre meilleure pour vos poumons et offre une exp\u00e9rience de tamponnage tr\u00e8s propre. <span class=\"TextRun SCXW244019235 BCX8 NormalTextRun\" lang=\"EN-CA\" data-contrast=\"auto\">Les connaisseurs de concentr\u00e9s<\/span> appr\u00e9cieront ce produit de PEM, et c\u2019est un produit pour les v\u00e9t\u00e9rans &#8211; les d\u00e9butants doivent \u00eatre prudents lorsqu\u2019ils utilisent toute forme de concentr\u00e9 de cannabis. <\/p>\n<p>2 grammes &#8211; Sativa .<\/p>\n","protected":false},"featured_media":19721,"comment_status":"closed","ping_status":"closed","template":"","meta":{"_acf_changed":false},"product_brand":[365],"product_cat":[214],"product_tag":[],"class_list":{"0":"post-19717","1":"product","2":"type-product","3":"status-publish","4":"has-post-thumbnail","6":"product_brand-pineapple-express-meds-pem","7":"product_cat-resine-vivante","9":"first","10":"instock","11":"shipping-taxable","12":"purchasable","13":"product-type-simple"},"acf":[],"_links":{"self":[{"href":"https:\/\/420now.co\/fr-ca\/wp-json\/wp\/v2\/product\/19717","targetHints":{"allow":["GET"]}}],"collection":[{"href":"https:\/\/420now.co\/fr-ca\/wp-json\/wp\/v2\/product"}],"about":[{"href":"https:\/\/420now.co\/fr-ca\/wp-json\/wp\/v2\/types\/product"}],"replies":[{"embeddable":true,"href":"https:\/\/420now.co\/fr-ca\/wp-json\/wp\/v2\/comments?post=19717"}],"wp:featuredmedia":[{"embeddable":true,"href":"https:\/\/420now.co\/fr-ca\/wp-json\/wp\/v2\/media\/19721"}],"wp:attachment":[{"href":"https:\/\/420now.co\/fr-ca\/wp-json\/wp\/v2\/media?parent=19717"}],"wp:term":[{"taxonomy":"product_brand","embeddable":true,"href":"https:\/\/420now.co\/fr-ca\/wp-json\/wp\/v2\/product_brand?post=19717"},{"taxonomy":"product_cat","embeddable":true,"href":"https:\/\/420now.co\/fr-ca\/wp-json\/wp\/v2\/product_cat?post=19717"},{"taxonomy":"product_tag","embeddable":true,"href":"https:\/\/420now.co\/fr-ca\/wp-json\/wp\/v2\/product_tag?post=19717"}],"curies":[{"name":"wp","href":"https:\/\/api.w.org\/{rel}","templated":true}]}}