{"id":19728,"date":"2025-04-17T16:58:11","date_gmt":"2025-04-17T20:58:11","guid":{"rendered":"https:\/\/420now.co\/?post_type=product&#038;p=19728"},"modified":"2026-02-09T11:17:57","modified_gmt":"2026-02-09T16:17:57","slug":"pineapple-express-meds-diamants-copy","status":"publish","type":"product","link":"https:\/\/420now.co\/fr-ca\/product\/pineapple-express-meds-diamants-copy\/","title":{"rendered":"Pineapple Express Meds Diamonds (Sativa)"},"content":{"rendered":"<p>Extr\u00eamement puissant \u2013 les diamants de THC sont class\u00e9s comme le concentr\u00e9 de cannabis le plus puissant! Un symbole de statut pour les v\u00e9t\u00e9rans qui savent ce qu\u2019ils peuvent g\u00e9rer en saveur, concentration et puissance. <\/p>\n<p>Les diamants sont aussi tr\u00e8s appr\u00e9ci\u00e9s des usagers m\u00e9dicaux souffrant de conditions de sant\u00e9 r\u00e9sistantes aux traitements difficiles.<\/p>\n<p>Si vous \u00eates pr\u00eat pour un high qui pourrait durer des heures, essayez ces diamants Pineapple Express .<\/p>\n<p>Sativa<\/p>\n","protected":false},"excerpt":{"rendered":"<p>Extr\u00eamement puissant \u2013 les diamants de THC sont class\u00e9s comme le concentr\u00e9 de cannabis le plus puissant! Un symbole de statut pour les v\u00e9t\u00e9rans qui savent ce qu\u2019ils peuvent g\u00e9rer en saveur, concentration et puissance. <\/p>\n<p>Les diamants sont aussi tr\u00e8s appr\u00e9ci\u00e9s des usagers m\u00e9dicaux souffrant de conditions de sant\u00e9 r\u00e9sistantes aux traitements difficiles.<\/p>\n<p>Si vous \u00eates pr\u00eat pour un high qui pourrait durer des heures, essayez ces diamants Pineapple Express .<\/p>\n<p>Sativa<\/p>\n","protected":false},"featured_media":19730,"comment_status":"open","ping_status":"closed","template":"","meta":{"_acf_changed":false},"product_brand":[365],"product_cat":[211],"product_tag":[],"class_list":{"0":"post-19728","1":"product","2":"type-product","3":"status-publish","4":"has-post-thumbnail","6":"product_brand-pineapple-express-meds-pem","7":"product_cat-diamants","9":"first","10":"instock","11":"shipping-taxable","12":"purchasable","13":"product-type-simple"},"acf":[],"_links":{"self":[{"href":"https:\/\/420now.co\/fr-ca\/wp-json\/wp\/v2\/product\/19728","targetHints":{"allow":["GET"]}}],"collection":[{"href":"https:\/\/420now.co\/fr-ca\/wp-json\/wp\/v2\/product"}],"about":[{"href":"https:\/\/420now.co\/fr-ca\/wp-json\/wp\/v2\/types\/product"}],"replies":[{"embeddable":true,"href":"https:\/\/420now.co\/fr-ca\/wp-json\/wp\/v2\/comments?post=19728"}],"wp:featuredmedia":[{"embeddable":true,"href":"https:\/\/420now.co\/fr-ca\/wp-json\/wp\/v2\/media\/19730"}],"wp:attachment":[{"href":"https:\/\/420now.co\/fr-ca\/wp-json\/wp\/v2\/media?parent=19728"}],"wp:term":[{"taxonomy":"product_brand","embeddable":true,"href":"https:\/\/420now.co\/fr-ca\/wp-json\/wp\/v2\/product_brand?post=19728"},{"taxonomy":"product_cat","embeddable":true,"href":"https:\/\/420now.co\/fr-ca\/wp-json\/wp\/v2\/product_cat?post=19728"},{"taxonomy":"product_tag","embeddable":true,"href":"https:\/\/420now.co\/fr-ca\/wp-json\/wp\/v2\/product_tag?post=19728"}],"curies":[{"name":"wp","href":"https:\/\/api.w.org\/{rel}","templated":true}]}}