{"id":19769,"date":"2025-04-19T15:06:14","date_gmt":"2025-04-19T19:06:14","guid":{"rendered":"https:\/\/420now.co\/?post_type=product&#038;p=19769"},"modified":"2025-04-19T15:07:19","modified_gmt":"2025-04-19T19:07:19","slug":"popeyes-extractions-canna-leaf-gummies-copy-2","status":"publish","type":"product","link":"https:\/\/420now.co\/fr-ca\/product\/popeyes-extractions-canna-leaf-gummies-copy-2\/","title":{"rendered":"Popeyes Extractions Canna Leaf Gummies Achetez 10 pour 80 $!!"},"content":{"rendered":"<p>400 mg de THC par paquet, 2 gommes 200 mg de THC par pi\u00e8ce<\/p>\n","protected":false},"excerpt":{"rendered":"<p>400 mg de THC par paquet, 2 gommes 200 mg de THC par pi\u00e8ce. Go\u00fbt fruit\u00e9 sucr\u00e9! <\/p>\n","protected":false},"featured_media":17476,"comment_status":"open","ping_status":"closed","template":"","meta":{"_acf_changed":false},"product_brand":[181],"product_cat":[225,219,231],"product_tag":[312],"class_list":{"0":"post-19769","1":"product","2":"type-product","3":"status-publish","4":"has-post-thumbnail","6":"product_brand-popeyes-extractions","7":"product_cat-bonbons","8":"product_cat-comestibles","9":"product_cat-gummies-fr-ca","10":"product_tag-popeyes-fr-ca","12":"first","13":"instock","14":"sale","15":"shipping-taxable","16":"purchasable","17":"product-type-simple"},"acf":[],"_links":{"self":[{"href":"https:\/\/420now.co\/fr-ca\/wp-json\/wp\/v2\/product\/19769","targetHints":{"allow":["GET"]}}],"collection":[{"href":"https:\/\/420now.co\/fr-ca\/wp-json\/wp\/v2\/product"}],"about":[{"href":"https:\/\/420now.co\/fr-ca\/wp-json\/wp\/v2\/types\/product"}],"replies":[{"embeddable":true,"href":"https:\/\/420now.co\/fr-ca\/wp-json\/wp\/v2\/comments?post=19769"}],"wp:featuredmedia":[{"embeddable":true,"href":"https:\/\/420now.co\/fr-ca\/wp-json\/wp\/v2\/media\/17476"}],"wp:attachment":[{"href":"https:\/\/420now.co\/fr-ca\/wp-json\/wp\/v2\/media?parent=19769"}],"wp:term":[{"taxonomy":"product_brand","embeddable":true,"href":"https:\/\/420now.co\/fr-ca\/wp-json\/wp\/v2\/product_brand?post=19769"},{"taxonomy":"product_cat","embeddable":true,"href":"https:\/\/420now.co\/fr-ca\/wp-json\/wp\/v2\/product_cat?post=19769"},{"taxonomy":"product_tag","embeddable":true,"href":"https:\/\/420now.co\/fr-ca\/wp-json\/wp\/v2\/product_tag?post=19769"}],"curies":[{"name":"wp","href":"https:\/\/api.w.org\/{rel}","templated":true}]}}