{"id":20375,"date":"2025-06-10T09:49:09","date_gmt":"2025-06-10T13:49:09","guid":{"rendered":"https:\/\/420now.co\/?post_type=product&#038;p=20375"},"modified":"2026-03-15T19:35:24","modified_gmt":"2026-03-15T23:35:24","slug":"left-coast-gummy-co-1200-mg-thc-copy","status":"publish","type":"product","link":"https:\/\/420now.co\/fr-ca\/product\/left-coast-gummy-co-1200-mg-thc-copy\/","title":{"rendered":"Left Coast Gummy Co. 4000 mg THC"},"content":{"rendered":"<h2>Left Coast Gummies 4000 mg de THC \u2013 M\u00e9dicaments s\u00e9rieux contre la douleur et le sommeil!<\/h2>\n<p>Avec 4000 mg de THC par paquet, ce paquet de Left Coast Gummies est un grand favori aupr\u00e8s des amateurs de comestibles qui pourraient vouloir exp\u00e9rimenter des doses extr\u00eames de THC. Elles ont un excellent go\u00fbt avec une vari\u00e9t\u00e9 de saveurs all\u00e9chantes dans chaque paquet. Les ingr\u00e9dients comprennent une liste presque 100% biologique, incluant de l\u2019eau de source naturelle, de la g\u00e9latine, du sucre de canne biologique, un extrait de cannabis biologique propri\u00e9taire, de l\u2019acide citrique, des ar\u00f4mes et colorants naturels.  <\/p>\n<p>Chaque paquet contient 40 bonbons g\u00e9lifi\u00e9s. Il y a 100 mg de THC dans chaque bonbon g\u00e9lifi\u00e9. Les Left Coast Gummies sont une fa\u00e7on d\u00e9licieuse de manger des produits alimentaires!  <\/p>\n<p>Certains ont rapport\u00e9 que les Left Coast Gummies ont aid\u00e9 pour la douleur et comme aide au sommeil. Bien s\u00fbr, ils sont parfaits pour planer entre amis ou seuls quand il faut de la discr\u00e9tion et que fumer n\u2019est pas une bonne id\u00e9e. <\/p>\n<p>Produit avec la technologie Nano Emulsion pour une absorption rapide et des effets rapides. Fabriqu\u00e9 en Colombie-Britannique, Canada. <\/p>\n<h2>Livraison gratuite sur les bonbons g\u00e9lifi\u00e9s de la c\u00f4te gauche dans GTA<\/h2>\n<p>Les Left Coast Gummies 1200 mg sont parmi nos produits les plus recherch\u00e9s \u2013 et si vous commandez dans la r\u00e9gion du Grand Toronto avant 20 h, nous pouvons les avoir \u00e0 votre porte pour une livraison gratuite en 2 heures!* La livraison gratuite est bas\u00e9e sur une commande minimale de 100,00 $ \u2013 incluant tous nos produits. Vous n\u2019\u00eates pas oblig\u00e9 de commander 4 paquets de Left Coast Gummies \u2013 sauf si vous le souhaitez, bien s\u00fbr! N\u2019h\u00e9sitez pas \u00e0 m\u00e9langer et assortir parmi notre s\u00e9lection de produits et tant que votre commande totale s\u2019\u00e9l\u00e8ve \u00e0 100,00 $ (ou plus), vous b\u00e9n\u00e9ficierez d\u2019une livraison gratuite dans la r\u00e9gion du Grand Toronto.<\/p>\n<p>*Livraison en deux heures \u00e0 Toronto (Scarborough, North York, Etobicoke, DownTown, York \u2013 toutes les r\u00e9gions \u00e0 l\u2019int\u00e9rieur des fronti\u00e8res de la ville de Toronto), Richmond Hill, King, Aurora, Newmarket, Woodbridge, Vaughan et Markham.<\/p>\n<p>Nous acceptons le paiement par courriel, Interac et paiement \u00e0 la livraison.<\/p>\n<h2>Exp\u00e9dition \u00e0 l\u2019\u00e9chelle du Canada Gummies de la c\u00f4te gauche 4000 mg THC<\/h2>\n<p>Nous pouvons aussi exp\u00e9dier Left Coast Gummies partout au Canada avec une commande minimale (mais le paiement doit \u00eatre effectu\u00e9 avant l\u2019exp\u00e9dition) de 150,00 $ pour la livraison gratuite. Nos clients adorent ces comestibles au cannabis \u2013 si vous ne les avez jamais essay\u00e9s, vous devriez le faire! <\/p>\n<p>Vas-y, essaie ces d\u00e9licieuses bonbons g\u00e9lifi\u00e9es! On sait que tu seras content de l\u2019avoir fait. <\/p>\n<p><strong>La livraison gratuite dans la r\u00e9gion du Grand Toronto comprend Toronto, Vaughan, Richmond Hill, Thornhill, Markham, Newmarket, Aurora, Caledon, Bolton, Unionville, North York, Scarborough, Etobicoke, Mississauga, Brampton, King (City) <a href=\"https:\/\/420now.co\/fr-ca\/region-du-grand-toronto-rgt-livraison-gratuite\/\">Township \u2013 voir notre couverture compl\u00e8te ici<\/a>.<\/strong><\/p>\n","protected":false},"excerpt":{"rendered":"<p>Left Coast Gummy Co. est une entreprise de produits comestibles qui a explos\u00e9 dans la communaut\u00e9 du cannabis. Maintenant avec un nouveau package \u00e0 teneur plus \u00e9lev\u00e9e en THC \u2013 un \u00e9norme 4000 mg de THC par paquet!! <\/p>\n<p>Tout le monde vante les Left Coast Gummies \u2013 et vous aussi, une fois que vous les aurez essay\u00e9s. Ceux-ci sont excellents pour soulager la douleur ou pour un coup de pouce de sommeil n\u00e9cessaire. Mais soyez prudent \u2013 ce produit a une teneur en THC tr\u00e8s, tr\u00e8s \u00e9lev\u00e9e. Si vous d\u00e9butez, pensez au paquet <a href=\"https:\/\/420now.co\/fr-ca\/product\/left-coast-gummy-co-150-mg-thc\/\" target=\"_blank\" rel=\"noopener\">de 150 mg de THC de Left Coast Gummy Co<\/a> . \u2013 ou commencez avec de petits morceaux d\u2019un seul gommeux pour \u00e9valuer les effets sur vous. On trouve aussi le <a href=\"https:\/\/420now.co\/fr-ca\/product\/left-coast-gummy-co-600-mg-thc\/\" target=\"_blank\" rel=\"noopener\">paquet de 600 mg de THC de Left Coast Gummy Co<\/a>.    <\/p>\n<p>Commandez d\u00e8s maintenant des Left Coast Gummies, et nous les recevrons \u00e0 votre porte dans la r\u00e9gion du Grand Toronto avant 22 h (il faut commander avant 20 h).<\/p>\n<p>M\u00e9dicament comestible au cannabis (comestible m\u00e9dicamenteux).<\/p>\n<p>Chaque paquet contient 40 bonbons g\u00e9lifi\u00e9s. Chaque bonbon g\u00e9lifi\u00e9 contient un gros boost de 100 mg de THC pour un dosage pr\u00e9cis. <\/p>\n","protected":false},"featured_media":20377,"comment_status":"open","ping_status":"closed","template":"","meta":{"_acf_changed":false},"product_brand":[344],"product_cat":[231],"product_tag":[306],"class_list":{"0":"post-20375","1":"product","2":"type-product","3":"status-publish","4":"has-post-thumbnail","6":"product_brand-left-coast-gummy-co","7":"product_cat-gummies-fr-ca","8":"product_tag-left-coast-gummies-fr-ca","10":"first","11":"instock","12":"shipping-taxable","13":"purchasable","14":"product-type-simple"},"acf":[],"_links":{"self":[{"href":"https:\/\/420now.co\/fr-ca\/wp-json\/wp\/v2\/product\/20375","targetHints":{"allow":["GET"]}}],"collection":[{"href":"https:\/\/420now.co\/fr-ca\/wp-json\/wp\/v2\/product"}],"about":[{"href":"https:\/\/420now.co\/fr-ca\/wp-json\/wp\/v2\/types\/product"}],"replies":[{"embeddable":true,"href":"https:\/\/420now.co\/fr-ca\/wp-json\/wp\/v2\/comments?post=20375"}],"wp:featuredmedia":[{"embeddable":true,"href":"https:\/\/420now.co\/fr-ca\/wp-json\/wp\/v2\/media\/20377"}],"wp:attachment":[{"href":"https:\/\/420now.co\/fr-ca\/wp-json\/wp\/v2\/media?parent=20375"}],"wp:term":[{"taxonomy":"product_brand","embeddable":true,"href":"https:\/\/420now.co\/fr-ca\/wp-json\/wp\/v2\/product_brand?post=20375"},{"taxonomy":"product_cat","embeddable":true,"href":"https:\/\/420now.co\/fr-ca\/wp-json\/wp\/v2\/product_cat?post=20375"},{"taxonomy":"product_tag","embeddable":true,"href":"https:\/\/420now.co\/fr-ca\/wp-json\/wp\/v2\/product_tag?post=20375"}],"curies":[{"name":"wp","href":"https:\/\/api.w.org\/{rel}","templated":true}]}}