{"id":20870,"date":"2025-07-09T17:25:01","date_gmt":"2025-07-09T21:25:01","guid":{"rendered":"https:\/\/420now.co\/?post_type=product&#038;p=20870"},"modified":"2026-02-08T15:16:12","modified_gmt":"2026-02-08T20:16:12","slug":"champignons-albinos-a-copy","status":"publish","type":"product","link":"https:\/\/420now.co\/fr-ca\/product\/champignons-albinos-a-copy\/","title":{"rendered":"Code Champignons bleus"},"content":{"rendered":"<p>Les champignons magiques Code Blue offrent une exp\u00e9rience puissante connue pour m\u00e9langer des visuels puissants avec une introspection profonde et m\u00e9ditative. Bien que les origines de cette vari\u00e9t\u00e9 rare soient quelque peu myst\u00e9rieuses, ce qui est clair, c\u2019est sa forte concentration en psilocybine et sa r\u00e9putation de produire des voyages intens\u00e9ment immersifs. Le nom \u00ab Code Blue \u00bb peut sembler clinique, mais l\u2019exp\u00e9rience est tout sauf : les utilisateurs rapportent des fractales vibrantes, des perc\u00e9es \u00e9motionnelles et un sentiment de dilatation du temps qui peut donner l\u2019impression d\u2019avoir voyag\u00e9 \u00e0 travers les dimensions.  <\/p>\n<p>Les caract\u00e9ristiques visuelles des champignons Code Blue, souvent pr\u00e9sents d\u2019ecchymoses bleut\u00e9es profondes, laissent entrevoir leur puissance. L\u2019apparition initiale peut commencer par de l\u00e9gers picotements corporels et des changements perceptifs avant de se transformer en effets psych\u00e9d\u00e9liques \u00e0 spectre complet : couleurs tourbillonnantes, motifs fluides et une connexion profonde avec la musique, la m\u00e9moire et les \u00e9motions. Id\u00e9al pour les sessions en solo, les promenades dans la nature ou les voyages int\u00e9rieurs guid\u00e9s, Code Blue convient mieux aux utilisateurs interm\u00e9diaires \u00e0 avanc\u00e9s en raison de son intensit\u00e9.  <\/p>\n<p>Que vous recherchiez une vision personnelle, un coup de pouce \u00e0 la cr\u00e9ativit\u00e9 ou que vous souhaitiez simplement d\u00e9couvrir la magie du Psilocybe cubensis de haute qualit\u00e9, Code Blue offre une balade propre, puissante et \u00e9panouissante. Disponible en tailles de 1\/4 oz et pleine oz, cette vari\u00e9t\u00e9 est votre billet pour une dimension plus profonde. <\/p>\n<h2>Code Blue Magic Mushroom Livraison gratuite en 2 heures dans la r\u00e9gion du Grand Toronto<\/h2>\n<p><strong>Livraison gratuite de 2 heures<\/strong> avec une commande minimale de 100,00 $ de n\u2019importe lequel de nos produits, y compris Code Blue Magic Mushrooms de 420Now Weed Delivery. Veuillez commander avant 20 h pour une livraison de deux heures le jour m\u00eame. <\/p>\n<p>*Livraison en deux heures \u00e0 Toronto (Scarborough, North York, Etobicoke, DownTown, York &#8211; toutes les r\u00e9gions \u00e0 l\u2019int\u00e9rieur des fronti\u00e8res de la ville de Toronto), Richmond Hill, King, Aurora, Newmarket, Woodbridge, Vaughan et Markham.<\/p>\n<p>\u00c9galement disponible pour exp\u00e9dition partout au Canada.<\/p>\n","protected":false},"excerpt":{"rendered":"<p>Plongez au c\u0153ur de la s\u00e9r\u00e9nit\u00e9 psych\u00e9d\u00e9lique avec Code Blue.  <\/p>\n<p>Connue pour ses voyages visuels intenses et ses effets profond\u00e9ment introspectifs, cette vari\u00e9t\u00e9 est id\u00e9ale pour les utilisateurs exp\u00e9riment\u00e9s qui cherchent \u00e0 am\u00e9liorer leur exploration int\u00e9rieure. Attendez-vous \u00e0 des vagues de couleur, des motifs fluides et un lien \u00e9motionnel accru avec le son, la pens\u00e9e et la m\u00e9moire.   <\/p>\n<p>Que vous fassiez du microdosage ou que vous y alliez \u00e0 fond, Code Blue ne se contente pas de d\u00e9bloquer l\u2019esprit, il le remixe.<\/p>\n","protected":false},"featured_media":20877,"comment_status":"open","ping_status":"closed","template":"","meta":{"_acf_changed":false},"product_brand":[],"product_cat":[237],"product_tag":[],"class_list":{"0":"post-20870","1":"product","2":"type-product","3":"status-publish","4":"has-post-thumbnail","6":"product_cat-champignons-secs","8":"first","9":"instock","10":"shipping-taxable","11":"purchasable","12":"product-type-variable"},"acf":[],"_links":{"self":[{"href":"https:\/\/420now.co\/fr-ca\/wp-json\/wp\/v2\/product\/20870","targetHints":{"allow":["GET"]}}],"collection":[{"href":"https:\/\/420now.co\/fr-ca\/wp-json\/wp\/v2\/product"}],"about":[{"href":"https:\/\/420now.co\/fr-ca\/wp-json\/wp\/v2\/types\/product"}],"replies":[{"embeddable":true,"href":"https:\/\/420now.co\/fr-ca\/wp-json\/wp\/v2\/comments?post=20870"}],"wp:featuredmedia":[{"embeddable":true,"href":"https:\/\/420now.co\/fr-ca\/wp-json\/wp\/v2\/media\/20877"}],"wp:attachment":[{"href":"https:\/\/420now.co\/fr-ca\/wp-json\/wp\/v2\/media?parent=20870"}],"wp:term":[{"taxonomy":"product_brand","embeddable":true,"href":"https:\/\/420now.co\/fr-ca\/wp-json\/wp\/v2\/product_brand?post=20870"},{"taxonomy":"product_cat","embeddable":true,"href":"https:\/\/420now.co\/fr-ca\/wp-json\/wp\/v2\/product_cat?post=20870"},{"taxonomy":"product_tag","embeddable":true,"href":"https:\/\/420now.co\/fr-ca\/wp-json\/wp\/v2\/product_tag?post=20870"}],"curies":[{"name":"wp","href":"https:\/\/api.w.org\/{rel}","templated":true}]}}