{"id":20882,"date":"2025-07-09T17:47:47","date_gmt":"2025-07-09T21:47:47","guid":{"rendered":"https:\/\/420now.co\/?post_type=product&#038;p=20882"},"modified":"2026-02-08T15:15:09","modified_gmt":"2026-02-08T20:15:09","slug":"code-champignons-bleus-copy","status":"publish","type":"product","link":"https:\/\/420now.co\/fr-ca\/product\/code-champignons-bleus-copy\/","title":{"rendered":"Jedi Mind Fuck Champignons"},"content":{"rendered":"<p>Les champignons magiques Jedi Mind Fuck sont \u00e0 la hauteur de leur nom audacieux avec des effets intenses qui d\u00e9forment la r\u00e9alit\u00e9 et qui conviennent mieux aux utilisateurs exp\u00e9riment\u00e9s. Membre puissant de la famille des Psilocybe cubensis, cette vari\u00e9t\u00e9 est tr\u00e8s recherch\u00e9e pour son apparition rapide, ses distorsions visuelles trippantes et ses profondes intuitions \u00e9motionnelles et philosophiques. Attendez-vous \u00e0 des visuels kal\u00e9idoscopiques, des tra\u00een\u00e9es de couleurs, des r\u00e9p\u00e9titions de motifs et une conscience accrue de la pens\u00e9e et des sentiments.  <\/p>\n<p>L\u2019exp\u00e9rience Jedi Mind Fuck est souvent d\u00e9crite comme \u00e0 la fois ludique et profonde. Les utilisateurs rapportent des \u00e9clats de rire soudains, des souvenirs charg\u00e9s d\u2019\u00e9motions et un curieux d\u00e9tachement du temps lin\u00e9aire, ayant parfois l\u2019impression que les heures passent en quelques minutes ou vice versa. Il est connu pour \u00eatre mentalement stimulant, menant souvent \u00e0 des sch\u00e9mas de pens\u00e9e abstraits et expansifs, renforc\u00e9s par une distorsion surr\u00e9aliste de l\u2019espace physique et du son.  <\/p>\n<p>Physiquement, les champignons ont tendance \u00e0 avoir des tiges \u00e9paisses et des chapeaux moyens \u00e0 grands, montrant souvent de fortes ecchymoses bleues &#8211; un signe r\u00e9v\u00e9lateur d\u2019une teneur \u00e9lev\u00e9e en psilocybine. Cette vari\u00e9t\u00e9 est id\u00e9ale pour les voyages en solo, les explorations int\u00e9rieures aliment\u00e9es par la musique ou les s\u00e9ances de m\u00e9ditation profondes sous les \u00e9toiles. <\/p>\n<p>Si vous recherchez une vari\u00e9t\u00e9 puissante qui ne fait pas de prisonniers, Jedi Mind Fuck mettra votre esprit au d\u00e9fi, \u00e9l\u00e8vera votre \u00e2me et vous laissera peut-\u00eatre rire devant le tissu de l\u2019univers. Disponible en tailles de 1\/4 oz et pleine oz &#8211; pour ceux qui sont pr\u00eats \u00e0 voyager \u00e0 des ann\u00e9es-lumi\u00e8re sans quitter la pi\u00e8ce. <\/p>\n<h2>Jedi Mind Fuck Magic Mushroom Livraison gratuite en 2 heures dans la r\u00e9gion du Grand Toronto<\/h2>\n<p><strong>Livraison gratuite en 2 heures<\/strong> avec une commande minimale de 100,00 $ de l\u2019un de nos produits, y compris les champignons magiques albinos de 420Now Weed Delivery. Veuillez commander avant 20 h pour une livraison en deux heures le jour m\u00eame. <\/p>\n<p>*Livraison en deux heures \u00e0 Toronto (Scarborough, North York, Etobicoke, DownTown, York &#8211; toutes les r\u00e9gions \u00e0 l\u2019int\u00e9rieur des fronti\u00e8res de la ville de Toronto), Richmond Hill, King, Aurora, Newmarket, Woodbridge, Vaughan et Markham.<\/p>\n<p>\u00c9galement disponible pour exp\u00e9dition partout au Canada.<\/p>\n","protected":false},"excerpt":{"rendered":"<p>Faites un voyage \u00e0 grande vitesse dans votre conscience avec Jedi Mind Fuck.  <\/p>\n<p>Cette vari\u00e9t\u00e9 l\u00e9gendaire est connue pour ses visuels rapides et percutants, sa profonde perspicacit\u00e9 \u00e9motionnelle et son voyage psych\u00e9d\u00e9lique inoubliable. Attendez-vous \u00e0 une g\u00e9om\u00e9trie fluide, \u00e0 une distorsion temporelle et \u00e0 des moments de confusion b\u00e9ate.   <\/p>\n<p>Un favori culte parmi les psychonautes exp\u00e9riment\u00e9s &#8211; ce n\u2019est pas le champignon de votre d\u00e9butant.<\/p>\n","protected":false},"featured_media":20886,"comment_status":"open","ping_status":"closed","template":"","meta":{"_acf_changed":false},"product_brand":[],"product_cat":[237],"product_tag":[],"class_list":{"0":"post-20882","1":"product","2":"type-product","3":"status-publish","4":"has-post-thumbnail","6":"product_cat-champignons-secs","8":"first","9":"instock","10":"shipping-taxable","11":"purchasable","12":"product-type-variable"},"acf":[],"_links":{"self":[{"href":"https:\/\/420now.co\/fr-ca\/wp-json\/wp\/v2\/product\/20882","targetHints":{"allow":["GET"]}}],"collection":[{"href":"https:\/\/420now.co\/fr-ca\/wp-json\/wp\/v2\/product"}],"about":[{"href":"https:\/\/420now.co\/fr-ca\/wp-json\/wp\/v2\/types\/product"}],"replies":[{"embeddable":true,"href":"https:\/\/420now.co\/fr-ca\/wp-json\/wp\/v2\/comments?post=20882"}],"wp:featuredmedia":[{"embeddable":true,"href":"https:\/\/420now.co\/fr-ca\/wp-json\/wp\/v2\/media\/20886"}],"wp:attachment":[{"href":"https:\/\/420now.co\/fr-ca\/wp-json\/wp\/v2\/media?parent=20882"}],"wp:term":[{"taxonomy":"product_brand","embeddable":true,"href":"https:\/\/420now.co\/fr-ca\/wp-json\/wp\/v2\/product_brand?post=20882"},{"taxonomy":"product_cat","embeddable":true,"href":"https:\/\/420now.co\/fr-ca\/wp-json\/wp\/v2\/product_cat?post=20882"},{"taxonomy":"product_tag","embeddable":true,"href":"https:\/\/420now.co\/fr-ca\/wp-json\/wp\/v2\/product_tag?post=20882"}],"curies":[{"name":"wp","href":"https:\/\/api.w.org\/{rel}","templated":true}]}}