{"id":20892,"date":"2025-07-09T17:54:35","date_gmt":"2025-07-09T21:54:35","guid":{"rendered":"https:\/\/420now.co\/?post_type=product&#038;p=20892"},"modified":"2026-02-08T15:17:19","modified_gmt":"2026-02-08T20:17:19","slug":"jedi-mind-fuck-champignons-copy","status":"publish","type":"product","link":"https:\/\/420now.co\/fr-ca\/product\/jedi-mind-fuck-champignons-copy\/","title":{"rendered":"Champignons Enigma"},"content":{"rendered":"<p>Les champignons magiques Enigma se distinguent comme une variante rare et intrigante du Psilocybe cubensis. Connue pour ses bizarreries g\u00e9n\u00e9tiques, cette vari\u00e9t\u00e9 ne montre souvent aucune lib\u00e9ration de spores, ce qui ajoute \u00e0 son aura de mystique chez les cultivateurs et les trippers. Sa g\u00e9n\u00e9tique impr\u00e9visible se pr\u00eate \u00e0 une puissance surprenante, attirant les amateurs qui ont envie de quelque chose de rare et visuellement puissant.<\/p>\n<p>Visuellement, Enigma offre un voyage sensoriel kal\u00e9idoscopique. Les utilisateurs signalent g\u00e9n\u00e9ralement des fractales tourbillonnantes, une perception am\u00e9lior\u00e9e des couleurs et des superpositions visuelles vives, transformant votre environnement en \u0153uvre d\u2019art vivante. De nombreux cultivateurs remarquent des ecchymoses bleu fonc\u00e9 sur les chapeaux avant m\u00eame la pleine maturit\u00e9 &#8211; un signe indubitable de sa force.  <\/p>\n<p>Id\u00e9ale pour les psychonautes exp\u00e9riment\u00e9s, l\u2019Enigma est souvent r\u00e9colt\u00e9e lorsque des ecchymoses bleu-vert apparaissent, g\u00e9n\u00e9ralement 4 semaines apr\u00e8s le d\u00e9but de la fructification, pour assurer une puissance maximale.<\/p>\n<p>C\u2019est un choix parfait pour l\u2019introspection, l\u2019expression cr\u00e9ative ou simplement pour se promener dans un univers int\u00e9rieur peint de mani\u00e8re complexe.<\/p>\n<p>Si vous \u00eates pr\u00eat pour quelque chose d\u2019inhabituel, quelque chose qui d\u00e9fie et mystifie l\u2019esprit, Enigma est plus qu\u2019une tension. C\u2019est un casse-t\u00eate qui attend d\u2019\u00eatre v\u00e9cu. Disponible en options de 1\/4 oz et d\u2019onces compl\u00e8tes pour ceux qui ont l\u2019audace d\u2019explorer.  <\/p>\n<h2>Enigma Magic Mushroom Livraison gratuite en 2 heures dans la r\u00e9gion du Grand Toronto<\/h2>\n<p><strong>Livraison gratuite en 2 heures<\/strong> avec une commande minimale de 100,00 $ de n\u2019importe lequel de nos produits, y compris les champignons magiques Enigma de 420Now Weed Delivery. Veuillez commander avant 20 h pour une livraison de deux heures le jour m\u00eame. <\/p>\n<p>*Livraison en deux heures \u00e0 Toronto (Scarborough, North York, Etobicoke, DownTown, York &#8211; toutes les r\u00e9gions \u00e0 l\u2019int\u00e9rieur des fronti\u00e8res de la ville de Toronto), Richmond Hill, King, Aurora, Newmarket, Woodbridge, Vaughan et Markham.<\/p>\n<p>\u00c9galement disponible pour exp\u00e9dition partout au Canada.<\/p>\n","protected":false},"excerpt":{"rendered":"<p>Percez les myst\u00e8res de votre esprit avec Enigma.  <\/p>\n<p>Variante mutante rare de Psilocybe cubensis, cette vari\u00e9t\u00e9 offre une exp\u00e9rience visuelle unique et profond\u00e9ment immersive. Attendez-vous \u00e0 des motifs \u00e9poustouflants, \u00e0 des visuels vibrants et \u00e0 une ambiance d\u2019un autre monde qui reste longtemps apr\u00e8s le voyage.   <\/p>\n<p>Parfait pour les explorateurs psych\u00e9d\u00e9liques \u00e0 la recherche de quelque chose de hors des sentiers battus, si vous pouvez g\u00e9rer le myst\u00e8re, Enigma vous attend.<\/p>\n","protected":false},"featured_media":20898,"comment_status":"open","ping_status":"closed","template":"","meta":{"_acf_changed":false},"product_brand":[],"product_cat":[237],"product_tag":[],"class_list":{"0":"post-20892","1":"product","2":"type-product","3":"status-publish","4":"has-post-thumbnail","6":"product_cat-champignons-secs","8":"first","9":"instock","10":"shipping-taxable","11":"purchasable","12":"product-type-variable"},"acf":[],"_links":{"self":[{"href":"https:\/\/420now.co\/fr-ca\/wp-json\/wp\/v2\/product\/20892","targetHints":{"allow":["GET"]}}],"collection":[{"href":"https:\/\/420now.co\/fr-ca\/wp-json\/wp\/v2\/product"}],"about":[{"href":"https:\/\/420now.co\/fr-ca\/wp-json\/wp\/v2\/types\/product"}],"replies":[{"embeddable":true,"href":"https:\/\/420now.co\/fr-ca\/wp-json\/wp\/v2\/comments?post=20892"}],"wp:featuredmedia":[{"embeddable":true,"href":"https:\/\/420now.co\/fr-ca\/wp-json\/wp\/v2\/media\/20898"}],"wp:attachment":[{"href":"https:\/\/420now.co\/fr-ca\/wp-json\/wp\/v2\/media?parent=20892"}],"wp:term":[{"taxonomy":"product_brand","embeddable":true,"href":"https:\/\/420now.co\/fr-ca\/wp-json\/wp\/v2\/product_brand?post=20892"},{"taxonomy":"product_cat","embeddable":true,"href":"https:\/\/420now.co\/fr-ca\/wp-json\/wp\/v2\/product_cat?post=20892"},{"taxonomy":"product_tag","embeddable":true,"href":"https:\/\/420now.co\/fr-ca\/wp-json\/wp\/v2\/product_tag?post=20892"}],"curies":[{"name":"wp","href":"https:\/\/api.w.org\/{rel}","templated":true}]}}