{"id":20902,"date":"2025-07-10T07:46:17","date_gmt":"2025-07-10T11:46:17","guid":{"rendered":"https:\/\/420now.co\/?post_type=product&#038;p=20902"},"modified":"2026-02-08T15:15:08","modified_gmt":"2026-02-08T20:15:08","slug":"champignons-enigma-copy","status":"publish","type":"product","link":"https:\/\/420now.co\/fr-ca\/product\/champignons-enigma-copy\/","title":{"rendered":"Champignons peyotl KSSS"},"content":{"rendered":"<p>Les champignons maquants au peyotl KSSS combinent la g\u00e9n\u00e9tique v\u00e9n\u00e9r\u00e9e de la super Strain Koh Samui avec une morphologie rare et accrocheuse. Originaire de Tha\u00eflande, KSSS est connu pour produire des champignons \u00e0 fruits rapides et r\u00e9sistants \u00e0 la contamination qui frappent avec un punch fiable. Le ph\u00e9notype \u00ab Peyotl \u00bb du KSSS est particuli\u00e8rement unique; Il forme des chapeaux courts en forme de boutons et des tiges \u00e9paisses, ressemblant beaucoup au cactus peyotl, ce qui lui a valu un culte parmi les cultivateurs et les psychonautes.  <\/p>\n<p>L\u2019exp\u00e9rience du voyage est souvent d\u00e9crite comme \u00e9quilibr\u00e9e, lucide et doucement introspective. Attendez-vous \u00e0 un d\u00e9but en douceur, suivi d\u2019une perception sensorielle am\u00e9lior\u00e9e, de douces distorsions visuelles, de rires et de vagues d\u2019euphorie. Contrairement aux vari\u00e9t\u00e9s plus lourdes qui peuvent vous faire tomber, KSSS Peyote offre une exp\u00e9rience ancr\u00e9e qui vous permet de rester pr\u00e9sent tout en explorant des \u00e9tats modifi\u00e9s, ce qui la rend id\u00e9ale pour les s\u00e9ances de jour, le travail cr\u00e9atif ou une utilisation sociale l\u00e9g\u00e8re.  <\/p>\n<p>Physiquement, ces champignons sont compacts et denses, produisant g\u00e9n\u00e9ralement des rendements \u00e9lev\u00e9s avec de fortes ecchymoses bleues &#8211; un bon signe de la teneur en psilocybine. Elles ont tendance \u00e0 pousser rapidement dans des conditions optimales, ce qui en fait l\u2019une des vari\u00e9t\u00e9s les plus tol\u00e9rantes pour les cultivateurs amateurs. <\/p>\n<p>Que vous cherchiez \u00e0 vous familiariser avec l\u2019espace psych\u00e9d\u00e9lique ou \u00e0 rechercher un voyage visuellement engageant et centr\u00e9 sur le corps, KSSS Peyote offre le meilleur des deux mondes : un look mystique et une exp\u00e9rience g\u00e9rable et euphorique. Disponible maintenant en options de 1\/4 oz et d\u2019onces compl\u00e8tes. Faites un pas vers votre prochaine expansion consciente.  <\/p>\n<h2>KSSS Peyotl Champignons Magiques Livraison Gratuite en 2 Heures R\u00e9gion du Grand Toronto<\/h2>\n<p><strong>Livraison gratuite de 2 heures<\/strong> avec une commande minimale de 100,00 $ de n\u2019importe lequel de nos produits, y compris KSSS Peyotl de 420Now Weed Delivery. Veuillez commander avant 20 h pour une livraison de deux heures le jour m\u00eame. <\/p>\n<p>*Livraison en deux heures \u00e0 Toronto (Scarborough, North York, Etobicoke, DownTown, York &#8211; toutes les r\u00e9gions \u00e0 l\u2019int\u00e9rieur des fronti\u00e8res de la ville de Toronto), Richmond Hill, King, Aurora, Newmarket, Woodbridge, Vaughan et Markham.<\/p>\n<p>\u00c9galement disponible pour exp\u00e9dition partout au Canada.<\/p>\n","protected":false},"excerpt":{"rendered":"<p>D\u00e9couvrez la tradition et la force avec KSSS Peyote.  <\/p>\n<p>Une puissante vari\u00e9t\u00e9 d\u2019origine tha\u00eflandaise avec des fructifications en forme de cactus et des effets toujours puissants, cette cubensis unique offre des visuels color\u00e9s, une euphorie calme et un trip doux et centr\u00e9.  <\/p>\n<p>\u00c0 action rapide et adapt\u00e9e aux d\u00e9butants, parfaite pour les voyages intentionnels ou les vibrations d\u00e9contract\u00e9es.<\/p>\n","protected":false},"featured_media":20906,"comment_status":"open","ping_status":"closed","template":"","meta":{"_acf_changed":false},"product_brand":[],"product_cat":[237],"product_tag":[],"class_list":{"0":"post-20902","1":"product","2":"type-product","3":"status-publish","4":"has-post-thumbnail","6":"product_cat-champignons-secs","8":"first","9":"instock","10":"shipping-taxable","11":"purchasable","12":"product-type-variable"},"acf":[],"_links":{"self":[{"href":"https:\/\/420now.co\/fr-ca\/wp-json\/wp\/v2\/product\/20902","targetHints":{"allow":["GET"]}}],"collection":[{"href":"https:\/\/420now.co\/fr-ca\/wp-json\/wp\/v2\/product"}],"about":[{"href":"https:\/\/420now.co\/fr-ca\/wp-json\/wp\/v2\/types\/product"}],"replies":[{"embeddable":true,"href":"https:\/\/420now.co\/fr-ca\/wp-json\/wp\/v2\/comments?post=20902"}],"wp:featuredmedia":[{"embeddable":true,"href":"https:\/\/420now.co\/fr-ca\/wp-json\/wp\/v2\/media\/20906"}],"wp:attachment":[{"href":"https:\/\/420now.co\/fr-ca\/wp-json\/wp\/v2\/media?parent=20902"}],"wp:term":[{"taxonomy":"product_brand","embeddable":true,"href":"https:\/\/420now.co\/fr-ca\/wp-json\/wp\/v2\/product_brand?post=20902"},{"taxonomy":"product_cat","embeddable":true,"href":"https:\/\/420now.co\/fr-ca\/wp-json\/wp\/v2\/product_cat?post=20902"},{"taxonomy":"product_tag","embeddable":true,"href":"https:\/\/420now.co\/fr-ca\/wp-json\/wp\/v2\/product_tag?post=20902"}],"curies":[{"name":"wp","href":"https:\/\/api.w.org\/{rel}","templated":true}]}}