{"id":20914,"date":"2025-07-10T10:04:50","date_gmt":"2025-07-10T14:04:50","guid":{"rendered":"https:\/\/420now.co\/?post_type=product&#038;p=20914"},"modified":"2026-02-08T15:30:58","modified_gmt":"2026-02-08T20:30:58","slug":"ksss-peyotl-copy","status":"publish","type":"product","link":"https:\/\/420now.co\/fr-ca\/product\/ksss-peyotl-copy\/","title":{"rendered":"Champignons gorilles Makilla"},"content":{"rendered":"<p>Les champignons magiques Makilla Gorilla combinent la puissance l\u00e9gendaire d\u2019Albino Penis Envy et Melmac <a href=\"https:\/\/420now.co\/fr-ca\/product\/champignons-penis-envy\/\">Penis Envy<\/a>, ce qui donne l\u2019un des hybrides de cubensis les plus saisissants visuellement et les plus puissants sur le plan psychoactif. Reconnaissables \u00e0 leurs tiges \u00e9paisses et p\u00e2les, \u00e0 leur grand chapeau brun dor\u00e9 et \u00e0 leurs fortes meurtrissures bleues, ces champignons produisent des fruits denses de la taille d\u2019un poing qui attirent l\u2019attention. <\/p>\n<h2>Caract\u00e9ristiques de Makilla Gorilla :<\/h2>\n<ul>\n<li>Lign\u00e9e : Un hybride de deux vari\u00e9t\u00e9s d\u2019\u00e9lite Penis Envy (APE \u00d7 Melmac PE), offrant une force exceptionnelle de psilocybine.\n<li>Apparence : Chapeaux massifs qui s\u2019aplatissent avec l\u2019\u00e2ge, de couleur brun dor\u00e9 \u00e0 cr\u00e8me et tiges \u00e9paisses et robustes. Un spectacle visuel.\n<li>Profil du voyage : Les utilisateurs rapportent des visuels vifs et ouverts, des fractales kal\u00e9idoscopiques, une introspection profonde et une euphorie corporelle apaisante. Un \u00e9quilibre harmonieux entre stimulation sensorielle et clart\u00e9 d\u00e9tendue.\n<\/ul>\n<p>C\u2019est une pression s\u00e9rieuse pour les voyageurs s\u00e9rieux. Que vous soyez \u00e0 la recherche de synapses cr\u00e9atives, de superpositions de motifs cosmiques ou de voyages \u00e9motionnels \u00e9mouvants, Makilla Gorilla ne d\u00e9\u00e7oit pas. Ne vous attendez pas \u00e0 une conduite douce. De nombreux nouveaux utilisateurs partagent des histoires comme :   <\/p>\n<blockquote><p>J\u2019ai mang\u00e9 1,6 g, ils ont frapp\u00e9 fort. Comme&#8230; tr\u00e8s difficile. <\/p><\/blockquote>\n<p>Disponible en 1\/4 oz et en onces compl\u00e8tes. Utilisez une balance avec pr\u00e9cision \u2013 ce sont des tr\u00e9sors denses et puissants. <\/p>\n<h2>Makilla Gorilla Magic Mushroom Livraison gratuite en 2 heures dans la r\u00e9gion du Grand Toronto<\/h2>\n<p><strong>Livraison gratuite en 2 heures<\/strong> avec une commande minimale de 100,00 $ de n\u2019importe lequel de nos produits, y compris Makilla Gorilla Magic Mushrooms, de 420Now Weed Delivery. Veuillez commander avant 20 h pour une livraison de deux heures le jour m\u00eame. <\/p>\n<p>*Livraison en deux heures \u00e0 Toronto (Scarborough, North York, Etobicoke, DownTown, York &#8211; toutes les r\u00e9gions \u00e0 l\u2019int\u00e9rieur des fronti\u00e8res de la ville de Toronto), Richmond Hill, King, Aurora, Newmarket, Woodbridge, Vaughan et Markham.<\/p>\n<p>\u00c9galement disponible pour exp\u00e9dition partout au Canada.<\/p>\n","protected":false},"excerpt":{"rendered":"<p>Lib\u00e9rez l\u2019esprit de la jungle avec Makilla Gorilla.  <\/p>\n<p>Un puissant hybride de la lign\u00e9e \u00e9lite Penis Envy, cette vari\u00e9t\u00e9 offre des visuels \u00e9blouissants aux yeux ouverts, une introspection profonde et une relaxation corporelle heureuse.  <\/p>\n<p>Fruits denses, de la taille d\u2019un poing et effets intenses.  <strong>Pas pour les d\u00e9butants, mais inoubliable pour le voyageur pr\u00eat.<\/strong><\/p>\n","protected":false},"featured_media":20918,"comment_status":"open","ping_status":"closed","template":"","meta":{"_acf_changed":false},"product_brand":[],"product_cat":[237],"product_tag":[],"class_list":{"0":"post-20914","1":"product","2":"type-product","3":"status-publish","4":"has-post-thumbnail","6":"product_cat-champignons-secs","8":"first","9":"instock","10":"shipping-taxable","11":"purchasable","12":"product-type-variable"},"acf":[],"_links":{"self":[{"href":"https:\/\/420now.co\/fr-ca\/wp-json\/wp\/v2\/product\/20914","targetHints":{"allow":["GET"]}}],"collection":[{"href":"https:\/\/420now.co\/fr-ca\/wp-json\/wp\/v2\/product"}],"about":[{"href":"https:\/\/420now.co\/fr-ca\/wp-json\/wp\/v2\/types\/product"}],"replies":[{"embeddable":true,"href":"https:\/\/420now.co\/fr-ca\/wp-json\/wp\/v2\/comments?post=20914"}],"wp:featuredmedia":[{"embeddable":true,"href":"https:\/\/420now.co\/fr-ca\/wp-json\/wp\/v2\/media\/20918"}],"wp:attachment":[{"href":"https:\/\/420now.co\/fr-ca\/wp-json\/wp\/v2\/media?parent=20914"}],"wp:term":[{"taxonomy":"product_brand","embeddable":true,"href":"https:\/\/420now.co\/fr-ca\/wp-json\/wp\/v2\/product_brand?post=20914"},{"taxonomy":"product_cat","embeddable":true,"href":"https:\/\/420now.co\/fr-ca\/wp-json\/wp\/v2\/product_cat?post=20914"},{"taxonomy":"product_tag","embeddable":true,"href":"https:\/\/420now.co\/fr-ca\/wp-json\/wp\/v2\/product_tag?post=20914"}],"curies":[{"name":"wp","href":"https:\/\/api.w.org\/{rel}","templated":true}]}}