{"id":20981,"date":"2025-07-16T17:19:28","date_gmt":"2025-07-16T21:19:28","guid":{"rendered":"https:\/\/420now.co\/?post_type=product&#038;p=20981"},"modified":"2026-03-19T11:26:11","modified_gmt":"2026-03-19T15:26:11","slug":"buudabomb-grape-gummies-100mg-copy","status":"publish","type":"product","link":"https:\/\/420now.co\/fr-ca\/product\/buudabomb-grape-gummies-100mg-copy\/","title":{"rendered":"Galaxy &#8211; Paquet de f\u00eate 6000mg THC Gummies"},"content":{"rendered":"<p>Pr\u00e9parez-vous \u00e0 lancer vos c\u00e9l\u00e9brations en orbite avec Galaxy Party Pack Gummies. Chaque emballage en vrac contient 30 gommes, et \u00e0 200 mg de THC chacun, vous obtenez un total de 6000 mg de THC con\u00e7us pour fournir une dose puissante et constante \u00e0 chaque fois. <\/p>\n<p>Que vous fassiez des r\u00e9serves pour une grande f\u00eate ou que vous vouliez simplement vous assurer de ne jamais manquer de monde, ces ensembles de f\u00eate offrent une valeur et une commodit\u00e9 incroyables, sans vous soucier de plusieurs petits ensembles.<\/p>\n<p><strong>Effets attendus<\/strong><\/p>\n<p>Gr\u00e2ce au super m\u00e9lange de cannabino\u00efdes exclusif de Galaxy, chaque gomme offre une exp\u00e9rience \u00e0 spectre complet. Attendez-vous \u00e0 un d\u00e9but robuste qui se produit avec des effets durables : \u00e9l\u00e9vation de l\u2019humeur, perception sensorielle am\u00e9lior\u00e9e et bourdonnement corporel prononc\u00e9. Id\u00e9ales pour ceux qui appr\u00e9cient une exp\u00e9rience s\u00e9rieuse du cannabis, les Party Pack Gummies vous accompagneront de la d\u00e9tente douce \u00e0 l\u2019euphorie, selon votre choix de vari\u00e9t\u00e9.  <\/p>\n<p><strong>Indica vs Sativa compagne cosmique<\/strong><\/p>\n<ul>\n<li><strong>Indica :<\/strong> Optez pour Indica si vous vous d\u00e9tendez apr\u00e8s une longue journ\u00e9e ou si vous vous pr\u00e9parez pour une soir\u00e9e confortable. Vous profiterez d\u2019effets corporels apaisants, de rel\u00e2chement des tensions et d\u2019une relaxation profonde, parfaite pour les marathons de films ou une soir\u00e9e de sommeil r\u00e9paratrice. <\/li>\n<li><strong>Sativa :<\/strong> Choisissez la variante Sativa pour stimuler votre cr\u00e9ativit\u00e9, stimuler votre concentration et inspirer des vibrations sociales. C\u2019est le choix id\u00e9al pour une utilisation de jour, des activit\u00e9s artistiques ou toute situation o\u00f9 vous voulez vous sentir \u00e9lev\u00e9 et \u00e9nergique. <\/li>\n<\/ul>\n<p><strong>Quand choisir lequel<\/strong><\/p>\n<ul>\n<li><strong>Jour et socialisation :<\/strong> Optez pour Sativa lorsque vous avez besoin d\u2019une \u00e9tincelle cr\u00e9ative ou que vous pr\u00e9voyez d\u2019\u00eatre actif et social. C\u2019est votre compagnon id\u00e9al pour le brunch, les randonn\u00e9es ou les projets artistiques. <\/li>\n<li><strong>Soir\u00e9e et d\u00e9tente :<\/strong> Choisissez Indica lorsqu\u2019il est temps de vous d\u00e9tendre, de vous d\u00e9tendre ou de vous pr\u00e9parer \u00e0 une nuit de sommeil r\u00e9paratrice. Parfait pour les nuits tranquilles \u00e0 la maison, la m\u00e9ditation ou tout moment o\u00f9 vous voulez faire fondre la tension. <\/li>\n<\/ul>\n<p><strong>Utilisation et s\u00e9curit\u00e9<\/strong><br \/>\nParce que chaque gomme a beaucoup de punch, commencez doucement et allez-y lentement : essayez une demi-gomme (100 mg de THC) pour \u00e9valuer votre tol\u00e9rance avant de plonger. Conservez ces gommes dans leur emballage d\u2019origine, hors de la port\u00e9e des enfants et des animaux domestiques, et conservez-les dans un endroit frais et sec. Comme pour tous les produits du cannabis, consommez de mani\u00e8re responsable \u2013 ne conduisez pas ou n\u2019utilisez pas de machinerie lourde sous l\u2019influence de l\u2019alcool.  <\/p>\n<p>Pr\u00eat \u00e0 amener votre prochain \u00e9v\u00e9nement aux \u00e9toiles? Ajoutez les gommes Galaxy Party Pack \u00e0 votre panier, s\u00e9lectionnez votre vari\u00e9t\u00e9 et pr\u00e9parez-vous pour un voyage extraterrestre aussi puissant qu\u2019inoubliable. <\/p>\n<h2>Livraison de bonbons g\u00e9lifi\u00e9s Galaxy Party Pack dans la r\u00e9gion du Grand Toronto (RGT)<\/h2>\n<p>Si vous \u00eates dans la r\u00e9gion du Grand Toronto (RGT), vous pouvez vous procurer Galaxy Party Pack THC Gummies en 2 heures* \u00e0 votre porte! Commandez avant 20 h et l\u2019un de nos chauffeurs vous livrera le jour m\u00eame, 2 heures gratuitement, lorsque vous commandez un minimum de 100,00 $ de l\u2019un des produits sur notre site Web.<\/p>\n<p>*Livraison en deux heures \u00e0 Toronto (Scarborough, North York, Etobicoke, DownTown, York \u2013 toutes les r\u00e9gions \u00e0 l\u2019int\u00e9rieur des fronti\u00e8res de la ville de Toronto), Richmond Hill, King, Aurora, Newmarket, Woodbridge, Vaughan et Markham.<\/p>\n","protected":false},"excerpt":{"rendered":"<p>Voici les Galaxy Party Pack Gummies &#8211; 30 gommes sur le th\u00e8me de l\u2019espace dans un seul paquet de la taille d\u2019une f\u00eate, chacune infus\u00e9e d\u2019un impressionnant 200 mg du super m\u00e9lange signature de Galaxy pour un total de 6000 mg de THC par paquet.<\/p>\n<p>Con\u00e7ue avec expertise pour assurer la constance et la puissance, chaque bouch\u00e9e offre une exp\u00e9rience puissante, parfaite pour les utilisateurs exp\u00e9riment\u00e9s \u00e0 la recherche d\u2019effets fiables.<\/p>\n<p>Choisissez votre ambiance : choisissez l\u2019option Indica pour une relaxation profonde qui fait fondre le corps, ou optez pour Sativa pour stimuler la cr\u00e9ativit\u00e9 et am\u00e9liorer votre humeur. Emball\u00e9s dans un emballage vibrant et cosmique, ces bonbons g\u00e9lifi\u00e9s sont le point de d\u00e9part ultime de conversation lors de n\u2019importe quelle r\u00e9union. <\/p>\n<p>Emmenez votre prochaine f\u00eate vers des sommets interstellaires avec des saveurs et des effets vraiment hors de ce monde.<\/p>\n","protected":false},"featured_media":20983,"comment_status":"open","ping_status":"closed","template":"","meta":{"_acf_changed":false},"product_brand":[],"product_cat":[231],"product_tag":[],"class_list":{"0":"post-20981","1":"product","2":"type-product","3":"status-publish","4":"has-post-thumbnail","6":"product_cat-gummies-fr-ca","8":"first","9":"instock","10":"shipping-taxable","11":"purchasable","12":"product-type-variable"},"acf":[],"_links":{"self":[{"href":"https:\/\/420now.co\/fr-ca\/wp-json\/wp\/v2\/product\/20981","targetHints":{"allow":["GET"]}}],"collection":[{"href":"https:\/\/420now.co\/fr-ca\/wp-json\/wp\/v2\/product"}],"about":[{"href":"https:\/\/420now.co\/fr-ca\/wp-json\/wp\/v2\/types\/product"}],"replies":[{"embeddable":true,"href":"https:\/\/420now.co\/fr-ca\/wp-json\/wp\/v2\/comments?post=20981"}],"wp:featuredmedia":[{"embeddable":true,"href":"https:\/\/420now.co\/fr-ca\/wp-json\/wp\/v2\/media\/20983"}],"wp:attachment":[{"href":"https:\/\/420now.co\/fr-ca\/wp-json\/wp\/v2\/media?parent=20981"}],"wp:term":[{"taxonomy":"product_brand","embeddable":true,"href":"https:\/\/420now.co\/fr-ca\/wp-json\/wp\/v2\/product_brand?post=20981"},{"taxonomy":"product_cat","embeddable":true,"href":"https:\/\/420now.co\/fr-ca\/wp-json\/wp\/v2\/product_cat?post=20981"},{"taxonomy":"product_tag","embeddable":true,"href":"https:\/\/420now.co\/fr-ca\/wp-json\/wp\/v2\/product_tag?post=20981"}],"curies":[{"name":"wp","href":"https:\/\/api.w.org\/{rel}","templated":true}]}}