{"id":21012,"date":"2025-07-18T20:40:23","date_gmt":"2025-07-19T00:40:23","guid":{"rendered":"https:\/\/420now.co\/?post_type=product&#038;p=21012"},"modified":"2025-08-02T12:05:13","modified_gmt":"2025-08-02T16:05:13","slug":"gas-gang-melanges-gummies-sativa-1000mg-copy","status":"publish","type":"product","link":"https:\/\/420now.co\/fr-ca\/product\/gas-gang-melanges-gummies-sativa-1000mg-copy\/","title":{"rendered":"Gas Gang Assortiment de gommes 2000mg"},"content":{"rendered":"<p>D\u00e9couvrez les gommes Gas Gang dans un assortiment all\u00e9chant de saveurs fruit\u00e9es, maintenant disponibles dans un emballage de 2000 mg de THC total.  <\/p>\n<p>Fabriqu\u00e9e avec du distillat de THC propre et sans solvant, chaque bo\u00eete contient 10 gommes douces et juteuses, chacune d\u00e9livrant une dose pr\u00e9cise de 200 mg. Con\u00e7ues pour les aficionados chevronn\u00e9s qui savent exactement quelle quantit\u00e9 de THC elles peuvent supporter, ces gommes offrent une exp\u00e9rience robuste et fiable \u00e0 chaque fois.   <\/p>\n<p>Que vous vous d\u00e9tendiez apr\u00e8s une longue journ\u00e9e ou que vous partagiez une g\u00e2terie puissante avec des amis, les gommes Gas Gang offrent \u00e0 la fois saveur et force.  <\/p>\n<p><strong>Mise en garde :<\/strong> Chaque gomme contient une concentration \u00e9lev\u00e9e de THC; Ceux-ci sont destin\u00e9s aux consommateurs exp\u00e9riment\u00e9s \u2013 commencez doucement et allez-y lentement.<\/p>\n<h2>\u00c0 propos de Gas Gang Edibles<\/h2>\n<p>Les produits comestibles Gas Gang sont fantastiques lorsque vous voulez de bonnes saveurs avec vos m\u00e9dicaments au THC! Ils sont discrets, compacts et faciles \u00e0 utiliser. Parfait pour se d\u00e9tendre \u00e0 la maison le soir, ou lorsque vous \u00eates en d\u00e9placement et que vous voulez prendre votre dose de THC, mais pas de fum\u00e9e.  <\/p>\n<p>Fabriqu\u00e9 au Canada, Gas Gang a une philosophie que nous aimons et des produits qui l\u2019accompagnent &#8211; une croyance en un potentiel infini, tant dans les plantes que dans les gens. Cela signifie qu\u2019ils r\u00eavent plus grand et qu\u2019ils creusent plus profond\u00e9ment pour vous fournir les meilleurs stylos \u00e0 vapoter possibles, et avec une vaste s\u00e9lection de saveurs que vous voudrez essayer. <\/p>\n<h2>Livraison gratuite en 2 heures de gommes Gas Gang &#8211; R\u00e9gion du Grand Toronto (RGT)<\/h2>\n<p>Si vous \u00eates dans la r\u00e9gion du Grand Toronto (RGT), vous pouvez vous procurer des bonbons g\u00e9lifi\u00e9s Gas Gang en 2 heures* \u00e0 votre porte! Commandez avant 20 h et l\u2019un de nos chauffeurs vous livrera le jour m\u00eame, 2 heures gratuitement, lorsque vous commandez un minimum de 100,00 $ de l\u2019un des produits sur notre site Web.<\/p>\n<p>*Livraison en deux heures \u00e0 Toronto (Scarborough, North York, Etobicoke, DownTown, York \u2013 toutes les r\u00e9gions \u00e0 l\u2019int\u00e9rieur des fronti\u00e8res de la ville de Toronto), Richmond Hill, King, Aurora, Newmarket, Bradford, Woodbridge, Vaughan et Markham.<\/p>\n","protected":false},"excerpt":{"rendered":"<p>D\u00e9couvrez les gommes Gas Gang dans un assortiment all\u00e9chant de saveurs fruit\u00e9es, maintenant disponibles dans un emballage de 2000 mg de THC total.  <\/p>\n<p>Fabriqu\u00e9e avec du distillat de THC propre et sans solvant, chaque bo\u00eete contient 10 gommes douces et juteuses, chacune d\u00e9livrant une dose pr\u00e9cise de 200 mg. Con\u00e7ues pour les aficionados chevronn\u00e9s qui savent exactement quelle quantit\u00e9 de THC elles peuvent supporter, ces gommes offrent une exp\u00e9rience robuste et fiable \u00e0 chaque fois.   <\/p>\n<p>Que vous vous d\u00e9tendiez apr\u00e8s une longue journ\u00e9e ou que vous partagiez une g\u00e2terie puissante avec des amis, les gommes Gas Gang offrent \u00e0 la fois saveur et force.  <\/p>\n<p><strong>Mise en garde :<\/strong> Chaque gomme contient une concentration \u00e9lev\u00e9e de THC; Ceux-ci sont destin\u00e9s aux consommateurs exp\u00e9riment\u00e9s \u2013 commencez doucement et allez-y lentement.<\/p>\n","protected":false},"featured_media":21021,"comment_status":"open","ping_status":"closed","template":"","meta":{"_acf_changed":false},"product_brand":[342],"product_cat":[231,225,219],"product_tag":[301],"class_list":{"0":"post-21012","1":"product","2":"type-product","3":"status-publish","4":"has-post-thumbnail","6":"product_brand-gas-gang","7":"product_cat-gummies-fr-ca","8":"product_cat-bonbons","9":"product_cat-comestibles","10":"product_tag-gas-gang-fr-ca","12":"first","13":"instock","14":"shipping-taxable","15":"purchasable","16":"product-type-simple"},"acf":[],"_links":{"self":[{"href":"https:\/\/420now.co\/fr-ca\/wp-json\/wp\/v2\/product\/21012","targetHints":{"allow":["GET"]}}],"collection":[{"href":"https:\/\/420now.co\/fr-ca\/wp-json\/wp\/v2\/product"}],"about":[{"href":"https:\/\/420now.co\/fr-ca\/wp-json\/wp\/v2\/types\/product"}],"replies":[{"embeddable":true,"href":"https:\/\/420now.co\/fr-ca\/wp-json\/wp\/v2\/comments?post=21012"}],"wp:featuredmedia":[{"embeddable":true,"href":"https:\/\/420now.co\/fr-ca\/wp-json\/wp\/v2\/media\/21021"}],"wp:attachment":[{"href":"https:\/\/420now.co\/fr-ca\/wp-json\/wp\/v2\/media?parent=21012"}],"wp:term":[{"taxonomy":"product_brand","embeddable":true,"href":"https:\/\/420now.co\/fr-ca\/wp-json\/wp\/v2\/product_brand?post=21012"},{"taxonomy":"product_cat","embeddable":true,"href":"https:\/\/420now.co\/fr-ca\/wp-json\/wp\/v2\/product_cat?post=21012"},{"taxonomy":"product_tag","embeddable":true,"href":"https:\/\/420now.co\/fr-ca\/wp-json\/wp\/v2\/product_tag?post=21012"}],"curies":[{"name":"wp","href":"https:\/\/api.w.org\/{rel}","templated":true}]}}