{"id":21017,"date":"2025-07-18T20:55:16","date_gmt":"2025-07-19T00:55:16","guid":{"rendered":"https:\/\/420now.co\/?post_type=product&#038;p=21017"},"modified":"2025-08-08T09:53:39","modified_gmt":"2025-08-08T13:53:39","slug":"gas-gang-assortiment-de-gommes-2000mg-copy","status":"publish","type":"product","link":"https:\/\/420now.co\/fr-ca\/product\/gas-gang-assortiment-de-gommes-2000mg-copy\/","title":{"rendered":"Gas Gang Assortiment de gommes 3000mg"},"content":{"rendered":"<p>Rehaussez vos s\u00e9ances avec Gas Gang Gummies dans leur nouveau pack ultra-puissant de 3000 mg de THC total.  <\/p>\n<p>Fabriqu\u00e9 avec le m\u00eame distillat de THC de qualit\u00e9 sup\u00e9rieure et sans solvant, chaque paquet comprend 10 d\u00e9licieuses gommes &#8211; chacune charg\u00e9e d\u2019une impressionnante quantit\u00e9 de 300 mg de THC. Con\u00e7ues pour les utilisateurs v\u00e9t\u00e9rans \u00e0 la recherche d\u2019une puissance maximale et d\u2019un dosage pr\u00e9cis, ces gommes offrent un effet puissant et constant.   <\/p>\n<p>Laissez-vous tenter par un arc-en-ciel de saveurs all\u00e9chantes tout en d\u00e9gustant une g\u00e2terie de cannabis propre et de haute qualit\u00e9.  <\/p>\n<p><strong>Mise en garde :<\/strong> Avec 300 mg de THC par gomme, ils sont r\u00e9serv\u00e9s aux consommateurs exp\u00e9riment\u00e9s &#8211; consommez de mani\u00e8re responsable.<\/p>\n<h2>\u00c0 propos de Gas Gang Edibles<\/h2>\n<p>Les produits comestibles Gas Gang sont fantastiques lorsque vous voulez de bonnes saveurs avec vos m\u00e9dicaments au THC! Ils sont discrets, compacts et faciles \u00e0 utiliser. Parfait pour se d\u00e9tendre \u00e0 la maison le soir, ou lorsque vous \u00eates en d\u00e9placement et que vous voulez prendre votre dose de THC, mais pas de fum\u00e9e.  <\/p>\n<p>Fabriqu\u00e9 au Canada, Gas Gang a une philosophie que nous aimons et des produits qui l\u2019accompagnent &#8211; une croyance en un potentiel infini, tant dans les plantes que dans les gens. Cela signifie qu\u2019ils r\u00eavent plus grand et qu\u2019ils creusent plus profond\u00e9ment pour vous fournir les meilleurs stylos \u00e0 vapoter possibles, et avec une vaste s\u00e9lection de saveurs que vous voudrez essayer. <\/p>\n<h2>Livraison gratuite en 2 heures de gommes Gas Gang &#8211; R\u00e9gion du Grand Toronto (RGT)<\/h2>\n<p>Si vous \u00eates dans la r\u00e9gion du Grand Toronto (RGT), vous pouvez vous procurer des bonbons g\u00e9lifi\u00e9s Gas Gang en 2 heures* \u00e0 votre porte! Commandez avant 20 h et l\u2019un de nos chauffeurs vous livrera le jour m\u00eame, 2 heures gratuitement, lorsque vous commandez un minimum de 100,00 $ de l\u2019un des produits sur notre site Web.<\/p>\n<p>*Livraison en deux heures \u00e0 Toronto (Scarborough, North York, Etobicoke, DownTown, York \u2013 toutes les r\u00e9gions \u00e0 l\u2019int\u00e9rieur des fronti\u00e8res de la ville de Toronto), Richmond Hill, King, Aurora, Newmarket, Bradford, Woodbridge, Vaughan et Markham.<\/p>\n","protected":false},"excerpt":{"rendered":"<p>Rehaussez vos s\u00e9ances avec Gas Gang Gummies dans leur nouveau pack ultra-puissant de 3000 mg de THC total.  <\/p>\n<p>Fabriqu\u00e9 avec le m\u00eame distillat de THC de qualit\u00e9 sup\u00e9rieure et sans solvant, chaque paquet comprend 10 d\u00e9licieuses gommes &#8211; chacune charg\u00e9e d\u2019une impressionnante quantit\u00e9 de 300 mg de THC. Con\u00e7ues pour les utilisateurs v\u00e9t\u00e9rans \u00e0 la recherche d\u2019une puissance maximale et d\u2019un dosage pr\u00e9cis, ces gommes offrent un effet puissant et constant.   <\/p>\n<p>Laissez-vous tenter par un arc-en-ciel de saveurs all\u00e9chantes tout en d\u00e9gustant une g\u00e2terie de cannabis propre et de haute qualit\u00e9.  <\/p>\n<p><strong>Mise en garde :<\/strong> Avec 300 mg de THC par gomme, ils sont r\u00e9serv\u00e9s aux consommateurs exp\u00e9riment\u00e9s &#8211; consommez de mani\u00e8re responsable.<\/p>\n","protected":false},"featured_media":21019,"comment_status":"open","ping_status":"closed","template":"","meta":{"_acf_changed":false},"product_brand":[342],"product_cat":[231,225,219],"product_tag":[301],"class_list":{"0":"post-21017","1":"product","2":"type-product","3":"status-publish","4":"has-post-thumbnail","6":"product_brand-gas-gang","7":"product_cat-gummies-fr-ca","8":"product_cat-bonbons","9":"product_cat-comestibles","10":"product_tag-gas-gang-fr-ca","12":"first","13":"instock","14":"shipping-taxable","15":"purchasable","16":"product-type-simple"},"acf":[],"_links":{"self":[{"href":"https:\/\/420now.co\/fr-ca\/wp-json\/wp\/v2\/product\/21017","targetHints":{"allow":["GET"]}}],"collection":[{"href":"https:\/\/420now.co\/fr-ca\/wp-json\/wp\/v2\/product"}],"about":[{"href":"https:\/\/420now.co\/fr-ca\/wp-json\/wp\/v2\/types\/product"}],"replies":[{"embeddable":true,"href":"https:\/\/420now.co\/fr-ca\/wp-json\/wp\/v2\/comments?post=21017"}],"wp:featuredmedia":[{"embeddable":true,"href":"https:\/\/420now.co\/fr-ca\/wp-json\/wp\/v2\/media\/21019"}],"wp:attachment":[{"href":"https:\/\/420now.co\/fr-ca\/wp-json\/wp\/v2\/media?parent=21017"}],"wp:term":[{"taxonomy":"product_brand","embeddable":true,"href":"https:\/\/420now.co\/fr-ca\/wp-json\/wp\/v2\/product_brand?post=21017"},{"taxonomy":"product_cat","embeddable":true,"href":"https:\/\/420now.co\/fr-ca\/wp-json\/wp\/v2\/product_cat?post=21017"},{"taxonomy":"product_tag","embeddable":true,"href":"https:\/\/420now.co\/fr-ca\/wp-json\/wp\/v2\/product_tag?post=21017"}],"curies":[{"name":"wp","href":"https:\/\/api.w.org\/{rel}","templated":true}]}}