{"id":21024,"date":"2025-07-18T21:31:56","date_gmt":"2025-07-19T01:31:56","guid":{"rendered":"https:\/\/420now.co\/?post_type=product&#038;p=21024"},"modified":"2026-04-06T23:19:50","modified_gmt":"2026-04-07T03:19:50","slug":"left-coast-gummy-co-300-mg-de-cbd-copy","status":"publish","type":"product","link":"https:\/\/420now.co\/fr-ca\/product\/left-coast-gummy-co-300-mg-de-cbd-copy\/","title":{"rendered":"Euphoria Extractions CBD m\u00e2chables 600 mg"},"content":{"rendered":"<h2>D\u00e9couvrez les bienfaits des produits \u00e0 m\u00e2cher au CBD<\/h2>\n<p>Euphoria Extractions CBD Chews sont des bonbons g\u00e9lifi\u00e9s doux et savoureux infus\u00e9s avec un total de 600 mg de CBD \u00e0 spectre complet, divis\u00e9s en 30 morceaux parfaitement dos\u00e9s. Con\u00e7us tant pour les nouveaux venus que pour les passionn\u00e9s de CBD exp\u00e9riment\u00e9s, ces m\u00e2cheurs combinent la commodit\u00e9 d\u2019un format \u00e0 emporter avec la fiabilit\u00e9 de portions r\u00e9guli\u00e8res de 20 mg. Que vous cherchiez \u00e0 soutenir une concentration calme pendant la journ\u00e9e, \u00e0 vous d\u00e9tendre apr\u00e8s un apr\u00e8s-midi charg\u00e9 ou \u00e0 maintenir un \u00e9quilibre g\u00e9n\u00e9ral, ces m\u00e2choires au CBD s\u2019int\u00e8grent parfaitement \u00e0 n\u2019importe quelle routine.  <\/p>\n<p><strong>Comment et quand utiliser<\/strong><br \/>\nPour de meilleurs r\u00e9sultats, commencez par une seule bouch\u00e9e \u00e0 m\u00e2cher et attendez 60 \u00e0 90 minutes pour \u00e9valuer la r\u00e9action de votre corps. Si n\u00e9cessaire, augmentez graduellement \u00e0 deux bouch\u00e9es \u00e0 m\u00e2cher pour un total de 40 mg de CBD.  Profitez de votre bouche \u00e0 m\u00e2cher \u00e0 tout moment \u2014 matin, apr\u00e8s-midi ou soir \u2014 selon vos objectifs personnels de bien-\u00eatre.  <\/p>\n<p>Comme le CBD n\u2019est pas enivrant, vous pouvez int\u00e9grer ces boissons \u00e0 m\u00e2cher en toute confiance \u00e0 votre journ\u00e9e sans \u00eatre alt\u00e9r\u00e9. Gardez la pochette scell\u00e9e pour pr\u00e9server la fra\u00eecheur et conservez-la dans un endroit frais et sec. <\/p>\n<h2>Pourquoi choisir Euphoria Extractions CBD Chews?<\/h2>\n<ul>\n<li><strong>Dosage pr\u00e9cis :<\/strong> Chaque bouch\u00e9e d\u00e9livre une dose fiable de 20 mg de CBD, ce qui facilite la personnalisation de votre consommation.\n<li><strong>Vari\u00e9t\u00e9 de saveurs :<\/strong> Avec cinq saveurs fruit\u00e9es, chaque bouch\u00e9e \u00e0 m\u00e2cher ressemble \u00e0 une gourmandise \u2013 sans arri\u00e8re-go\u00fbt crayeux.\n<li><strong>Discret et portable :<\/strong> Glissez une morsure \u00e0 m\u00e2cher dans votre sac ou votre poche pour un soutien bien-\u00eatre o\u00f9 que la vie vous m\u00e8ne.\n<li><strong>Bien-\u00eatre non enivrant :<\/strong> Profitez des bienfaits du CBD \u2013 relaxation, soulagement du stress et r\u00e9cup\u00e9ration \u2013 sans aucun effet psychoactif.\n<\/ul>\n<h2>Qualit\u00e9 et transparence<\/h2>\n<p>Chez Euphoria Extractions, l\u2019assurance qualit\u00e9 est leur pierre angulaire. Leurs produits \u00e0 m\u00e2cher au CBD sont fabriqu\u00e9s \u00e0 partir d\u2019extraits \u00e0 spectre complet, test\u00e9s en laboratoire, issus du meilleur cannabis canadien. <\/p>\n<p>Chaque lot est produit dans des installations \u00e0 la fine pointe de la technologie, \u00e9quip\u00e9es pour suivre tous les lots et num\u00e9ros de lot, assurant une tra\u00e7abilit\u00e9 compl\u00e8te de la culture \u00e0 la distribution.<\/p>\n<p>Ils soumettent chaque produit \u00e0 des tests rigoureux de puissance, puret\u00e9 et s\u00e9curit\u00e9 par un tiers, afin que vous puissiez magasiner en toute confiance et profiter de la tranquillit\u00e9 d\u2019esprit \u00e0 chaque bouch\u00e9e.<\/p>\n<h2>Livraison de bouches \u00e0 m\u00e2cher au CBD Euphoria Extractions dans la r\u00e9gion de Toronto<\/h2>\n<p>Si vous \u00eates dans la grande r\u00e9gion de Toronto (GTA), vous pouvez recevoir des produits \u00e0 m\u00e2cher au CBD en moins de 2 heures* \u00e0 votre porte! Commandez avant 20 h et l\u2019un de nos chauffeurs vous livrera le jour m\u00eame, 2 heures gratuitement, lorsque vous commandez un minimum de 100,00 $ de l\u2019un des produits sur notre site Web.<\/p>\n<p>*Livraison en deux heures \u00e0 Toronto (Scarborough, North York, Etobicoke, DownTown, York \u2013 toutes les r\u00e9gions \u00e0 l\u2019int\u00e9rieur des fronti\u00e8res de la ville de Toronto), Richmond Hill, King, Aurora, Newmarket, Woodbridge, Vaughan et Markham.<\/p>\n<p>Nous exp\u00e9dions \u00e9galement partout au Canada et dans des r\u00e9gions \u00e9loign\u00e9es en dehors de notre zone de livraison gratuite habituelle.<\/p>\n","protected":false},"excerpt":{"rendered":"<p>Euphoria Extractions CBD Chews d\u00e9livre 600 mg de CBD \u00e0 spectre complet test\u00e9 en laboratoire dans chaque sachet refermable.  <\/p>\n<p>Avec 30 morceaux d\u00e9licieusement moelleux dans cinq saveurs vibrantes \u2013 past\u00e8que (rose), framboise (bleu), pomme verte (verte), citron (jaune) et cerise (rouge) \u2013 il y a un go\u00fbt pour chaque envie.  <\/p>\n<p>Chaque bouch\u00e9e offre une dose constante de 20 mg de CBD d\u00e9riv\u00e9 du chanvre haut de gamme pour vous aider \u00e0 trouver votre \u00e9quilibre id\u00e9al. Fabriqu\u00e9s \u00e0 partir des meilleurs extraits canadiens et soutenus par une rigoureuse assurance qualit\u00e9, ces produits \u00e0 m\u00e2cher offrent \u00e0 la fois saveur et confiance.   <\/p>\n<p>Parfaits pour un soulagement en d\u00e9placement et le bien-\u00eatre quotidien, les Chews CBD d\u2019Euphoria Extractions sont un ajout intelligent et savoureux \u00e0 votre routine de soins personnels.<\/p>\n","protected":false},"featured_media":21027,"comment_status":"open","ping_status":"closed","template":"","meta":{"_acf_changed":false},"product_brand":[],"product_cat":[423],"product_tag":[296],"class_list":{"0":"post-21024","1":"product","2":"type-product","3":"status-publish","4":"has-post-thumbnail","6":"product_cat-bonbons-gelifies-au-cbd","7":"product_tag-euphoria-fr-ca","9":"first","10":"instock","11":"shipping-taxable","12":"purchasable","13":"product-type-simple"},"acf":[],"_links":{"self":[{"href":"https:\/\/420now.co\/fr-ca\/wp-json\/wp\/v2\/product\/21024","targetHints":{"allow":["GET"]}}],"collection":[{"href":"https:\/\/420now.co\/fr-ca\/wp-json\/wp\/v2\/product"}],"about":[{"href":"https:\/\/420now.co\/fr-ca\/wp-json\/wp\/v2\/types\/product"}],"replies":[{"embeddable":true,"href":"https:\/\/420now.co\/fr-ca\/wp-json\/wp\/v2\/comments?post=21024"}],"wp:featuredmedia":[{"embeddable":true,"href":"https:\/\/420now.co\/fr-ca\/wp-json\/wp\/v2\/media\/21027"}],"wp:attachment":[{"href":"https:\/\/420now.co\/fr-ca\/wp-json\/wp\/v2\/media?parent=21024"}],"wp:term":[{"taxonomy":"product_brand","embeddable":true,"href":"https:\/\/420now.co\/fr-ca\/wp-json\/wp\/v2\/product_brand?post=21024"},{"taxonomy":"product_cat","embeddable":true,"href":"https:\/\/420now.co\/fr-ca\/wp-json\/wp\/v2\/product_cat?post=21024"},{"taxonomy":"product_tag","embeddable":true,"href":"https:\/\/420now.co\/fr-ca\/wp-json\/wp\/v2\/product_tag?post=21024"}],"curies":[{"name":"wp","href":"https:\/\/api.w.org\/{rel}","templated":true}]}}