{"id":21241,"date":"2024-12-10T18:58:35","date_gmt":"2024-12-10T23:58:35","guid":{"rendered":"https:\/\/420now.co\/product\/popeyes-extractions-mini-barre-de-champignons-biscuits-et-creme-chocolat-blanc-1000mg-achat-10-50-00\/"},"modified":"2026-02-08T15:58:17","modified_gmt":"2026-02-08T20:58:17","slug":"popeyes-extractions-mini-barre-de-champignons-biscuits-et-creme-chocolat-blanc-1000mg-achat-10-50-00","status":"publish","type":"product","link":"https:\/\/420now.co\/fr-ca\/product\/popeyes-extractions-mini-barre-de-champignons-biscuits-et-creme-chocolat-blanc-1000mg-achat-10-50-00\/","title":{"rendered":"Popeyes Extractions Mini Barre de Champignons &#8211; Biscuits et Cr\u00e8me Chocolat Blanc &#8211; 1000MG (Achat 10 &#8211; $50.00)"},"content":{"rendered":"<p>Une version \u00ab mini \u00bb du <a href=\"https:\/\/420now.co\/fr-ca\/product\/popeyes-extractions-champignons-chocolat-blanc-cannabar-3000mg\/\">Popeyes Extractions Shroom<\/a> CannaBar au chocolat blanc \u2013 le m\u00eame go\u00fbt exquis et d\u00e9licieux de chocolat blanc velout\u00e9 de haute qualit\u00e9 avec 1000 mg d\u2019extrait de champignon s\u00e9ch\u00e9. Chaque chocolat est fait avec des ingr\u00e9dients de la plus haute qualit\u00e9 pour satisfaire vos papilles, et avec 1000 mg de champignons s\u00e9ch\u00e9s pour votre plaisir psych\u00e9d\u00e9lique.<\/p>\n<p>Beaucoup de punch dans un petit paquet avec beaucoup de saveurs d\u00e9licieuses et satisfaisantes!<\/p>\n<h2>Pourquoi choisir des barres de champignons?<\/h2>\n<p>Il y a de nombreuses raisons pour lesquelles certains pr\u00e9f\u00e8rent les barres de champignons aux champignons s\u00e9ch\u00e9s! Si vous \u00eates d\u00e9butant, vous pouvez commencer par appr\u00e9cier le merveilleux go\u00fbt du chocolat en petits morceaux et en ing\u00e9rer des champignons en petites quantit\u00e9s connues.   <\/p>\n<p>De plus, certaines personnes trouvent que manger des champignons s\u00e9ch\u00e9s provoque parfois un effet secondaire d\u00e9sagr\u00e9able de naus\u00e9es ou de ballonnements dus \u00e0 la <em>chitine<\/em> que l\u2019on trouve dans les champignons s\u00e9ch\u00e9s. Bien que la chitine, qui est apparent\u00e9e \u00e0 la cellulose, un polysaccharide, soit g\u00e9n\u00e9ralement non toxique (on la trouve dans de nombreux aliments biologiques), elle peut parfois causer de l\u2019inconfort \u00e0 certains dans la digestion. Ainsi, lorsque vous consommez des champignons magiques avec du chocolat, cela peut r\u00e9duire le risque de ces effets secondaires digestifs, vous donnant une saveur merveilleuse \u00e0 savourer lorsque vous vous soulevez et flottez dans l\u2019euphorie des champignons.  <\/p>\n<h2>Usage r\u00e9cr\u00e9atif &#8211; Barres \u00e0 champignons<\/h2>\n<p>Les barres \u00e0 champignons Popeyes Extractions sont parfaites pour un usage r\u00e9cr\u00e9atif! Utilisez-les quand vous le souhaitez &#8211; \u00e0 petites doses ou plus &#8211; selon les effets que vous recherchez. Emportez le chocolat lors de randonn\u00e9es, de promenades ou partout o\u00f9 vous souhaitez ressentir les effets des champignons &#8211; ou grignotez simplement un morceau ou deux pour une meilleure clart\u00e9 et concentration.    <\/p>\n<p>Les mini barres de champignons contiennent chacune 1000 mg d\u2019extrait de champignon magique s\u00e9ch\u00e9 &#8211; ce qui vous donne une excellente dose dans un petit emballage que vous pouvez emporter partout avec vous! Mais sachez que le voyage apr\u00e8s avoir consomm\u00e9 l\u2019une de ces mini barres de champignons peut avoir des effets puissants, selon vos propres ant\u00e9c\u00e9dents et votre tol\u00e9rance &#8211; assurez-vous de pr\u00e9voir du temps pour profiter et quand vous ne conduirez pas ou d\u2019autres activit\u00e9s jusqu\u2019\u00e0 ce que vous sachiez comment une dose de 1000 mg vous affecte. En fait, c\u2019est une bonne id\u00e9e de ne pas pr\u00e9voir de conduire pendant plusieurs heures.  <\/p>\n<h2>Livraison de Bar \u00e0 champignons &#8211; Gratuit dans la r\u00e9gion du Grand Toronto &#8211; R\u00e9gion du Grand Toronto<\/h2>\n<p>Si vous habitez dans n\u2019importe quelle partie de la ville de Toronto ou \u00e0 Markham, Newmarket, Richmond Hill, Aurora, Vaughan (Woodbridge, Concord, Langstaff), King Township, nous vous livrerons gratuitement \u00e0 votre porte (avec une commande minimale de 100,00 $ de l\u2019un de nos produits) dans les deux heures!<\/p>\n<p>Profitez des d\u00e9licieux go\u00fbts de chocolat des barres de champignons Popeyes Extractions dans le confort de votre maison avec notre livraison gratuite. Nos chauffeurs amicaux, courtois et discrets offrent un service rapide &#8211; ce qui vous permet de planifier plus facilement votre prochaine exp\u00e9rience de champignons magiques &#8211; que ce soit avec nos chocolats ou avec des <a href=\"https:\/\/420now.co\/fr-ca\/product-category\/comestibles\/champignons\/champignons-secs\/\">champignons secs<\/a>!   <\/p>\n","protected":false},"excerpt":{"rendered":"<p>Une version \u00ab mini \u00bb du <a href=\"https:\/\/420now.co\/fr-ca\/product\/popeyes-extractions-champignons-chocolat-blanc-cannabar-3000mg\/\">Popeyes Extractions Shroom<\/a> CannaBar au chocolat blanc \u2013 le m\u00eame go\u00fbt exquis et d\u00e9licieux de chocolat blanc velout\u00e9 de haute qualit\u00e9 avec 1000 mg d\u2019extrait de champignon s\u00e9ch\u00e9. Chaque chocolat est fait avec des ingr\u00e9dients de la plus haute qualit\u00e9 pour satisfaire vos papilles, et avec 1000 mg de champignons s\u00e9ch\u00e9s pour votre plaisir psych\u00e9d\u00e9lique.<\/p>\n<p>Beaucoup de punch dans un petit paquet avec beaucoup de saveurs d\u00e9licieuses et satisfaisantes! Si vous \u00eates un amateur de chocolat blanc, vos papilles vont adorer \u00e7a!  <\/p>\n","protected":false},"featured_media":17473,"comment_status":"open","ping_status":"closed","template":"","meta":{"_acf_changed":false},"product_brand":[181],"product_cat":[239],"product_tag":[],"class_list":{"0":"post-21241","1":"product","2":"type-product","3":"status-publish","4":"has-post-thumbnail","6":"product_brand-popeyes-extractions","7":"product_cat-champignons-comestibles","9":"first","10":"instock","11":"sale","12":"featured","13":"shipping-taxable","14":"purchasable","15":"product-type-simple"},"acf":[],"_links":{"self":[{"href":"https:\/\/420now.co\/fr-ca\/wp-json\/wp\/v2\/product\/21241","targetHints":{"allow":["GET"]}}],"collection":[{"href":"https:\/\/420now.co\/fr-ca\/wp-json\/wp\/v2\/product"}],"about":[{"href":"https:\/\/420now.co\/fr-ca\/wp-json\/wp\/v2\/types\/product"}],"replies":[{"embeddable":true,"href":"https:\/\/420now.co\/fr-ca\/wp-json\/wp\/v2\/comments?post=21241"}],"wp:featuredmedia":[{"embeddable":true,"href":"https:\/\/420now.co\/fr-ca\/wp-json\/wp\/v2\/media\/17473"}],"wp:attachment":[{"href":"https:\/\/420now.co\/fr-ca\/wp-json\/wp\/v2\/media?parent=21241"}],"wp:term":[{"taxonomy":"product_brand","embeddable":true,"href":"https:\/\/420now.co\/fr-ca\/wp-json\/wp\/v2\/product_brand?post=21241"},{"taxonomy":"product_cat","embeddable":true,"href":"https:\/\/420now.co\/fr-ca\/wp-json\/wp\/v2\/product_cat?post=21241"},{"taxonomy":"product_tag","embeddable":true,"href":"https:\/\/420now.co\/fr-ca\/wp-json\/wp\/v2\/product_tag?post=21241"}],"curies":[{"name":"wp","href":"https:\/\/api.w.org\/{rel}","templated":true}]}}