{"id":21295,"date":"2025-01-17T15:21:45","date_gmt":"2025-01-17T20:21:45","guid":{"rendered":"https:\/\/420now.co\/product\/hachisch-noir-afghan-2-oz\/"},"modified":"2025-01-17T15:21:45","modified_gmt":"2025-01-17T20:21:45","slug":"hachisch-noir-afghan-2-oz","status":"publish","type":"product","link":"https:\/\/420now.co\/fr-ca\/product\/hachisch-noir-afghan-2-oz\/","title":{"rendered":"Hachisch noir afghan 2 oz."},"content":{"rendered":"<p>L\u2019Afghani Black Hash est un concentr\u00e9 de cannabis traditionnel de qualit\u00e9 sup\u00e9rieure, connu pour son ar\u00f4me riche et terreux et ses effets puissants. Fabriqu\u00e9 \u00e0 la main \u00e0 l\u2019aide de techniques ancestrales transmises de g\u00e9n\u00e9ration en g\u00e9n\u00e9ration dans les montagnes d\u2019Afghanistan, ce haschisch est fabriqu\u00e9 \u00e0 partir des meilleures vari\u00e9t\u00e9s indica cultiv\u00e9es dans la r\u00e9gion. L\u2019ext\u00e9rieur noir avec un int\u00e9rieur brun fonc\u00e9 est le r\u00e9sultat d\u2019un processus lent et m\u00e9ticuleux o\u00f9 les glandes de r\u00e9sine de la plante de cannabis sont collect\u00e9es, press\u00e9es et vieillies, cr\u00e9ant sa texture mall\u00e9able caract\u00e9ristique.  <\/p>\n<p>Le haschisch noir afghan est une pierre angulaire de la culture afghane depuis des si\u00e8cles, souvent utilis\u00e9 dans les rituels et les c\u00e9l\u00e9brations. Ses origines remontent \u00e0 l\u2019Antiquit\u00e9, lorsque le cannabis \u00e9tait cultiv\u00e9 \u00e0 des fins m\u00e9dicinales et r\u00e9cr\u00e9atives. R\u00e9put\u00e9e pour son effet doux et apaisant, l\u2019Afghani Black Hash offre une relaxation profonde et un \u00e9tat d\u2019esprit b\u00e9at et euphorique, ce qui en fait un favori des amateurs de cannabis. Disponible dans une boule pratique de 1 oz, il est parfait pour ceux qui recherchent une exp\u00e9rience authentique et puissante avec un pass\u00e9 historique.   <\/p>\n<h2>Livraison de haschisch noir afghan dans la r\u00e9gion de Toronto<\/h2>\n<p>Si vous \u00eates dans la r\u00e9gion du Grand Toronto (RGT), vous pouvez obtenir du haschisch Nepalese Temple Ball en 2 heures* \u00e0 votre porte! Commandez avant 20 h et l\u2019un de nos chauffeurs vous livrera le jour m\u00eame, 2 heures gratuitement, lorsque vous commandez un minimum de 100,00 $ de l\u2019un des produits sur notre site Web. <\/p>\n<p>*Livraison en deux heures \u00e0 Toronto (Scarborough, North York, Etobicoke, DownTown, York \u2013 toutes les r\u00e9gions \u00e0 l\u2019int\u00e9rieur des fronti\u00e8res de la ville de Toronto), Richmond Hill, King, Aurora, Newmarket, Woodbridge, Vaughan et Markham.<\/p>\n","protected":false},"excerpt":{"rendered":"<p>QUANTIT\u00c9 LIMIT\u00c9E!<\/p>\n<p>L\u2019Afghani Black Hash est un concentr\u00e9 de cannabis traditionnel de qualit\u00e9 sup\u00e9rieure, connu pour son ar\u00f4me riche et terreux et ses effets puissants. Fabriqu\u00e9 \u00e0 la main \u00e0 l\u2019aide de techniques ancestrales transmises de g\u00e9n\u00e9ration en g\u00e9n\u00e9ration dans les montagnes d\u2019Afghanistan, ce haschisch est fabriqu\u00e9 \u00e0 partir des meilleures vari\u00e9t\u00e9s indica cultiv\u00e9es dans la r\u00e9gion. L\u2019ext\u00e9rieur noir avec un int\u00e9rieur brun fonc\u00e9 est le r\u00e9sultat d\u2019un processus lent et m\u00e9ticuleux o\u00f9 les glandes de r\u00e9sine de la plante de cannabis sont collect\u00e9es, press\u00e9es et vieillies, cr\u00e9ant sa texture mall\u00e9able caract\u00e9ristique.  <\/p>\n<p>Chaque boule fait 1 once.<\/p>\n","protected":false},"featured_media":0,"comment_status":"open","ping_status":"closed","template":"","meta":{"_acf_changed":false},"product_brand":[],"product_cat":[213,209],"product_tag":[291],"class_list":{"0":"post-21295","1":"product","2":"type-product","3":"status-publish","5":"product_cat-hash-fr-ca","6":"product_cat-concentres","7":"product_tag-afghan-noir","9":"first","10":"instock","11":"sale","12":"shipping-taxable","13":"purchasable","14":"product-type-simple"},"acf":[],"_links":{"self":[{"href":"https:\/\/420now.co\/fr-ca\/wp-json\/wp\/v2\/product\/21295","targetHints":{"allow":["GET"]}}],"collection":[{"href":"https:\/\/420now.co\/fr-ca\/wp-json\/wp\/v2\/product"}],"about":[{"href":"https:\/\/420now.co\/fr-ca\/wp-json\/wp\/v2\/types\/product"}],"replies":[{"embeddable":true,"href":"https:\/\/420now.co\/fr-ca\/wp-json\/wp\/v2\/comments?post=21295"}],"wp:attachment":[{"href":"https:\/\/420now.co\/fr-ca\/wp-json\/wp\/v2\/media?parent=21295"}],"wp:term":[{"taxonomy":"product_brand","embeddable":true,"href":"https:\/\/420now.co\/fr-ca\/wp-json\/wp\/v2\/product_brand?post=21295"},{"taxonomy":"product_cat","embeddable":true,"href":"https:\/\/420now.co\/fr-ca\/wp-json\/wp\/v2\/product_cat?post=21295"},{"taxonomy":"product_tag","embeddable":true,"href":"https:\/\/420now.co\/fr-ca\/wp-json\/wp\/v2\/product_tag?post=21295"}],"curies":[{"name":"wp","href":"https:\/\/api.w.org\/{rel}","templated":true}]}}