{"id":21524,"date":"2025-09-03T18:07:21","date_gmt":"2025-09-03T22:07:21","guid":{"rendered":"https:\/\/420now.co\/?post_type=product&#038;p=21524"},"modified":"2026-02-08T10:01:44","modified_gmt":"2026-02-08T15:01:44","slug":"drizzle-factory-white-freeze-watermelon-punch-2g-switch-vape-copy","status":"publish","type":"product","link":"https:\/\/420now.co\/fr-ca\/product\/drizzle-factory-white-freeze-watermelon-punch-2g-switch-vape-copy\/","title":{"rendered":"Smile Factory Strawberry &#8211; Live Resin\/Kiwi &#8211; Liquid Diamond 5g Switch Vape"},"content":{"rendered":"<p>Lumineux, juteux et rafra\u00eechissant et croquant, Strawberry \/ Kiwi Switch Vape de Smile Factory associe de la r\u00e9sine vivante riche en terp\u00e8nes \u00e0 des diamants liquides propres et puissants dans un seul stylo \u00e0 double chambre de 5 g. Retournez les saveurs sur commande ou m\u00e9langez les deux pour une pouss\u00e9e fruit\u00e9e douce de la premi\u00e8re traction \u00e0 la fin. <\/p>\n<ul>\n<li><strong>Chambre 1 : Fraise (r\u00e9sine vivante)<\/strong><br \/>\n Fraise m\u00fbre au soleil avec une profondeur fid\u00e8le \u00e0 la fleur. Riche en terp\u00e8nes, vibrant et magnifiquement rond pour une session vivante et savoureuse. <\/p>\n<li><strong>Chambre 2 : Kiwi (diamants liquides)<\/strong><br \/>\n Bouton-pression au kiwi croustillant avec une touche ultra-\u00e9pur\u00e9e et moderne. Poli, puissant et d\u00e9licieusement brillant. <\/p>\n<li>Mode<br \/>\n <strong>\u00e0 double saveur<\/strong> R\u00e9glez l\u2019interrupteur au centre pour tirer des deux chambres, une fusion fraise-kiwi p\u00e9tillante, onctueuse et ridiculement savoureuse.\n<\/ul>\n<p><strong>Frais. Fruit\u00e9. Pr\u00eat \u00e0 retourner. Le Strawberry \/ Kiwi Switch Vape est une flexibilit\u00e9 de saveur dans un format \u00e9l\u00e9gant de 5 g.   <\/strong><\/p>\n<h2>Pourquoi ce vaporisateur Smile Factory Switch se d\u00e9marque<\/h2>\n<ul>\n<li>Deux chambres haute capacit\u00e9 totalisant 5 g pour une flexibilit\u00e9 de saveur durable\n<li>L\u2019interrupteur \u00e0 3 positions vous permet de faire fonctionner Strawberry seulement, Kiwi seulement ou une traction m\u00e9lang\u00e9e\n<li>R\u00e9sine vivante pour la fid\u00e9lit\u00e9 des terp\u00e8nes; Diamants liquides pour une clart\u00e9 ultra-propre\n<li>Con\u00e7u pour les personnes qui aiment les profils de fruits brillants et le contr\u00f4le \u00e0 la vol\u00e9e\n<\/ul>\n<h2>Parfait pour<\/h2>\n<ul>\n<li>S\u00e9ances de saveurs de jour avec des notes de fraise vives et fid\u00e8les aux fleurs\n<li>Des vibrations de kiwi nettes et propres lorsque vous voulez un profil moderne et soign\u00e9\n<li>M\u00e9lange pour une fusion de fruits p\u00e9tillants qui reste lisse et facile\n<\/ul>\n<h2>Conseils d\u2019utilisation<\/h2>\n<ul>\n<li>Commencez par Strawberry (Live Resin) pour une profondeur riche en terp\u00e8nes et un go\u00fbt rond et juteux\n<li>Passez au kiwi (diamants liquides) lorsque vous avez envie d\u2019un claquement croustillant et raffin\u00e9\n<li>R\u00e9glez sur le mode double saveur pour fusionner les deux en un flux \u00e9quilibr\u00e9 de fraise et de kiwi\n<li>Prenez des tractions courtes et r\u00e9guli\u00e8res; Accordez-vous un moment entre les bouff\u00e9es pour \u00e9valuer votre point id\u00e9al\n<\/ul>\n<p><strong>Frais. Fruit\u00e9. Pr\u00eat \u00e0 retourner. Le Smile Factory Strawberry \/ Kiwi Switch Vape (5 g) est votre billet tout-en-un pour une polyvalence go\u00fbt d\u2019abord.<\/strong><\/p>\n<h2>Livraison gratuite en 2 heures des vaporisateurs Smile Factory \u2013 R\u00e9gion du Grand Toronto (RGT)<\/h2>\n<p>Si vous \u00eates dans la r\u00e9gion du Grand Toronto (RGT), vous pouvez obtenir les produits Smile Factory dans les 2 heures* \u00e0 votre porte! Commandez avant 20 h et l\u2019un de nos chauffeurs vous livrera le jour m\u00eame, 2 heures gratuitement, lorsque vous commandez un minimum de 100,00 $ de l\u2019un des produits sur notre site Web.<\/p>\n<p>*Livraison en deux heures \u00e0 Toronto (Scarborough, North York, Etobicoke, DownTown, York \u2013 toutes les r\u00e9gions \u00e0 l\u2019int\u00e9rieur des fronti\u00e8res de la ville de Toronto), Richmond Hill, King, Aurora, Newmarket, Bradford, Woodbridge, Vaughan et Markham.<\/p>\n","protected":false},"excerpt":{"rendered":"<p>Lumineux, juteux et rafra\u00eechissant et croquant, Strawberry \/ Kiwi Switch Vape de Smile Factory associe de la r\u00e9sine vivante riche en terp\u00e8nes \u00e0 des diamants liquides propres et puissants dans un seul stylo \u00e0 double chambre de 5 g. Retournez les saveurs sur commande ou m\u00e9langez les deux pour une pouss\u00e9e fruit\u00e9e douce de la premi\u00e8re traction \u00e0 la fin. <\/p>\n<ul>\n<li><strong>Chambre 1 : Fraise (r\u00e9sine vivante)<\/strong><br \/>\n Fraise m\u00fbre au soleil avec une profondeur fid\u00e8le \u00e0 la fleur. Riche en terp\u00e8nes, vibrant et magnifiquement rond pour une session vivante et savoureuse. <\/p>\n<li><strong>Chambre 2 : Kiwi (diamants liquides)<\/strong><br \/>\n Bouton-pression au kiwi croustillant avec une touche ultra-\u00e9pur\u00e9e et moderne. Poli, puissant et d\u00e9licieusement brillant. <\/p>\n<li>Mode<br \/>\n <strong>\u00e0 double saveur<\/strong> R\u00e9glez l\u2019interrupteur au centre pour tirer des deux chambres, une fusion fraise-kiwi p\u00e9tillante, onctueuse et ridiculement savoureuse.\n<\/ul>\n<p><strong>Frais. Fruit\u00e9. Pr\u00eat \u00e0 retourner. Le Strawberry \/ Kiwi Switch Vape est une flexibilit\u00e9 de saveur dans un format \u00e9l\u00e9gant de 5 g.   <\/strong><\/p>\n","protected":false},"featured_media":21526,"comment_status":"open","ping_status":"closed","template":"","meta":{"_acf_changed":false},"product_brand":[349],"product_cat":[281],"product_tag":[346],"class_list":{"0":"post-21524","1":"product","2":"type-product","3":"status-publish","4":"has-post-thumbnail","6":"product_brand-smile-factory","7":"product_cat-stylos-a-vapotage-jetables","8":"product_tag-changer-les-vaporisateurs","10":"first","11":"instock","12":"shipping-taxable","13":"purchasable","14":"product-type-simple"},"acf":[],"_links":{"self":[{"href":"https:\/\/420now.co\/fr-ca\/wp-json\/wp\/v2\/product\/21524","targetHints":{"allow":["GET"]}}],"collection":[{"href":"https:\/\/420now.co\/fr-ca\/wp-json\/wp\/v2\/product"}],"about":[{"href":"https:\/\/420now.co\/fr-ca\/wp-json\/wp\/v2\/types\/product"}],"replies":[{"embeddable":true,"href":"https:\/\/420now.co\/fr-ca\/wp-json\/wp\/v2\/comments?post=21524"}],"wp:featuredmedia":[{"embeddable":true,"href":"https:\/\/420now.co\/fr-ca\/wp-json\/wp\/v2\/media\/21526"}],"wp:attachment":[{"href":"https:\/\/420now.co\/fr-ca\/wp-json\/wp\/v2\/media?parent=21524"}],"wp:term":[{"taxonomy":"product_brand","embeddable":true,"href":"https:\/\/420now.co\/fr-ca\/wp-json\/wp\/v2\/product_brand?post=21524"},{"taxonomy":"product_cat","embeddable":true,"href":"https:\/\/420now.co\/fr-ca\/wp-json\/wp\/v2\/product_cat?post=21524"},{"taxonomy":"product_tag","embeddable":true,"href":"https:\/\/420now.co\/fr-ca\/wp-json\/wp\/v2\/product_tag?post=21524"}],"curies":[{"name":"wp","href":"https:\/\/api.w.org\/{rel}","templated":true}]}}