{"id":21530,"date":"2025-09-03T18:35:53","date_gmt":"2025-09-03T22:35:53","guid":{"rendered":"https:\/\/420now.co\/?post_type=product&#038;p=21530"},"modified":"2026-02-08T09:57:52","modified_gmt":"2026-02-08T14:57:52","slug":"smile-factory-orange-soda-live-resin-blue-razz-punch-liquid-diamond-5g-switch-vape-copy","status":"publish","type":"product","link":"https:\/\/420now.co\/fr-ca\/product\/smile-factory-orange-soda-live-resin-blue-razz-punch-liquid-diamond-5g-switch-vape-copy\/","title":{"rendered":"Smile Factory Lime &#8211; Live Resin\/Mango &#8211; Liquid Diamond 5g Switch Vape"},"content":{"rendered":"<p>Piquant, tropical et ultra-frais, Lime \/ Mango Switch Vape de Smile Factory associe de la r\u00e9sine vivante brillante \u00e0 des diamants liquides lisses et modernes dans un stylo \u00e0 double chambre de 5 g. Retournez les saveurs sur commande ou m\u00e9langez les deux pour une vague de lime et de mangue croustillante, juteuse et sirotable \u00e0 l\u2019infini. <\/p>\n<ul>\n<li><strong>Chaux (r\u00e9sine vivante)<\/strong><br \/>\n Agrumes piquants avec un \u00e9clat de zeste de peau. Riche en terp\u00e8nes, brillant et d\u2019une propret\u00e9 rafra\u00eechissante. <\/p>\n<li><strong>Mangue (diamants liquides)<\/strong><br \/>\n Framboise bleue \u00e9lectrique avec une touche \u00e9pur\u00e9e et moderne, acidul\u00e9e, croquante et super onctueuse.<\/p>\n<li>Mode<br \/>\n <strong>\u00e0 double saveur<\/strong> R\u00e9glez l\u2019interrupteur au centre pour puiser dans les deux chambres : une fusion de lime croquante \u00d7 de mangue juteuse qui frappe comme un vaporisateur tropical frais.\n<\/ul>\n<p><strong>Zesty. Tropical. Pr\u00eat \u00e0 retourner. Le vaporisateur Lime \/ Mango Switch offre une flexibilit\u00e9 de saveur dans un format \u00e9l\u00e9gant de 5 g.   <\/strong><\/p>\n<h2>Pourquoi ce vaporisateur Smile Factory Switch se d\u00e9marque<\/h2>\n<ul>\n<li>Deux chambres haute capacit\u00e9 totalisant 5 g pour une flexibilit\u00e9 de saveur de longue dur\u00e9e\n<li>Interrupteur \u00e0 3 positions pour la lime seulement, la mangue seulement ou les tirettes m\u00e9lang\u00e9es\n<li>Live Resin pour des terp\u00e8nes d\u2019agrumes brillants; Diamants liquides pour une profondeur tropicale propre et arrondie\n<li>Un accord agrumes-tropicaux qui reste lisse de la premi\u00e8re \u00e0 la derni\u00e8re bouff\u00e9e\n<\/ul>\n<h2>Parfait pour<\/h2>\n<ul>\n<li>S\u00e9ances d\u2019agrumes de jour avec un profil croustillant et piquant\n<li>Des moments de mangue tropicale lorsque vous voulez une gorg\u00e9e douce et moderne\n<li>M\u00e9langer pour un vaporisateur de lime et de mangue vibrant et facile\n<\/ul>\n<h2>Conseils d\u2019utilisation<\/h2>\n<ul>\n<li>Commencez par Lime (Live Resin) pour une clart\u00e9 d\u2019agrumes brillante et un go\u00fbt rafra\u00eechissant\n<li>Passez \u00e0 Mango (Liquid Diamonds) lorsque vous avez envie d\u2019un fini tropical luxuriant et poli\n<li>R\u00e9glez sur le mode double saveur pour fusionner les deux en un filet \u00e9quilibr\u00e9 de lime et de mangue\n<li>Prenez des tractions courtes et r\u00e9guli\u00e8res; Accordez-vous un moment entre les bouff\u00e9es pour trouver votre point id\u00e9al<br \/>\n<strong>Vive. Tropical. Pr\u00eat \u00e0 retourner. Le Smile Factory Lime \/ Mango Switch Vape (5 g) est votre choix pour une polyvalence fruit-first.<\/strong><\/p>\n<h2>Livraison gratuite en 2 heures des vaporisateurs Smile Factory \u2013 R\u00e9gion du Grand Toronto (RGT)<\/h2>\n<p>Si vous \u00eates dans la r\u00e9gion du Grand Toronto (RGT), vous pouvez obtenir les produits Smile Factory dans les 2 heures* \u00e0 votre porte! Commandez avant 20 h et l\u2019un de nos chauffeurs vous livrera le jour m\u00eame, 2 heures gratuitement, lorsque vous commandez un minimum de 100,00 $ de l\u2019un des produits sur notre site Web.<\/p>\n<p>*Livraison en deux heures \u00e0 Toronto (Scarborough, North York, Etobicoke, DownTown, York \u2013 toutes les r\u00e9gions \u00e0 l\u2019int\u00e9rieur des fronti\u00e8res de la ville de Toronto), Richmond Hill, King, Aurora, Newmarket, Bradford, Woodbridge, Vaughan et Markham.<\/p>\n","protected":false},"excerpt":{"rendered":"<p>Piquant, tropical et ultra-frais, Lime \/ Mango Switch Vape de Smile Factory associe de la r\u00e9sine vivante brillante \u00e0 des diamants liquides lisses et modernes dans un stylo \u00e0 double chambre de 5 g. Retournez les saveurs sur commande ou m\u00e9langez les deux pour une vague de lime et de mangue croustillante, juteuse et sirotable \u00e0 l\u2019infini. <\/p>\n<ul>\n<li><strong>Chaux (r\u00e9sine vivante)<\/strong><br \/>\n Agrumes piquants avec un \u00e9clat de zeste de peau. Riche en terp\u00e8nes, brillant et d\u2019une propret\u00e9 rafra\u00eechissante. <\/p>\n<li><strong>Mangue (diamants liquides)<\/strong><br \/>\n Framboise bleue \u00e9lectrique avec une touche \u00e9pur\u00e9e et moderne, acidul\u00e9e, croquante et super onctueuse.<\/p>\n<li>Mode<br \/>\n <strong>\u00e0 double saveur<\/strong> R\u00e9glez l\u2019interrupteur au centre pour puiser dans les deux chambres : une fusion de lime croquante \u00d7 de mangue juteuse qui frappe comme un vaporisateur tropical frais.\n<\/ul>\n<p><strong>Zesty. Tropical. Pr\u00eat \u00e0 retourner. Le vaporisateur Lime \/ Mango Switch offre une flexibilit\u00e9 de saveur dans un format \u00e9l\u00e9gant de 5 g.   <\/strong><\/p>\n","protected":false},"featured_media":21532,"comment_status":"open","ping_status":"closed","template":"","meta":{"_acf_changed":false},"product_brand":[349],"product_cat":[281],"product_tag":[346],"class_list":{"0":"post-21530","1":"product","2":"type-product","3":"status-publish","4":"has-post-thumbnail","6":"product_brand-smile-factory","7":"product_cat-stylos-a-vapotage-jetables","8":"product_tag-changer-les-vaporisateurs","10":"first","11":"instock","12":"shipping-taxable","13":"purchasable","14":"product-type-simple"},"acf":[],"_links":{"self":[{"href":"https:\/\/420now.co\/fr-ca\/wp-json\/wp\/v2\/product\/21530","targetHints":{"allow":["GET"]}}],"collection":[{"href":"https:\/\/420now.co\/fr-ca\/wp-json\/wp\/v2\/product"}],"about":[{"href":"https:\/\/420now.co\/fr-ca\/wp-json\/wp\/v2\/types\/product"}],"replies":[{"embeddable":true,"href":"https:\/\/420now.co\/fr-ca\/wp-json\/wp\/v2\/comments?post=21530"}],"wp:featuredmedia":[{"embeddable":true,"href":"https:\/\/420now.co\/fr-ca\/wp-json\/wp\/v2\/media\/21532"}],"wp:attachment":[{"href":"https:\/\/420now.co\/fr-ca\/wp-json\/wp\/v2\/media?parent=21530"}],"wp:term":[{"taxonomy":"product_brand","embeddable":true,"href":"https:\/\/420now.co\/fr-ca\/wp-json\/wp\/v2\/product_brand?post=21530"},{"taxonomy":"product_cat","embeddable":true,"href":"https:\/\/420now.co\/fr-ca\/wp-json\/wp\/v2\/product_cat?post=21530"},{"taxonomy":"product_tag","embeddable":true,"href":"https:\/\/420now.co\/fr-ca\/wp-json\/wp\/v2\/product_tag?post=21530"}],"curies":[{"name":"wp","href":"https:\/\/api.w.org\/{rel}","templated":true}]}}