{"id":23639,"date":"2026-03-26T11:28:31","date_gmt":"2026-03-26T15:28:31","guid":{"rendered":"https:\/\/420now.co\/product\/glass-bongs-peints-a-la-main-unique-du-meme-genre\/"},"modified":"2026-03-26T11:28:31","modified_gmt":"2026-03-26T15:28:31","slug":"glass-bongs-peints-a-la-main-unique-du-meme-genre","status":"publish","type":"product","link":"https:\/\/420now.co\/fr-ca\/product\/glass-bongs-peints-a-la-main-unique-du-meme-genre\/","title":{"rendered":"Glass Bongs &#8211; Peints \u00e0 la main (Unique du m\u00eame genre!)"},"content":{"rendered":"<p>Si vous cherchez quelque chose de vraiment unique, vous allez adorer ces bangs en verre peints \u00e0 la main! Disponible en deux styles, mais aucun n\u2019est identique \u00e0 l\u2019autre.   <\/p>\n<p>\u00c7a ajoute une touche d\u00e9corative \u00e0 ton espace et \u00e7a devient un sujet de conversation avec tes amis avec qui tu partages un moment de bong.<\/p>\n","protected":false},"excerpt":{"rendered":"<p>Si vous cherchez quelque chose de vraiment unique, vous allez adorer ces bangs en verre peints \u00e0 la main! Disponible en deux styles, mais aucun n\u2019est identique \u00e0 l\u2019autre.   <\/p>\n<p>\u00c7a ajoute une touche d\u00e9corative \u00e0 ton espace et \u00e7a devient un sujet de conversation avec tes amis avec qui tu partages un moment de bong.<\/p>\n","protected":false},"featured_media":16637,"comment_status":"closed","ping_status":"closed","template":"","meta":{"_acf_changed":false},"product_brand":[],"product_cat":[257],"product_tag":[],"class_list":{"0":"post-23639","1":"product","2":"type-product","3":"status-publish","4":"has-post-thumbnail","6":"product_cat-bongs-et-pipes","8":"first","9":"instock","10":"shipping-taxable","11":"purchasable","12":"product-type-variable"},"acf":[],"_links":{"self":[{"href":"https:\/\/420now.co\/fr-ca\/wp-json\/wp\/v2\/product\/23639","targetHints":{"allow":["GET"]}}],"collection":[{"href":"https:\/\/420now.co\/fr-ca\/wp-json\/wp\/v2\/product"}],"about":[{"href":"https:\/\/420now.co\/fr-ca\/wp-json\/wp\/v2\/types\/product"}],"replies":[{"embeddable":true,"href":"https:\/\/420now.co\/fr-ca\/wp-json\/wp\/v2\/comments?post=23639"}],"wp:featuredmedia":[{"embeddable":true,"href":"https:\/\/420now.co\/fr-ca\/wp-json\/wp\/v2\/media\/16637"}],"wp:attachment":[{"href":"https:\/\/420now.co\/fr-ca\/wp-json\/wp\/v2\/media?parent=23639"}],"wp:term":[{"taxonomy":"product_brand","embeddable":true,"href":"https:\/\/420now.co\/fr-ca\/wp-json\/wp\/v2\/product_brand?post=23639"},{"taxonomy":"product_cat","embeddable":true,"href":"https:\/\/420now.co\/fr-ca\/wp-json\/wp\/v2\/product_cat?post=23639"},{"taxonomy":"product_tag","embeddable":true,"href":"https:\/\/420now.co\/fr-ca\/wp-json\/wp\/v2\/product_tag?post=23639"}],"curies":[{"name":"wp","href":"https:\/\/api.w.org\/{rel}","templated":true}]}}