{"id":23686,"date":"2026-03-26T18:52:46","date_gmt":"2026-03-26T22:52:46","guid":{"rendered":"https:\/\/420now.co\/product\/eclatement-de-la-drizzle-factory-plusieurs-souches\/"},"modified":"2026-03-26T18:52:46","modified_gmt":"2026-03-26T22:52:46","slug":"eclatement-de-la-drizzle-factory-plusieurs-souches","status":"publish","type":"product","link":"https:\/\/420now.co\/fr-ca\/product\/eclatement-de-la-drizzle-factory-plusieurs-souches\/","title":{"rendered":"\u00c9clatement de la Drizzle Factory (Plusieurs souches)"},"content":{"rendered":"<h2>Drizzle Factory Shatter \u2013 Concentr\u00e9s premium livr\u00e9s rapidement<\/h2>\n<p>Drizzle Factory Shatter offre une exp\u00e9rience de concentr\u00e9 de cannabis de haute qualit\u00e9 pour les utilisateurs qui recherchent de la puissance, de la saveur et de la consistance. Chaque lot est soigneusement produit pour offrir un smashter propre et stable, facile \u00e0 manipuler et agr\u00e9able \u00e0 utiliser. <\/p>\n<p>Cela fait de Drizzle Factory Shatter un choix populaire pour les utilisateurs \u00e0 la recherche de shatter de haute qualit\u00e9 \u00e0 Richmond Hill, Toronto et dans les environs.<\/p>\n<p>Avec 36 vari\u00e9t\u00e9s diff\u00e9rentes disponibles, vous pouvez choisir entre des indicas relaxantes, des sativas entra\u00eenantes et des hybrides \u00e9quilibr\u00e9s selon vos pr\u00e9f\u00e9rences.<\/p>\n<h2>Qu\u2019est-ce que Shatter? Comprendre les concentr\u00e9s de cannabis <\/h2>\n<p>Shatter est un concentr\u00e9 de cannabis reconnu pour son apparence translucide, semblable \u00e0 du verre. Il est cr\u00e9\u00e9 par un proc\u00e9d\u00e9 qui extrait des cannabino\u00efdes et des terp\u00e8nes, ce qui donne un produit tr\u00e8s puissant. <\/p>\n<p>Shatter est g\u00e9n\u00e9ralement utilis\u00e9 pour :<\/p>\n<ul>\n<li>Dabbing<\/li>\n<li>Vaporisation<\/li>\n<li>Rehausser la fleur<\/li>\n<\/ul>\n<p>En raison de sa puissance, il convient surtout aux utilisateurs ayant une certaine exp\u00e9rience avec des concentr\u00e9s de cannabis.<\/p>\n<h2>Vari\u00e9t\u00e9s disponibles<\/h2>\n<p>Choisissez parmi une large gamme de souches, notamment :<\/p>\n<ul>\n<li>Foutre du tonnerre d\u2019Alaska (Sativa)<\/li>\n<li>Blue Runtz (hybride)<\/li>\n<li>Bruce Banner (Sativa)<\/li>\n<li>Bubba Diagonal (Indica)<\/li>\n<li>Lait de c\u00e9r\u00e9ales (hybride)<\/li>\n<li>Do Si Dos (Indica)<\/li>\n<li>Poison de Durban (Sativa)<\/li>\n<li>Gelato #41 (Indica)<\/li>\n<li>OGM (Indica)<\/li>\n<li>Grand-papa Pourpre (Indica)<\/li>\n<li>Grease Monkey (Indica)<\/li>\n<li>Jungle Cake (hybride)<\/li>\n<li>Kali Mist (Sativa)<\/li>\n<li>Kush Mint (hybride)<\/li>\n<li>Mac 1 (Indica)<\/li>\n<li>Souffle Mendo (Indica)<\/li>\n<li>Pink Kush (Indica)<\/li>\n<li>Biscuits Platine (Hybride)<\/li>\n<li>Slurricane (Indica)<\/li>\n<li>THC Bomb (Indica)<\/li>\n<li>Zookies (Indica)<\/li>\n<\/ul>\n<p>\u2026 et bien d\u2019autres.<\/p>\n<p>(La disponibilit\u00e9 des souches peut varier.)<\/p>\n<h2>Pourquoi choisir Drizzle Factory Shatter?<\/h2>\n<ul>\n<li>Haute puissance pour des effets forts<\/li>\n<li>Texture propre et stable<\/li>\n<li>Grande vari\u00e9t\u00e9 de souches<\/li>\n<li>Qualit\u00e9 fiable et constante<\/li>\n<li>Adapt\u00e9 au tamponnage et \u00e0 la vaporisation<\/li>\n<\/ul>\n<h2>Livraison locale rapide<\/h2>\n<p>Si vous \u00eates dans la r\u00e9gion du Grand Toronto (GTA), vous pouvez obtenir Drizzle Factory Shatter en moins de 2 heures* \u00e0 votre porte! Commandez avant 20 h et l\u2019un de nos chauffeurs vous livrera le jour m\u00eame, 2 heures gratuitement, lorsque vous commandez un minimum de 100,00 $ de l\u2019un des produits sur notre site Web.<\/p>\n<p>*Livraison en deux heures \u00e0 Toronto (Scarborough, North York, Etobicoke, DownTown, York \u2013 toutes les r\u00e9gions \u00e0 l\u2019int\u00e9rieur des fronti\u00e8res de la ville de Toronto), Richmond Hill, King, Aurora, Newmarket, Woodbridge, Vaughan et Markham.<\/p>\n<p>Pour d\u2019autres r\u00e9gions en dehors de notre zone de livraison, nous pouvons vous exp\u00e9dier Drizzle Factory Shatter partout au Canada.  <\/p>\n<h2>FAQ<\/h2>\n<p><strong>Quelle est la diff\u00e9rence entre shatter et comestibles?<\/strong><br \/>\nShatter est inhal\u00e9 pour des effets rapides, tandis que les comestibles sont consomm\u00e9s et mettent plus de temps \u00e0 s\u2019activer.<\/p>\n<p><strong>Est-ce que l\u2019\u00e9clatement est plus fort que la fleur?<\/strong><br \/>\nOui, le shatter est une forme concentr\u00e9e de cannabis et g\u00e9n\u00e9ralement beaucoup plus puissante.<\/p>\n<p><strong>Quelle vari\u00e9t\u00e9 devrais-je choisir?<\/strong><br \/>\nLes vari\u00e9t\u00e9s indica sont plus relaxantes, les sativa sont plus stimulantes, et les hybrides offrent un \u00e9quilibre.<\/p>\n<p><strong>Est-ce que c\u2019est la m\u00eame chose que les barres Shatter?<\/strong><br \/>\nNon! Bien que les barres shatter comestibles soient infus\u00e9es \u00e0 l\u2019huile shatter, elles ne sont pas identiques. Le shatter cru n\u2019est pas destin\u00e9 \u00e0 la consommation orale. Cependant, si vous cherchez une forme comestible, consultez nos <a href=\"https:\/\/420now.co\/fr-ca\/barres-de-brisage-euphoria-extractions-420now-livraison-de-weed\/\">barres Shatter<\/a>.   <\/p>\n","protected":false},"excerpt":{"rendered":"<p>Le Drizzle Factory Shatter est un concentr\u00e9 de cannabis haut de gamme disponible en 36 vari\u00e9t\u00e9s, incluant des options indica, sativa et hybride. Reconnu pour sa puissance, sa texture propre et ses profils de saveurs prononc\u00e9s, ce shatter est id\u00e9al pour les utilisateurs exp\u00e9riment\u00e9s \u00e0 la recherche d\u2019effets rapides. <\/p>\n<p>Choisissez votre vari\u00e9t\u00e9 pr\u00e9f\u00e9r\u00e9e et profitez de concentr\u00e9s fiables et de haute qualit\u00e9 avec livraison rapide et gratuite dans notre r\u00e9gion, et livraison gratuite \u00e0 travers le Canada.<\/p>\n","protected":false},"featured_media":17527,"comment_status":"open","ping_status":"closed","template":"","meta":{"_acf_changed":false},"product_brand":[],"product_cat":[216],"product_tag":[],"class_list":{"0":"post-23686","1":"product","2":"type-product","3":"status-publish","4":"has-post-thumbnail","6":"product_cat-shatter-fr-ca","8":"first","9":"instock","10":"shipping-taxable","11":"purchasable","12":"product-type-variable"},"acf":[],"_links":{"self":[{"href":"https:\/\/420now.co\/fr-ca\/wp-json\/wp\/v2\/product\/23686","targetHints":{"allow":["GET"]}}],"collection":[{"href":"https:\/\/420now.co\/fr-ca\/wp-json\/wp\/v2\/product"}],"about":[{"href":"https:\/\/420now.co\/fr-ca\/wp-json\/wp\/v2\/types\/product"}],"replies":[{"embeddable":true,"href":"https:\/\/420now.co\/fr-ca\/wp-json\/wp\/v2\/comments?post=23686"}],"wp:featuredmedia":[{"embeddable":true,"href":"https:\/\/420now.co\/fr-ca\/wp-json\/wp\/v2\/media\/17527"}],"wp:attachment":[{"href":"https:\/\/420now.co\/fr-ca\/wp-json\/wp\/v2\/media?parent=23686"}],"wp:term":[{"taxonomy":"product_brand","embeddable":true,"href":"https:\/\/420now.co\/fr-ca\/wp-json\/wp\/v2\/product_brand?post=23686"},{"taxonomy":"product_cat","embeddable":true,"href":"https:\/\/420now.co\/fr-ca\/wp-json\/wp\/v2\/product_cat?post=23686"},{"taxonomy":"product_tag","embeddable":true,"href":"https:\/\/420now.co\/fr-ca\/wp-json\/wp\/v2\/product_tag?post=23686"}],"curies":[{"name":"wp","href":"https:\/\/api.w.org\/{rel}","templated":true}]}}