{"id":23780,"date":"2026-03-27T13:52:28","date_gmt":"2026-03-27T17:52:28","guid":{"rendered":"https:\/\/420now.co\/product\/ananas-express-meds-shatter-concentre-de-thc-haut-de-gamme\/"},"modified":"2026-03-27T13:52:28","modified_gmt":"2026-03-27T17:52:28","slug":"ananas-express-meds-shatter-concentre-de-thc-haut-de-gamme","status":"publish","type":"product","link":"https:\/\/420now.co\/fr-ca\/product\/ananas-express-meds-shatter-concentre-de-thc-haut-de-gamme\/","title":{"rendered":"Ananas Express Meds Shatter &#8211; Concentr\u00e9 de THC haut de gamme"},"content":{"rendered":"<h2>Ananas Express M\u00e9dicaments Briser \u2013 Concentr\u00e9s de qualit\u00e9 livr\u00e9s rapidement<\/h2>\n<p>Pineapple Express Meds Shatter offre une exp\u00e9rience de concentr\u00e9 de cannabis fiable et de haute qualit\u00e9 pour les utilisateurs recherchant puissance, saveur et consistance. Chaque souche est con\u00e7ue pour offrir un smashter propre et stable, avec de forts profils de terp\u00e8nes et des effets lisses. <\/p>\n<p>Si vous cherchez des shatter \u00e0 Toronto, Richmond Hill ou dans les environs, cette s\u00e9lection offre une vari\u00e9t\u00e9 de vari\u00e9t\u00e9s en un seul endroit pratique.<\/p>\n<h2>Qu\u2019est-ce que Shatter?<\/h2>\n<p>Shatter est un concentr\u00e9 de cannabis reconnu pour son apparence vitreuse et sa grande puissance. Il est produit par un processus d\u2019extraction qui isole les cannabino\u00efdes et les terp\u00e8nes, ce qui donne un produit propre et puissant. <\/p>\n<p>Le briseur est couramment utilis\u00e9 pour :<\/p>\n<ul>\n<li>Dabbing<\/li>\n<li>Vaporisation<\/li>\n<li>Rehausser la fleur<\/li>\n<\/ul>\n<p>En raison de sa puissance, il convient surtout aux utilisateurs ayant de l\u2019exp\u00e9rience avec des concentr\u00e9s de cannabis.<\/p>\n<h2>Vari\u00e9t\u00e9s disponibles<\/h2>\n<p>Pineapple Express Meds Shatter est disponible dans les vari\u00e9t\u00e9s suivantes :<\/p>\n<ul>\n<li>Sour Star (hybride)<\/li>\n<li>Tarte aux pommes (hybride)<\/li>\n<li>Cherry OG (hybride)<\/li>\n<li>Morning Dew (hybride)<\/li>\n<li>Rockstar (Indica)<\/li>\n<li>Tutti Frutti (Hybride)<\/li>\n<\/ul>\n<p>(La disponibilit\u00e9 des souches peut varier.)<\/p>\n<h2>Pourquoi choisir Pineapple Express Meds Shatter?<\/h2>\n<ul>\n<li>Haute puissance pour des effets forts<\/li>\n<li>Texture lisse et stable<\/li>\n<li>S\u00e9lection \u00e9quilibr\u00e9e de souches hybrides lourdes<\/li>\n<li>Qualit\u00e9 fiable entre les lots<\/li>\n<li>Adapt\u00e9 au tamponnage et \u00e0 la vaporisation<\/li>\n<\/ul>\n<p>Pineapple Express Meds (\u00e9galement connu sous le nom de PEM) s\u2019est forg\u00e9 une r\u00e9putation de chef de file canadien dans l\u2019industrie du cannabis. Une entreprise qui non seulement r\u00e9pond, mais d\u00e9passe les attentes et assure une qualit\u00e9 sup\u00e9rieure \u00e0 chaque produit. <\/p>\n<h2>Choisir la bonne vari\u00e9t\u00e9<\/h2>\n<p>Si vous n\u2019\u00eates pas s\u00fbr de la vari\u00e9t\u00e9 \u00e0 choisir :<\/p>\n<ul>\n<li>Indica : effets relaxants, ax\u00e9s sur le corps<\/li>\n<li>Sativa : effets \u00e9nergisants et stimulants<\/li>\n<li>Hybride : effets \u00e9quilibr\u00e9s<\/li>\n<\/ul>\n<p>La plupart des vari\u00e9t\u00e9s de cette gamme sont hybrides, offrant un m\u00e9lange de relaxation physique et d\u2019\u00e9l\u00e9vation mentale.<\/p>\n<h2>Livraison locale rapide<\/h2>\n<p>Si vous \u00eates dans la r\u00e9gion du Grand Toronto (GTA), vous pouvez obtenir Pineapple Express Meds (PEM) Shatter \u00e0 votre porte en moins de 2 heures*! Commandez avant 20 h et l\u2019un de nos chauffeurs vous livrera le jour m\u00eame, 2 heures gratuitement, lorsque vous commandez un minimum de 100,00 $ de l\u2019un des produits sur notre site Web.<\/p>\n<p>*Livraison en deux heures \u00e0 Toronto (Scarborough, North York, Etobicoke, DownTown, York \u2013 toutes les r\u00e9gions \u00e0 l\u2019int\u00e9rieur des fronti\u00e8res de la ville de Toronto), Richmond Hill, King, Aurora, Newmarket, Woodbridge, Vaughan et Markham.<\/p>\n<p>Pour d\u2019autres r\u00e9gions en dehors de notre zone de livraison, nous pouvons vous exp\u00e9dier Pineapple Express Meds (PEM) Shatter partout au Canada.<\/p>\n<h2>FAQ<\/h2>\n<p><strong>Quelle est la diff\u00e9rence entre shatter et comestibles?<\/strong><br \/>\nShatter est inhal\u00e9 pour des effets rapides, tandis que les comestibles sont consomm\u00e9s et mettent plus de temps \u00e0 s\u2019activer.<\/p>\n<p><strong>Est-ce que l\u2019\u00e9clatement est plus fort que la fleur?<\/strong><br \/>\nOui, le shatter est une forme concentr\u00e9e de cannabis et g\u00e9n\u00e9ralement beaucoup plus puissante.<\/p>\n<p><strong>Quelle vari\u00e9t\u00e9 devrais-je choisir?<\/strong><br \/>\nLes vari\u00e9t\u00e9s indica sont plus relaxantes, les sativa sont plus stimulantes, et les hybrides offrent un \u00e9quilibre.<\/p>\n<p><strong>Est-ce que c\u2019est la m\u00eame chose que les barres Shatter?<\/strong><br \/>\nNon! Bien que les barres shatter comestibles soient infus\u00e9es \u00e0 l\u2019huile shatter, elles ne sont pas identiques. Le shatter cru n\u2019est pas destin\u00e9 \u00e0 la consommation orale. Cependant, si vous cherchez une forme comestible, consultez nos <a href=\"https:\/\/420now.co\/fr-ca\/barres-de-brisage-euphoria-extractions-420now-livraison-de-weed\/\">barres Shatter<\/a>.   <\/p>\n","protected":false},"excerpt":{"rendered":"<p>Pineapple Express Meds Shatter est un concentr\u00e9 de cannabis haut de gamme disponible en 6 vari\u00e9t\u00e9s, dont Sour Star, Apple Pie et Rockstar. Reconnu pour sa puissance, sa texture lisse et ses profils de terp\u00e8nes riches, ce shatter est id\u00e9al pour les utilisateurs exp\u00e9riment\u00e9s.   <\/p>\n<p>Livraison rapide disponible \u00e0 Richmond Hill, Toronto et dans les environs.<\/p>\n<p>Exp\u00e9die \u00e0 travers le Canada via Postes Canada.<\/p>\n","protected":false},"featured_media":16661,"comment_status":"open","ping_status":"closed","template":"","meta":{"_acf_changed":false},"product_brand":[],"product_cat":[216],"product_tag":[],"class_list":{"0":"post-23780","1":"product","2":"type-product","3":"status-publish","4":"has-post-thumbnail","6":"product_cat-shatter-fr-ca","8":"first","9":"instock","10":"shipping-taxable","11":"purchasable","12":"product-type-variable"},"acf":[],"_links":{"self":[{"href":"https:\/\/420now.co\/fr-ca\/wp-json\/wp\/v2\/product\/23780","targetHints":{"allow":["GET"]}}],"collection":[{"href":"https:\/\/420now.co\/fr-ca\/wp-json\/wp\/v2\/product"}],"about":[{"href":"https:\/\/420now.co\/fr-ca\/wp-json\/wp\/v2\/types\/product"}],"replies":[{"embeddable":true,"href":"https:\/\/420now.co\/fr-ca\/wp-json\/wp\/v2\/comments?post=23780"}],"wp:featuredmedia":[{"embeddable":true,"href":"https:\/\/420now.co\/fr-ca\/wp-json\/wp\/v2\/media\/16661"}],"wp:attachment":[{"href":"https:\/\/420now.co\/fr-ca\/wp-json\/wp\/v2\/media?parent=23780"}],"wp:term":[{"taxonomy":"product_brand","embeddable":true,"href":"https:\/\/420now.co\/fr-ca\/wp-json\/wp\/v2\/product_brand?post=23780"},{"taxonomy":"product_cat","embeddable":true,"href":"https:\/\/420now.co\/fr-ca\/wp-json\/wp\/v2\/product_cat?post=23780"},{"taxonomy":"product_tag","embeddable":true,"href":"https:\/\/420now.co\/fr-ca\/wp-json\/wp\/v2\/product_tag?post=23780"}],"curies":[{"name":"wp","href":"https:\/\/api.w.org\/{rel}","templated":true}]}}