{"id":23831,"date":"2026-03-28T09:41:21","date_gmt":"2026-03-28T13:41:21","guid":{"rendered":"https:\/\/420now.co\/product\/popeyes-extractions-stylos-vape-500-mg\/"},"modified":"2026-03-28T09:41:21","modified_gmt":"2026-03-28T13:41:21","slug":"popeyes-extractions-stylos-vape-500-mg","status":"publish","type":"product","link":"https:\/\/420now.co\/fr-ca\/product\/popeyes-extractions-stylos-vape-500-mg\/","title":{"rendered":"POPEYES EXTRACTIONS Stylos Vape 500 mg"},"content":{"rendered":"","protected":false},"excerpt":{"rendered":"<p>Ces stylos vaporisateurs \u00e9l\u00e9gants et \u00e0 la fine pointe de la technologie, ne n\u00e9cessitent ni recharge, et sont faciles, discrets et pratiques \u00e0 utiliser. Les stylos vaporisateurs Popeyes extractions avec 500 mg de THC sont disponibles en trois vari\u00e9t\u00e9s : Tom Ford, Pink Kush et Sour OG. <\/p>\n","protected":false},"featured_media":16736,"comment_status":"closed","ping_status":"closed","template":"","meta":{"_acf_changed":false},"product_brand":[],"product_cat":[281],"product_tag":[],"class_list":{"0":"post-23831","1":"product","2":"type-product","3":"status-publish","4":"has-post-thumbnail","6":"product_cat-stylos-a-vapotage-jetables","8":"first","9":"instock","10":"shipping-taxable","11":"purchasable","12":"product-type-variable"},"acf":[],"_links":{"self":[{"href":"https:\/\/420now.co\/fr-ca\/wp-json\/wp\/v2\/product\/23831","targetHints":{"allow":["GET"]}}],"collection":[{"href":"https:\/\/420now.co\/fr-ca\/wp-json\/wp\/v2\/product"}],"about":[{"href":"https:\/\/420now.co\/fr-ca\/wp-json\/wp\/v2\/types\/product"}],"replies":[{"embeddable":true,"href":"https:\/\/420now.co\/fr-ca\/wp-json\/wp\/v2\/comments?post=23831"}],"wp:featuredmedia":[{"embeddable":true,"href":"https:\/\/420now.co\/fr-ca\/wp-json\/wp\/v2\/media\/16736"}],"wp:attachment":[{"href":"https:\/\/420now.co\/fr-ca\/wp-json\/wp\/v2\/media?parent=23831"}],"wp:term":[{"taxonomy":"product_brand","embeddable":true,"href":"https:\/\/420now.co\/fr-ca\/wp-json\/wp\/v2\/product_brand?post=23831"},{"taxonomy":"product_cat","embeddable":true,"href":"https:\/\/420now.co\/fr-ca\/wp-json\/wp\/v2\/product_cat?post=23831"},{"taxonomy":"product_tag","embeddable":true,"href":"https:\/\/420now.co\/fr-ca\/wp-json\/wp\/v2\/product_tag?post=23831"}],"curies":[{"name":"wp","href":"https:\/\/api.w.org\/{rel}","templated":true}]}}