{"id":24000,"date":"2026-03-28T19:03:57","date_gmt":"2026-03-28T23:03:57","guid":{"rendered":"https:\/\/420now.co\/?post_type=product&#038;p=24000"},"modified":"2026-03-28T19:17:12","modified_gmt":"2026-03-28T23:17:12","slug":"drizzle-factory-gem-pod-1100-mg-indica-21-saveurs-copy","status":"publish","type":"product","link":"https:\/\/420now.co\/fr-ca\/product\/drizzle-factory-gem-pod-1100-mg-indica-21-saveurs-copy\/","title":{"rendered":"Pod de gemmes Drizzle Factory 1100 mg &#8211; Sativa (12 saveurs)"},"content":{"rendered":"<h2>Utilisation des pods de gemmes \u00e0 la Drizzle Factory<\/h2>\n<p>Guide<br \/>\n <strong>de d\u00e9marrage rapide<\/strong>Pour commencer \u00e0 utiliser votre capsule de gemmes, appuyez sur le bouton 5 fois rapidement (en ~2 secondes) pour le d\u00e9verrouiller. La DEL clignotera si elle r\u00e9ussit.  Avant de ranger votre capsule de gemmes dans une poche ou un sac, remettez-la en \u00e9tat verrouill\u00e9 avec la m\u00eame proc\u00e9dure.<\/p>\n<p><strong><em>Si le Gem Pod arrive avec 0% de batterie, chargez pendant 1,5 heure avant utilisation.<\/em><\/strong><\/p>\n<p><strong>Flux d\u2019air serr\u00e9 ou pas<\/strong><\/p>\n<p>S\u2019il y a tr\u00e8s peu ou pas de circulation d\u2019air lorsque vous essayez d\u2019inhaler, cela peut \u00eatre un bouchon. C\u2019est normal, car le distillat est tr\u00e8s visqueux \u00e0 temp\u00e9rature ambiante.  Il suffit de maintenir le bouton environ 2 secondes pour pr\u00e9chauffer la r\u00e9sistance, puis d\u2019inhaler pour lib\u00e9rer le bouchon (vous pouvez rel\u00e2cher le bouton apr\u00e8s pr\u00e9chauffage).<\/p>\n<h2>Fonctionnement en double mode de la capsule gemme<\/h2>\n<p><strong>Force<\/strong><br \/>\n r\u00e9guli\u00e8rePour une aspiration moyenne, il suffit d\u2019inspirer pour activer l\u2019interrupteur d\u2019air, comme nos Original Pens. Pas besoin d\u2019appuyer sur le bouton. <\/p>\n<p><strong>Pour un coup plus fort<\/strong><\/p>\n<p>Pour une traction plus intense, maintenez le bouton en inspirant. Tu peux aussi utiliser le bouton comme fonction de \u00ab pr\u00e9-chauffe \u00bb pour obtenir un coup plus concentr\u00e9. <\/p>\n<h2>En savoir plus sur Drizzle Factory Gem Pod 1100 mg Vape jetable<\/h2>\n<p>Les stylos \u00e9lectroniques jetables Drizzle Factory Gem Pod 1100 mg sont con\u00e7us pour les utilisateurs qui souhaitent une exp\u00e9rience pratique et riche en saveurs au cannabis. Chaque appareil est pr\u00e9rempli avec un distillat de haute qualit\u00e9 et est pr\u00eat \u00e0 \u00eatre utilis\u00e9 imm\u00e9diatement \u2013 sans installation, remplissage ou entretien (m\u00eame si vous devrez peut-\u00eatre recharger la batterie avant utilisation). <\/p>\n<p>Avec un large choix de saveurs disponibles, ces stylos vapoteurs offrent des performances constantes et une vapeur douce dans un format compact et discret.<\/p>\n<h3>Pourquoi choisir les pods de gemmes de Drizzle Factory?<\/h3>\n<ul>\n<li>Vape jetable pr\u00e9remplie de 1100 mg<\/li>\n<li>Vapeur douce et prononc\u00e9e en saveur<\/li>\n<li>Aucun entretien ni remplissage requis<\/li>\n<li>Conception compacte et discr\u00e8te<\/li>\n<li>Grande vari\u00e9t\u00e9 d\u2019options de saveurs<\/li>\n<\/ul>\n<h3>Saveurs disponibles (Sativa)<\/h3>\n<p>Baie de pomme | Blackberry | Fruit du Dragon | Explosion de fruits | Pomme verte | Litchi | Poire | Pina Colada | Punch \u00e0 l\u2019ananas | Menthe verte | Margarita aux fraises | Explosion tropicale<\/p>\n<h2>Livraison locale rapide<\/h2>\n<p>Si vous \u00eates dans la grande r\u00e9gion de Toronto (GTA), vous pouvez recevoir des vapes Drizzle Factory en moins de 2 heures* \u00e0 votre porte! Commandez avant 20 h et l\u2019un de nos chauffeurs vous livrera le jour m\u00eame, 2 heures gratuitement, lorsque vous commandez un minimum de 100,00 $ de l\u2019un des produits sur notre site Web.<\/p>\n<p>*Livraison en deux heures \u00e0 Toronto (Scarborough, North York, Etobicoke, DownTown, York \u2013 toutes les r\u00e9gions \u00e0 l\u2019int\u00e9rieur des fronti\u00e8res de la ville de Toronto), Richmond Hill, King, Aurora, Newmarket, Woodbridge, Vaughan et Markham.<\/p>\n<p style=\"text-align: center;\"><strong>Pour d\u2019autres r\u00e9gions en dehors de notre zone de livraison, nous pouvons vous exp\u00e9dier Drizzle Factory Vapes partout au Canada.<\/strong><\/p>\n","protected":false},"excerpt":{"rendered":"<p>Les stylos vapoteurs jetables 1100 mg de Gem Pod Drizzle Factory offrent une exp\u00e9rience de vapotage douce et savoureuse dans un appareil compact pr\u00eat \u00e0 l\u2019emploi. Disponibles dans une grande vari\u00e9t\u00e9 de saveurs, ces pods de haute qualit\u00e9 sont con\u00e7us pour la commodit\u00e9, la constance et des effets fiables. <\/p>\n<p>Chaque stylo vaporisateur Drizzle Factory Gem Pad offre une excellente fa\u00e7on de savourer le cannabis discr\u00e8tement, sans que l\u2019odeur ne fasse tourner les yeux et n\u2019attire l\u2019attention sur votre recherche de plaisir ou m\u00e9dication li\u00e9e au THC.<\/p>\n<p><em>Veuillez consulter le guide d\u2019utilisation et les instructions ci-dessous.<\/em><\/p>\n<p>Sativa : Con\u00e7ue pour des exp\u00e9riences plus exaltantes et \u00e9nergiques<\/p>\n","protected":false},"featured_media":17606,"comment_status":"open","ping_status":"closed","template":"","meta":{"_acf_changed":false},"product_brand":[],"product_cat":[281],"product_tag":[],"class_list":{"0":"post-24000","1":"product","2":"type-product","3":"status-publish","4":"has-post-thumbnail","6":"product_cat-stylos-a-vapotage-jetables","8":"first","9":"instock","10":"shipping-taxable","11":"purchasable","12":"product-type-variable"},"acf":[],"_links":{"self":[{"href":"https:\/\/420now.co\/fr-ca\/wp-json\/wp\/v2\/product\/24000","targetHints":{"allow":["GET"]}}],"collection":[{"href":"https:\/\/420now.co\/fr-ca\/wp-json\/wp\/v2\/product"}],"about":[{"href":"https:\/\/420now.co\/fr-ca\/wp-json\/wp\/v2\/types\/product"}],"replies":[{"embeddable":true,"href":"https:\/\/420now.co\/fr-ca\/wp-json\/wp\/v2\/comments?post=24000"}],"wp:featuredmedia":[{"embeddable":true,"href":"https:\/\/420now.co\/fr-ca\/wp-json\/wp\/v2\/media\/17606"}],"wp:attachment":[{"href":"https:\/\/420now.co\/fr-ca\/wp-json\/wp\/v2\/media?parent=24000"}],"wp:term":[{"taxonomy":"product_brand","embeddable":true,"href":"https:\/\/420now.co\/fr-ca\/wp-json\/wp\/v2\/product_brand?post=24000"},{"taxonomy":"product_cat","embeddable":true,"href":"https:\/\/420now.co\/fr-ca\/wp-json\/wp\/v2\/product_cat?post=24000"},{"taxonomy":"product_tag","embeddable":true,"href":"https:\/\/420now.co\/fr-ca\/wp-json\/wp\/v2\/product_tag?post=24000"}],"curies":[{"name":"wp","href":"https:\/\/api.w.org\/{rel}","templated":true}]}}