{"id":24275,"date":"2026-04-01T04:51:09","date_gmt":"2026-04-01T08:51:09","guid":{"rendered":"https:\/\/420now.co\/product\/gas-gang-vape-pens-hybride-1g-1000mg\/"},"modified":"2026-04-01T04:51:09","modified_gmt":"2026-04-01T08:51:09","slug":"gas-gang-vape-pens-hybride-1g-1000mg","status":"publish","type":"product","link":"https:\/\/420now.co\/fr-ca\/product\/gas-gang-vape-pens-hybride-1g-1000mg\/","title":{"rendered":"Gas Gang Vape Pens &#8211; Hybride (1g \/ 1000mg)"},"content":{"rendered":"<h2>Gas Gang Hybrid Vape Pens \u2013 1 g (1000 mg) de stylos vapoteurs au THC<\/h2>\n<p>Les stylos de vape hybrides Gas Gang sont con\u00e7us pour les utilisateurs qui souhaitent une exp\u00e9rience de vape \u00e9quilibr\u00e9e alliant \u00e0 la fois des effets inspirants et relaxants. Chaque stylo contient 1 gramme (1000 mg) de distillat de vapotage au THC, offrant un m\u00e9lange constant de saveur, de puissance et de commodit\u00e9. <\/p>\n<p>Avec un large choix de vari\u00e9t\u00e9s hybrides disponibles, ces stylos vape offrent une grande polyvalence pour diverses situations \u2014 que vous souhaitiez rester productif, relaxer ou trouver un compromis confortable.<\/p>\n<h2>Pourquoi choisir les stylos vapoteurs hybrides?<\/h2>\n<p>Les vari\u00e9t\u00e9s hybrides combinent les caract\u00e9ristiques de l\u2019indica et de la sativa, offrant une exp\u00e9rience plus \u00e9quilibr\u00e9e. Beaucoup d\u2019utilisateurs choisissent les stylos vapoteurs hybrides pour : <\/p>\n<ul>\n<li>Utilisation flexible tout au long de la journ\u00e9e<\/li>\n<li>Un \u00e9quilibre entre relaxation et clart\u00e9 mentale<\/li>\n<li>Une transition plus douce entre les \u00e9tats actifs et d\u00e9tendus<\/li>\n<\/ul>\n<p>Les stylos vapoteurs hybrides Gas Gang offrent un moyen pratique de profiter de cet \u00e9quilibre sans avoir besoin de pr\u00e9paration ou de configuration.<\/p>\n<h2>Commodit\u00e9 simple et pr\u00eate \u00e0 l\u2019emploi<\/h2>\n<p>Chaque stylo vaporisateur Gas Gang est con\u00e7u pour \u00eatre facile \u00e0 utiliser. Il n\u2019y a pas besoin de configuration compliqu\u00e9e \u2014 il suffit d\u2019utiliser l\u2019appareil et de profiter. <\/p>\n<ul>\n<li>Pr\u00e9-rempli avec 1 g (1000 mg) de distillat de vapotage THC<\/li>\n<li>Compact et portable<\/li>\n<li>Production constante de vapeur<\/li>\n<li>Con\u00e7u pour des tirages doux et faciles<\/li>\n<\/ul>\n<p>Cela en fait un choix populaire tant pour les nouveaux utilisateurs que pour les utilisateurs exp\u00e9riment\u00e9s.<\/p>\n<h2>Pourquoi 1 g (1000 mg) de stylos vape?<\/h2>\n<p>Les stylos vapoteurs de 1 gramme (1000 mg) sont devenus l\u2019un des formats les plus populaires parce qu\u2019ils offrent :<\/p>\n<ul>\n<li>Utilisation plus longue comparativement aux petits appareils<\/li>\n<li>Meilleur rapport qualit\u00e9-prix pour les utilisateurs r\u00e9guliers<\/li>\n<li>Une exp\u00e9rience constante du d\u00e9but \u00e0 la fin<\/li>\n<\/ul>\n<p>Les stylos vaporisateurs Gas Gang offrent un format fiable de 1000 mg avec une vari\u00e9t\u00e9 d\u2019options de vari\u00e9t\u00e9s.<\/p>\n<h2>Vari\u00e9t\u00e9s hybrides disponibles<\/h2>\n<p>Choisissez parmi une large gamme de vari\u00e9t\u00e9s hybrides, chacune offrant son propre profil aromatique et une exp\u00e9rience \u00e9quilibr\u00e9e.<\/p>\n<p>(La disponibilit\u00e9 des souches peut varier. Nous nous r\u00e9servons le droit de remplacer par une autre saveur.)<\/p>\n<h2>Pour qui sont-elles les meilleures?<\/h2>\n<p>Les stylos vapoteurs hybrides Gas Gang sont id\u00e9aux pour :<\/p>\n<ul>\n<li>Utilisateurs qui souhaitent un \u00e9quilibre entre des effets inspirants et relaxants<\/li>\n<li>Utilisation flexible tout au long de la journ\u00e9e<\/li>\n<li>Ceux qui pr\u00e9f\u00e8rent la polyvalence aux extr\u00eames<\/li>\n<li>Quelqu\u2019un cherchant un stylo vapoteur fiable de 1g (1000 mg) de THC<\/li>\n<li>ADULTES \u00c2G\u00c9S DE 19 ANS ET PLUS<\/li>\n<\/ul>\n<h2>Livraison locale rapide<\/h2>\n<p>Si vous \u00eates dans la r\u00e9gion du Grand Toronto (GTA), vous pouvez recevoir des stylos Gas Gang Vape livr\u00e9s en moins de 2 heures si vous commandez avant 20 h.<\/p>\n<p>Nous livrons \u00e0 Toronto (Scarborough, North York, Etobicoke, centre-ville), Richmond Hill, Vaughan, Markham, Aurora, Newmarket et les environs.<\/p>\n<h2>FAQ<\/h2>\n<p><strong>Qu\u2019est-ce qu\u2019un stylo vape de 1g (1000 mg)?<\/strong><br \/>C\u2019est un appareil de vapotage contenant 1 gramme de distillat de THC, soit 1000 mg.<\/p>\n<p><strong>Les stylos vapoteurs hybrides sont-ils meilleurs que l\u2019indica ou la sativa?<\/strong><br \/>Ils ne sont pas n\u00e9cessairement meilleurs, mais ils offrent une exp\u00e9rience plus \u00e9quilibr\u00e9e que beaucoup d\u2019utilisateurs pr\u00e9f\u00e8rent.<\/p>\n<p><strong>Combien de temps dure un stylo vape de 1 g?<\/strong><br \/>\u00c7a d\u00e9pend de l\u2019utilisation, mais \u00e7a dure g\u00e9n\u00e9ralement beaucoup plus longtemps que les options de vapotage plus petites.<\/p>\n<p><strong>Est-ce que c\u2019est bon pour les d\u00e9butants?<\/strong><br \/>Ils peuvent l\u2019\u00eatre, mais les nouveaux utilisateurs devraient commencer avec des tirages plus petits \u00e0 cause de leur puissance.<\/p>\n<p><strong>Qu\u2019est-ce qui rend les stylos vaporisateurs Gas Gang populaires?<\/strong><br \/>Ils offrent une grande vari\u00e9t\u00e9 de souches, des performances constantes et un format pratique.<\/p>\n<p><strong>Est-ce que les stylos vapoteurs Gas Gang contiennent du VG et\/ou du PG?<\/strong><br \/>\nNon. Ils sont fabriqu\u00e9s uniquement avec du distillat premium. <\/p>\n<p><strong>Sont-ils rechargeables?<\/strong><br \/>\nOui. Il y a un port de charge situ\u00e9 au bas du stylo.<\/p>\n","protected":false},"excerpt":{"rendered":"<p>Les stylos vapoteurs hybrides Gas Gang sont des stylos vaporisateurs de 1 g (1000 mg) de THC con\u00e7us pour des performances douces, savoureuses et des effets \u00e9quilibr\u00e9s. Faciles \u00e0 utiliser et pr\u00eats \u00e0 l\u2019emploi, ces stylos offrent une fa\u00e7on pratique de savourer une large gamme de vari\u00e9t\u00e9s hybrides avec une vapeur constante et un go\u00fbt propre. <\/p>\n<p>Analyse en laboratoire entre 92% et 96% de THC<\/p>\n<p>S\u00e9lectionnez votre saveur ci-dessous :<\/p>\n","protected":false},"featured_media":17252,"comment_status":"open","ping_status":"closed","template":"","meta":{"_acf_changed":false},"product_brand":[],"product_cat":[281],"product_tag":[],"class_list":{"0":"post-24275","1":"product","2":"type-product","3":"status-publish","4":"has-post-thumbnail","6":"product_cat-stylos-a-vapotage-jetables","8":"first","9":"instock","10":"shipping-taxable","11":"purchasable","12":"product-type-variable"},"acf":[],"_links":{"self":[{"href":"https:\/\/420now.co\/fr-ca\/wp-json\/wp\/v2\/product\/24275","targetHints":{"allow":["GET"]}}],"collection":[{"href":"https:\/\/420now.co\/fr-ca\/wp-json\/wp\/v2\/product"}],"about":[{"href":"https:\/\/420now.co\/fr-ca\/wp-json\/wp\/v2\/types\/product"}],"replies":[{"embeddable":true,"href":"https:\/\/420now.co\/fr-ca\/wp-json\/wp\/v2\/comments?post=24275"}],"wp:featuredmedia":[{"embeddable":true,"href":"https:\/\/420now.co\/fr-ca\/wp-json\/wp\/v2\/media\/17252"}],"wp:attachment":[{"href":"https:\/\/420now.co\/fr-ca\/wp-json\/wp\/v2\/media?parent=24275"}],"wp:term":[{"taxonomy":"product_brand","embeddable":true,"href":"https:\/\/420now.co\/fr-ca\/wp-json\/wp\/v2\/product_brand?post=24275"},{"taxonomy":"product_cat","embeddable":true,"href":"https:\/\/420now.co\/fr-ca\/wp-json\/wp\/v2\/product_cat?post=24275"},{"taxonomy":"product_tag","embeddable":true,"href":"https:\/\/420now.co\/fr-ca\/wp-json\/wp\/v2\/product_tag?post=24275"}],"curies":[{"name":"wp","href":"https:\/\/api.w.org\/{rel}","templated":true}]}}