{"id":24396,"date":"2026-04-01T14:14:41","date_gmt":"2026-04-01T18:14:41","guid":{"rendered":"https:\/\/420now.co\/product\/cartouches-de-vape-2g-drizzle-factory-hybrides-510-fils\/"},"modified":"2026-04-01T14:14:41","modified_gmt":"2026-04-01T18:14:41","slug":"cartouches-de-vape-2g-drizzle-factory-hybrides-510-fils","status":"publish","type":"product","link":"https:\/\/420now.co\/fr-ca\/product\/cartouches-de-vape-2g-drizzle-factory-hybrides-510-fils\/","title":{"rendered":"Cartouches de vape 2g Drizzle Factory \u2013 Hybrides (510 fils)"},"content":{"rendered":"<h2>Cartouches de vape 2g Drizzle Factory \u2013 Hybrides (cartouche THC 510 fils)<\/h2>\n<p>Les cartouches de vapotage Drizzle Factory Hybrid 2g sont con\u00e7ues pour les utilisateurs qui souhaitent une exp\u00e9rience de vapotage \u00e9quilibr\u00e9e combinant \u00e0 la fois des effets \u00e9l\u00e9vants et relaxants. Chaque cartouche contient 2 grammes d\u2019huile de vapotage THC, offrant une alternative plus durable aux cartouches standard de 1g. <\/p>\n<p>Con\u00e7us pour \u00eatre utilis\u00e9s avec n\u2019importe quelle batterie compatible 510 Thread, ces cartouches de vape offrent une fa\u00e7on simple et flexible de profiter d\u2019une large gamme de vari\u00e9t\u00e9s hybrides.<\/p>\n<h2>Con\u00e7u pour les dispositifs \u00e0 fils 510<\/h2>\n<p>Ce sont des cartouches de vape standard \u00e0 510 filets, ce qui signifie qu\u2019elles sont compatibles avec la plupart des piles de vape r\u00e9utilisables.<\/p>\n<ul>\n<li>Fonctionne avec n\u2019importe quel appareil compatible 510 Thread<\/li>\n<li>Connexion viss\u00e9e simple<\/li>\n<li>Aucune installation requise \u00e0 part la fixation \u00e0 votre batterie<\/li>\n<\/ul>\n<p><strong>Note :<\/strong> Ce ne sont pas des vapes jetables ni des recharges pour les appareils jetables de Drizzle Factory.<\/p>\n<h2>Pourquoi choisir des cartouches de vapotage 2g?<\/h2>\n<p>Les cartouches de vape 2g offrent plus de capacit\u00e9 que les cartouches standard de 1g, ce qui en fait une option populaire pour les utilisateurs qui souhaitent des performances durables et un meilleur rapport qualit\u00e9-prix.<\/p>\n<ul>\n<li>Plus d\u2019huile pour une utilisation prolong\u00e9e<\/li>\n<li>Moins de remplacements n\u00e9cessaires<\/li>\n<li>Production constante de vapeur<\/li>\n<\/ul>\n<p>Pour de nombreux utilisateurs, les cartouches 2G offrent un \u00e9quilibre pratique entre performance et long\u00e9vit\u00e9.<\/p>\n<h2>Exp\u00e9rience hybride \u2013 Effets \u00e9quilibr\u00e9s<\/h2>\n<p>Les vari\u00e9t\u00e9s hybrides combinent les caract\u00e9ristiques de l\u2019indica et de la sativa, offrant une exp\u00e9rience plus \u00e9quilibr\u00e9e. Beaucoup d\u2019utilisateurs choisissent les cartouches de vapotage hybrides pour : <\/p>\n<ul>\n<li>Utilisation flexible tout au long de la journ\u00e9e<\/li>\n<li>Un \u00e9quilibre entre relaxation et clart\u00e9 mentale<\/li>\n<li>Une transition plus douce entre les \u00e9tats actifs et d\u00e9tendus<\/li>\n<\/ul>\n<p>Les cartouches de vapotage hybrides Drizzle Factory sont id\u00e9ales pour les utilisateurs qui veulent de la polyvalence sans pencher trop vers l\u2019un ou l\u2019autre extr\u00eame.<\/p>\n<h2>Vari\u00e9t\u00e9s hybrides disponibles<\/h2>\n<p>Choisissez parmi un large choix de souches hybrides, incluant :<\/p>\n<ul>\n<li>Gel blanc (hybride)<\/li>\n<li>Melon d\u2019eau (hybride)<\/li>\n<li>Rainbow Z (hybride)<\/li>\n<li>Singe de la vigne (hybride)<\/li>\n<li>Raisins congel\u00e9s (hybride)<\/li>\n<li>Vanille fran\u00e7aise (hybride)<\/li>\n<li>Tarte \u00e0 la cr\u00e8me de noix de coco (hybride)<\/li>\n<li>Blueberry OG (hybride)<\/li>\n<li>Sundae aux baies (hybride)<\/li>\n<li>Banana OG (hybride)<\/li>\n<\/ul>\n<p>(La vari\u00e9t\u00e9 et la disponibilit\u00e9 des saveurs peuvent varier. Nous nous r\u00e9servons le droit de remplacer les saveurs.)<\/p>\n<h2>Pour qui sont-elles les meilleures?<\/h2>\n<p>Ces cartouches de vapotage sont id\u00e9ales pour :<\/p>\n<ul>\n<li>Utilisateurs qui veulent une exp\u00e9rience \u00e9quilibr\u00e9e<\/li>\n<li>Utilisation flexible tout au long de la journ\u00e9e<\/li>\n<li>Ceux qui pr\u00e9f\u00e8rent la polyvalence aux extr\u00eames<\/li>\n<li>Toute personne cherchant un syst\u00e8me de vape flexible et r\u00e9utilisable<\/li>\n<li>ADULTES \u00c2G\u00c9S DE 19 ANS ET PLUS SEULEMENT<\/li>\n<\/ul>\n<h2>Livraison locale rapide<\/h2>\n<p>Si vous \u00eates dans la r\u00e9gion du Grand Toronto (GTA), vous pouvez recevoir les cartouches de vapotage Drizzle Factory livr\u00e9es en moins de 2 heures si vous commandez avant 20 h.<\/p>\n<p>Nous livrons \u00e0 Toronto (Scarborough, North York, Etobicoke, centre-ville), Richmond Hill, Vaughan, Markham, Aurora, Newmarket et les environs.<\/p>\n<h2>FAQ<\/h2>\n<p><strong>Qu\u2019est-ce qu\u2019une cartouche de vape \u00e0 510 fils?<\/strong><br \/>C\u2019est une cartouche standard qui convient \u00e0 la plupart des piles de vapotage r\u00e9utilisables.<\/p>\n<p><strong>Sont-ils jetables?<\/strong><br \/>Non, ils n\u00e9cessitent une batterie filet\u00e9e compatible 510.<\/p>\n<p><strong>Est-ce que ce sont des recharges pour des jetables de Drizzle Factory?<\/strong><br \/>Non \u2014 ce sont des cartouches de vape s\u00e9par\u00e9es con\u00e7ues pour \u00eatre utilis\u00e9es avec des appareils r\u00e9utilisables.<\/p>\n<p><strong>Combien de temps dure une cartouche 2g?<\/strong><br \/>\u00c7a d\u00e9pend de l\u2019utilisation, mais \u00e7a dure g\u00e9n\u00e9ralement beaucoup plus longtemps que les cartouches standard de 1g.<\/p>\n<p><strong>Est-ce que c\u2019est bon pour les d\u00e9butants?<\/strong><br \/>\u00c7a peut l\u2019\u00eatre, mais les nouveaux utilisateurs devraient commencer avec de petites tirages \u00e0 cause de leur puissance.<\/p>\n","protected":false},"excerpt":{"rendered":"<p>Les cartouches de vapotage Drizzle Factory Hybrid 2g sont con\u00e7ues pour \u00eatre utilis\u00e9es avec n\u2019importe quel appareil compatible 510 threads, offrant une vapeur douce, savoureuse et des effets \u00e9quilibr\u00e9s. Chaque cartouche contient 2 grammes d\u2019huile de THC, offrant une option plus durable et pratique pour les utilisateurs qui pr\u00e9f\u00e8rent les syst\u00e8mes de vapotage r\u00e9utilisables. <\/p>\n<p>Con\u00e7u pour \u00eatre utilis\u00e9 avec <strong>n\u2019importe quelle batterie \u00e0 510 fils, profitez d\u2019une<\/strong> satisfaction pure et puissante \u00e0 chaque bouff\u00e9e.<\/p>\n<p>(Non compatible avec les jetables Drizzle Factory).<\/p>\n<p>Choisissez votre saveur ci-dessous :<\/p>\n","protected":false},"featured_media":17827,"comment_status":"open","ping_status":"closed","template":"","meta":{"_acf_changed":false},"product_brand":[],"product_cat":[204],"product_tag":[],"class_list":{"0":"post-24396","1":"product","2":"type-product","3":"status-publish","4":"has-post-thumbnail","6":"product_cat-cartouches","8":"first","9":"instock","10":"shipping-taxable","11":"purchasable","12":"product-type-variable"},"acf":[],"_links":{"self":[{"href":"https:\/\/420now.co\/fr-ca\/wp-json\/wp\/v2\/product\/24396","targetHints":{"allow":["GET"]}}],"collection":[{"href":"https:\/\/420now.co\/fr-ca\/wp-json\/wp\/v2\/product"}],"about":[{"href":"https:\/\/420now.co\/fr-ca\/wp-json\/wp\/v2\/types\/product"}],"replies":[{"embeddable":true,"href":"https:\/\/420now.co\/fr-ca\/wp-json\/wp\/v2\/comments?post=24396"}],"wp:featuredmedia":[{"embeddable":true,"href":"https:\/\/420now.co\/fr-ca\/wp-json\/wp\/v2\/media\/17827"}],"wp:attachment":[{"href":"https:\/\/420now.co\/fr-ca\/wp-json\/wp\/v2\/media?parent=24396"}],"wp:term":[{"taxonomy":"product_brand","embeddable":true,"href":"https:\/\/420now.co\/fr-ca\/wp-json\/wp\/v2\/product_brand?post=24396"},{"taxonomy":"product_cat","embeddable":true,"href":"https:\/\/420now.co\/fr-ca\/wp-json\/wp\/v2\/product_cat?post=24396"},{"taxonomy":"product_tag","embeddable":true,"href":"https:\/\/420now.co\/fr-ca\/wp-json\/wp\/v2\/product_tag?post=24396"}],"curies":[{"name":"wp","href":"https:\/\/api.w.org\/{rel}","templated":true}]}}