{"id":24522,"date":"2026-04-02T14:41:19","date_gmt":"2026-04-02T18:41:19","guid":{"rendered":"https:\/\/420now.co\/product\/cartouches-gas-gang-1g-1000mg-thc-indica\/"},"modified":"2026-04-02T14:41:19","modified_gmt":"2026-04-02T18:41:19","slug":"cartouches-gas-gang-1g-1000mg-thc-indica","status":"publish","type":"product","link":"https:\/\/420now.co\/fr-ca\/product\/cartouches-gas-gang-1g-1000mg-thc-indica\/","title":{"rendered":"Cartouches Gas Gang 1G \/ 1000mg THC (Indica)"},"content":{"rendered":"<h2>Cartouches de vapotage Gas Gang 1g (1000 mg) \u2013 Indica (cartouche THC de 510 fils)<\/h2>\n<p>Les cartouches de vapotage Gas Gang Indica sont con\u00e7ues pour les utilisateurs qui souhaitent une exp\u00e9rience de vapotage douce et savoureuse avec des effets relaxants. Chaque cartouche contient 1 g (1000 mg) d\u2019huile de THC, offrant une option fiable et durable dans un format standard de cartouche de vapote. <\/p>\n<p>Con\u00e7ues pour \u00eatre utilis\u00e9es avec n\u2019importe quelle batterie compatible filetage 510, ces cartouches offrent flexibilit\u00e9, commodit\u00e9 et performances constantes.<\/p>\n<h2>Con\u00e7u pour les dispositifs \u00e0 fils 510<\/h2>\n<p>Ce sont des cartouches de vape standard \u00e0 510 filets, ce qui signifie qu\u2019elles sont compatibles avec la plupart des piles de vape r\u00e9utilisables.<\/p>\n<ul>\n<li>Fonctionne avec n\u2019importe quel appareil compatible 510 Thread<\/li>\n<li>Connexion viss\u00e9e simple<\/li>\n<li>Facile de passer d\u2019une souche \u00e0 l\u2019autre<\/li>\n<\/ul>\n<p><strong>Note :<\/strong> Ce ne sont pas des stylos \u00e9lectroniques jetables et n\u00e9cessitent une batterie compatible.<\/p>\n<h2>Pourquoi choisir des cartouches de vapotage de 1g (1000 mg)?<\/h2>\n<p>Les cartouches de 1g sont le format le plus populaire pour les cartouches de vapotage au THC, offrant un bon \u00e9quilibre entre long\u00e9vit\u00e9 et performance.<\/p>\n<ul>\n<li>Durable compar\u00e9 aux cartouches plus petites<\/li>\n<li>Option de vape fiable au quotidien<\/li>\n<li>Production constante de vapeur<\/li>\n<\/ul>\n<p>Pour de nombreux utilisateurs, les cartouches de vapotage de 1000 mg offrent la meilleure combinaison de rapport qualit\u00e9-prix et de commodit\u00e9.<\/p>\n<h2>Exp\u00e9rience ax\u00e9e sur l\u2019Indica<\/h2>\n<p>Les vari\u00e9t\u00e9s indica sont g\u00e9n\u00e9ralement associ\u00e9es \u00e0 des effets plus relaxants et ax\u00e9s sur le corps. Beaucoup d\u2019utilisateurs choisissent les cartouches de vape indica pour : <\/p>\n<ul>\n<li>Utilisation en soir\u00e9e ou en nuit<\/li>\n<li>D\u00e9tente apr\u00e8s une longue journ\u00e9e<\/li>\n<li>Une exp\u00e9rience plus calme, plus d\u00e9tendue<\/li>\n<\/ul>\n<p>Les cartouches de vapotage Gas Gang Indica sont con\u00e7ues autour de ce profil, offrant une exp\u00e9rience plus douce et relaxante.<\/p>\n<h2>Vari\u00e9t\u00e9s Indica disponibles<\/h2>\n<p>Choisissez parmi une gamme de vari\u00e9t\u00e9s indica, incluant :<\/p>\n<ul>\n<li>Original Z (Indica)<\/li>\n<li>Trix (Indica)<\/li>\n<li>Banane fraise (Indica)<\/li>\n<li>Rock Star Kush (Indica)<\/li>\n<li>Pink Kush (Indica)<\/li>\n<li>Ananas (Indica)<\/li>\n<li>P\u00eache (Indica)<\/li>\n<li>Litchi (Indica)<\/li>\n<li>Citron et citron vert (Indica)<\/li>\n<li>Le Don de Dieu (Indica)<\/li>\n<li>Death Bubba (Indica)<\/li>\n<li>Cotton Candy Kush (Indica)<\/li>\n<li>Cerise et ananas (Indica)<\/li>\n<li>Bruce Banner (Indica)<\/li>\n<li>Slushie bleu (Indica)<\/li>\n<li>Tarte aux bleuets (Indica)<\/li>\n<li>Banana Split (Indica)<\/li>\n<\/ul>\n<p>(La disponibilit\u00e9 des souches peut varier.)<\/p>\n<h2>Pour qui sont-elles les meilleures?<\/h2>\n<p>Ces cartouches de vapotage sont id\u00e9ales pour :<\/p>\n<ul>\n<li>Utilisateurs qui pr\u00e9f\u00e8rent les effets relaxants et calmants<\/li>\n<li>Utilisation en soir\u00e9e ou en nuit<\/li>\n<li>Ceux qui veulent se d\u00e9tendre et ralentir les choses<\/li>\n<li>Est-ce que quelqu\u2019un utilise une pile vaporisatrice r\u00e9utilisable 510 thread<\/li>\n<li>ADULTES \u00c2G\u00c9S DE 19 ANS ET PLUS SEULEMENT<\/li>\n<\/ul>\n<h2>Livraison locale rapide<\/h2>\n<p>Si vous \u00eates dans la grande r\u00e9gion de Toronto (GTA), vous pouvez recevoir les cartouches de vape Gas Gang livr\u00e9es en moins de 2 heures si vous commandez avant 20 h.<\/p>\n<p>Nous livrons \u00e0 Toronto (Scarborough, North York, Etobicoke, centre-ville), Richmond Hill, Vaughan, Markham, Aurora, Newmarket et les environs.<\/p>\n<h2>FAQ<\/h2>\n<p><strong>Qu\u2019est-ce qu\u2019une cartouche de vape de 1g?<\/strong><br \/>C\u2019est une cartouche contenant 1 gramme (1000 mg) d\u2019huile de THC, qui est la taille standard pour la plupart des cartouches de vapote.<\/p>\n<p><strong>Ai-je besoin d\u2019une batterie pour celles-ci?<\/strong><br \/>Oui, ils n\u00e9cessitent une batterie vaporisatrice compatible 510 filets.<\/p>\n<p><strong>Sont-ils jetables?<\/strong><br \/>Non, ce sont des cartouches con\u00e7ues pour des appareils r\u00e9utilisables.<\/p>\n<p><strong>Combien de temps dure une cartouche de 1g?<\/strong><br \/>\u00c7a d\u00e9pend de l\u2019utilisation, mais \u00e7a dure g\u00e9n\u00e9ralement plus longtemps que les cartouches plus petites.<\/p>\n<p><strong>Est-ce que c\u2019est bon pour les d\u00e9butants?<\/strong><br \/>Ils peuvent l\u2019\u00eatre, mais les nouveaux utilisateurs devraient commencer par de petites tirages pour \u00e9valuer la tol\u00e9rance.<\/p>\n","protected":false},"excerpt":{"rendered":"<p>Les cartouches de vape Gas Gang Indica livrent 1 g (1000 mg) d\u2019huile de THC dans une cartouche de vape douce et savoureuse \u00e0 510 filets. Con\u00e7us pour \u00eatre utilis\u00e9s avec des appareils compatibles, ces cartouches offrent des effets relaxants ax\u00e9s sur le corps et des performances constantes, ce qui en fait une excellente option pour un usage en soir\u00e9e. <\/p>\n<p>Cartouche \u00e0 fils 510.<\/p>\n<p>1 Gram de distillat pur.<\/p>\n","protected":false},"featured_media":17358,"comment_status":"open","ping_status":"closed","template":"","meta":{"_acf_changed":false},"product_brand":[],"product_cat":[204],"product_tag":[],"class_list":{"0":"post-24522","1":"product","2":"type-product","3":"status-publish","4":"has-post-thumbnail","6":"product_cat-cartouches","8":"first","9":"outofstock","10":"shipping-taxable","11":"purchasable","12":"product-type-variable"},"acf":[],"_links":{"self":[{"href":"https:\/\/420now.co\/fr-ca\/wp-json\/wp\/v2\/product\/24522","targetHints":{"allow":["GET"]}}],"collection":[{"href":"https:\/\/420now.co\/fr-ca\/wp-json\/wp\/v2\/product"}],"about":[{"href":"https:\/\/420now.co\/fr-ca\/wp-json\/wp\/v2\/types\/product"}],"replies":[{"embeddable":true,"href":"https:\/\/420now.co\/fr-ca\/wp-json\/wp\/v2\/comments?post=24522"}],"wp:featuredmedia":[{"embeddable":true,"href":"https:\/\/420now.co\/fr-ca\/wp-json\/wp\/v2\/media\/17358"}],"wp:attachment":[{"href":"https:\/\/420now.co\/fr-ca\/wp-json\/wp\/v2\/media?parent=24522"}],"wp:term":[{"taxonomy":"product_brand","embeddable":true,"href":"https:\/\/420now.co\/fr-ca\/wp-json\/wp\/v2\/product_brand?post=24522"},{"taxonomy":"product_cat","embeddable":true,"href":"https:\/\/420now.co\/fr-ca\/wp-json\/wp\/v2\/product_cat?post=24522"},{"taxonomy":"product_tag","embeddable":true,"href":"https:\/\/420now.co\/fr-ca\/wp-json\/wp\/v2\/product_tag?post=24522"}],"curies":[{"name":"wp","href":"https:\/\/api.w.org\/{rel}","templated":true}]}}