{"id":24559,"date":"2026-04-02T17:18:15","date_gmt":"2026-04-02T21:18:15","guid":{"rendered":"https:\/\/420now.co\/product\/cartouches-gas-gang-1g-1000-mg-thc-hybride\/"},"modified":"2026-04-02T17:18:15","modified_gmt":"2026-04-02T21:18:15","slug":"cartouches-gas-gang-1g-1000-mg-thc-hybride","status":"publish","type":"product","link":"https:\/\/420now.co\/fr-ca\/product\/cartouches-gas-gang-1g-1000-mg-thc-hybride\/","title":{"rendered":"Cartouches Gas Gang 1G \/ 1000 mg THC (Hybride)"},"content":{"rendered":"<h2>Cartouches de vapotage Gas Gang 1g (1000 mg) \u2013 Hybride (cartouche THC de 510 fils)<\/h2>\n<p>Les cartouches de vapotage hybrides Gas Gang sont con\u00e7ues pour les utilisateurs qui souhaitent une exp\u00e9rience de vapotage \u00e9quilibr\u00e9e combinant \u00e0 la fois des effets revigorants et relaxants. Chaque cartouche contient 1 g (1000 mg) d\u2019huile de THC, offrant une option fiable et durable dans un format standard de cartouche de vapote. <\/p>\n<p>Con\u00e7ues pour \u00eatre utilis\u00e9es avec n\u2019importe quelle batterie compatible filetage 510, ces cartouches offrent flexibilit\u00e9, commodit\u00e9 et performances constantes.<\/p>\n<h2>Con\u00e7u pour les dispositifs \u00e0 fils 510<\/h2>\n<p>Ce sont des cartouches de vape standard \u00e0 510 filets, ce qui signifie qu\u2019elles sont compatibles avec la plupart des piles de vape r\u00e9utilisables.<\/p>\n<ul>\n<li>Fonctionne avec n\u2019importe quel appareil compatible 510 Thread<\/li>\n<li>Connexion viss\u00e9e simple<\/li>\n<li>Facile de passer d\u2019une souche \u00e0 l\u2019autre<\/li>\n<\/ul>\n<p><strong>Note :<\/strong> Ce ne sont pas des stylos \u00e9lectroniques jetables et n\u00e9cessitent une batterie compatible.<\/p>\n<h2>Pourquoi choisir des cartouches de vapotage de 1g (1000 mg)?<\/h2>\n<p>Les cartouches de 1g sont le format le plus populaire pour les cartouches de vapotage au THC, offrant un bon \u00e9quilibre entre long\u00e9vit\u00e9 et performance.<\/p>\n<ul>\n<li>Durable compar\u00e9 aux cartouches plus petites<\/li>\n<li>Option de vape fiable au quotidien<\/li>\n<li>Production constante de vapeur<\/li>\n<\/ul>\n<p>Pour de nombreux utilisateurs, les cartouches de vapotage de 1000 mg offrent la meilleure combinaison de rapport qualit\u00e9-prix et de commodit\u00e9.<\/p>\n<h2>Exp\u00e9rience hybride \u2013 Effets \u00e9quilibr\u00e9s<\/h2>\n<p>Les vari\u00e9t\u00e9s hybrides combinent les caract\u00e9ristiques de l\u2019indica et de la sativa, offrant une exp\u00e9rience plus \u00e9quilibr\u00e9e. Beaucoup d\u2019utilisateurs choisissent les cartouches de vapotage hybrides pour : <\/p>\n<ul>\n<li>Utilisation flexible tout au long de la journ\u00e9e<\/li>\n<li>Un \u00e9quilibre entre relaxation et clart\u00e9 mentale<\/li>\n<li>Une exp\u00e9rience globale plus fluide<\/li>\n<\/ul>\n<p>Les cartouches Gas Gang Hybrid Vape sont id\u00e9ales pour les utilisateurs qui veulent de la polyvalence sans pencher trop vers l\u2019un ou l\u2019autre extr\u00eame.<\/p>\n<h2>Vari\u00e9t\u00e9s hybrides disponibles<\/h2>\n<p>Choisissez parmi une gamme de vari\u00e9t\u00e9s hybrides, incluant :<\/p>\n<ul>\n<li>Melon d\u2019eau (hybride)<\/li>\n<li>Very Cherry (hybride)<\/li>\n<li>Crottin de licorne (hybride)<\/li>\n<li>Fraise (hybride)<\/li>\n<li>Runtz (hybride)<\/li>\n<li>Pineapple Express (hybride)<\/li>\n<li>Papaye Punch (hybride)<\/li>\n<li>Mango OG (hybride)<\/li>\n<li>Lucky Charms (Hybride)<\/li>\n<li>Jolly Rancher (hybride)<\/li>\n<li>Pomme verte (hybride)<\/li>\n<li>Raisin (hybride sativa)<\/li>\n<\/ul>\n<p>(La disponibilit\u00e9 des souches peut varier.)<\/p>\n<h2>Pour qui sont-elles les meilleures?<\/h2>\n<p>Ces cartouches de vapotage sont id\u00e9ales pour :<\/p>\n<ul>\n<li>Utilisateurs qui veulent une exp\u00e9rience \u00e9quilibr\u00e9e<\/li>\n<li>Utilisation flexible tout au long de la journ\u00e9e<\/li>\n<li>Ceux qui pr\u00e9f\u00e8rent la polyvalence aux extr\u00eames<\/li>\n<li>Est-ce que quelqu\u2019un utilise une pile vaporisatrice r\u00e9utilisable 510 thread<\/li>\n<li>DOIT AVOIR 19 ANS OU PLUS<\/li>\n<\/ul>\n<h2>Livraison locale rapide<\/h2>\n<p>Si vous \u00eates dans la grande r\u00e9gion de Toronto (GTA), vous pouvez recevoir les cartouches de vape Gas Gang livr\u00e9es en moins de 2 heures si vous commandez avant 20 h.<\/p>\n<p>Nous livrons \u00e0 Toronto (Scarborough, North York, Etobicoke, centre-ville), Richmond Hill, Vaughan, Markham, Aurora, Newmarket et les environs.<\/p>\n<p><strong>Nous exp\u00e9dions aussi \u00e0 travers le Canada<\/strong><\/p>\n<h2>FAQ<\/h2>\n<p><strong>Qu\u2019est-ce qu\u2019une cartouche de vape de 1g?<\/strong><br \/>C\u2019est une cartouche contenant 1 gramme (1000 mg) d\u2019huile de THC, qui est la taille standard pour la plupart des cartouches de vapote.<\/p>\n<p><strong>Ai-je besoin d\u2019une batterie pour celles-ci?<\/strong><br \/>Oui, ils n\u00e9cessitent une batterie vaporisatrice compatible 510 filets.<\/p>\n<p><strong>Sont-ils jetables?<\/strong><br \/>Non, ce sont des cartouches con\u00e7ues pour des appareils r\u00e9utilisables.<\/p>\n<p><strong>Combien de temps dure une cartouche de 1g?<\/strong><br \/>\u00c7a d\u00e9pend de l\u2019utilisation, mais \u00e7a dure g\u00e9n\u00e9ralement plus longtemps que les cartouches plus petites.<\/p>\n<p><strong>Est-ce que c\u2019est bon pour les d\u00e9butants?<\/strong><br \/>Ils peuvent l\u2019\u00eatre, mais les nouveaux utilisateurs devraient commencer par de petites tirages pour \u00e9valuer la tol\u00e9rance.<\/p>\n","protected":false},"excerpt":{"rendered":"<p>Les cartouches de vape hybrides Gas Gang livrent 1 g (1000 mg) d\u2019huile de THC dans une cartouche de vape douce et savoureuse \u00e0 510 filets. Con\u00e7us pour \u00eatre utilis\u00e9s avec des appareils compatibles, ces cartouches offrent des effets \u00e9quilibr\u00e9s et des performances constantes, ce qui en fait une option polyvalente \u00e0 tout moment de la journ\u00e9e. <\/p>\n","protected":false},"featured_media":17333,"comment_status":"closed","ping_status":"closed","template":"","meta":{"_acf_changed":false},"product_brand":[],"product_cat":[204],"product_tag":[],"class_list":{"0":"post-24559","1":"product","2":"type-product","3":"status-publish","4":"has-post-thumbnail","6":"product_cat-cartouches","8":"first","9":"instock","10":"shipping-taxable","11":"purchasable","12":"product-type-variable"},"acf":[],"_links":{"self":[{"href":"https:\/\/420now.co\/fr-ca\/wp-json\/wp\/v2\/product\/24559","targetHints":{"allow":["GET"]}}],"collection":[{"href":"https:\/\/420now.co\/fr-ca\/wp-json\/wp\/v2\/product"}],"about":[{"href":"https:\/\/420now.co\/fr-ca\/wp-json\/wp\/v2\/types\/product"}],"replies":[{"embeddable":true,"href":"https:\/\/420now.co\/fr-ca\/wp-json\/wp\/v2\/comments?post=24559"}],"wp:featuredmedia":[{"embeddable":true,"href":"https:\/\/420now.co\/fr-ca\/wp-json\/wp\/v2\/media\/17333"}],"wp:attachment":[{"href":"https:\/\/420now.co\/fr-ca\/wp-json\/wp\/v2\/media?parent=24559"}],"wp:term":[{"taxonomy":"product_brand","embeddable":true,"href":"https:\/\/420now.co\/fr-ca\/wp-json\/wp\/v2\/product_brand?post=24559"},{"taxonomy":"product_cat","embeddable":true,"href":"https:\/\/420now.co\/fr-ca\/wp-json\/wp\/v2\/product_cat?post=24559"},{"taxonomy":"product_tag","embeddable":true,"href":"https:\/\/420now.co\/fr-ca\/wp-json\/wp\/v2\/product_tag?post=24559"}],"curies":[{"name":"wp","href":"https:\/\/api.w.org\/{rel}","templated":true}]}}