{"id":24746,"date":"2026-04-05T22:29:40","date_gmt":"2026-04-06T02:29:40","guid":{"rendered":"https:\/\/420now.co\/product\/buudabomb-thc-gummies-250-mg-10-paquets-25-mg-chacun-4-saveurs\/"},"modified":"2026-04-05T22:29:40","modified_gmt":"2026-04-06T02:29:40","slug":"buudabomb-thc-gummies-250-mg-10-paquets-25-mg-chacun-4-saveurs","status":"publish","type":"product","link":"https:\/\/420now.co\/fr-ca\/product\/buudabomb-thc-gummies-250-mg-10-paquets-25-mg-chacun-4-saveurs\/","title":{"rendered":"Buudabomb THC Gummies 250 mg (10 paquets &#8211; 25 mg chacun &#8211; 4 saveurs)"},"content":{"rendered":"<h2>Buudabomb THC Gummies 250 mg (paquet de 10 \u2013 25 mg chacun)<\/h2>\n<p>Les bonbons g\u00e9lifi\u00e9s Buudabomb au THC sont des comestibles fabriqu\u00e9s au Canada, connus pour leurs saveurs audacieuses, leur dosage constant et leurs performances fiables. Chaque paquet contient 10 bonbons g\u00e9lifi\u00e9s, avec 25 mg de THC chacun, offrant une option plus forte tout en permettant un dosage contr\u00f4l\u00e9. <\/p>\n<p>Fabriqu\u00e9es avec des ingr\u00e9dients biologiques et infus\u00e9es \u00e0 de l\u2019huile de coco infus\u00e9e au cannabis de haute qualit\u00e9, ces bonbons g\u00e9lifi\u00e9s sont con\u00e7us pour offrir \u00e0 la fois saveur et effet dans un format \u00e9quilibr\u00e9 et facile \u00e0 utiliser.<\/p>\n<h2>Dosage plus fort \u2013 25 mg par bonbon g\u00e9lifi\u00e9<\/h2>\n<p>Chaque paquet contient 10 bonbons g\u00e9lifi\u00e9s pour un total de 250 mg de THC.<\/p>\n<ul>\n<li>250 mg de THC par paquet<\/li>\n<li>10 bonbons g\u00e9lifi\u00e9s par paquet<\/li>\n<li>25 mg de THC par bonbon g\u00e9lifi\u00e9<\/li>\n<\/ul>\n<p>Ce format offre une exp\u00e9rience plus forte tout en permettant aux utilisateurs de partager leur consommation.<\/p>\n<h2>Fait avec des ingr\u00e9dients biologiques<\/h2>\n<p>Les bonbons bonbons Buudabomb sont fabriqu\u00e9s \u00e0 partir d\u2019ingr\u00e9dients biologiques et d\u2019huile de coco infus\u00e9e au cannabis pour une exp\u00e9rience comestible plus propre.<\/p>\n<ul>\n<li>Infus\u00e9 \u00e0 de l\u2019huile de coco biologique infus\u00e9e au cannabis<\/li>\n<li>Fait avec des \u00e9dulcorants biologiques et des concentr\u00e9s de fruits<\/li>\n<li>Texture et saveur constantes<\/li>\n<\/ul>\n<h2>Saveurs disponibles<\/h2>\n<p>Choisissez parmi une s\u00e9lection de saveurs de fruits audacieuses et uniques :<\/p>\n<ul>\n<li><strong>Tonnerre d\u2019Ananas<\/strong> \u2013 ananas tropical vif avec une finale agrum\u00e9e piquante<\/li>\n<li><strong>Framboise rouge rippen<\/strong> \u2013 saveur riche de framboise avec une pointe l\u00e9g\u00e8rement acidul\u00e9e<\/li>\n<li><strong>Yogourt aux fraises<\/strong> \u2013 fraise lisse avec une touche cr\u00e9meuse<\/li>\n<li><strong>Watermelon Blast<\/strong> \u2013 past\u00e8que juteuse avec une finale rafra\u00eechissante<\/li>\n<\/ul>\n<h2>Pourquoi choisir les bonbons Buudabomb?<\/h2>\n<p>Ces bonbons bonbons sont id\u00e9aux pour les utilisateurs qui souhaitent :<\/p>\n<ul>\n<li>Teneur en THC plus forte par morceau<\/li>\n<li>Dosage fiable et constant<\/li>\n<li>Un comestible savoureux et facile \u00e0 utiliser<\/li>\n<\/ul>\n<h2>Pour qui sont-elles les meilleures?<\/h2>\n<p>Ces bonbons sont id\u00e9aux pour :<\/p>\n<ul>\n<li>Utilisateurs ayant un peu d\u2019exp\u00e9rience avec le THC<\/li>\n<li>Ceux qui cherchent une option g\u00e9lifi\u00e9e plus forte<\/li>\n<li>Utilisateurs qui pr\u00e9f\u00e8rent les comestibles portionn\u00e9s<\/li>\n<li>Tous ceux qui pr\u00e9f\u00e8rent les bonbons g\u00e9lifi\u00e9s au chocolat ou au vapotage<\/li>\n<li><strong>POUR LES ADULTES DE 19 ANS ET PLUS SEULEMENT<\/strong><\/li>\n<\/ul>\n<h2>Notes importantes sur les comestibles<\/h2>\n<p>Les comestibles mettent plus de temps \u00e0 agir que le cannabis inhal\u00e9.<\/p>\n<ul>\n<li>Les effets commencent g\u00e9n\u00e9ralement en 30 \u00e0 90 minutes<\/li>\n<li>Commence par une portion si tu n\u2019es pas certain de la tol\u00e9rance<\/li>\n<li>Ne consommez pas trop vite<\/li>\n<\/ul>\n<h2>Ingr\u00e9dients<\/h2>\n<ul>\n<li>Huile de noix de coco biologique infus\u00e9e au cannabis<\/li>\n<li>Jus de canne \u00e9vapor\u00e9 biologique<\/li>\n<li>Sirop de ma\u00efs biologique<\/li>\n<li>Concentr\u00e9 de jus biologique<\/li>\n<li>Citrate de sodium de pectine<\/li>\n<li>Acide citrique<\/li>\n<li>Acide ascorbique<\/li>\n<li>Ar\u00f4mes naturels<\/li>\n<li>Couleurs ajout\u00e9es (Annatto, Curcuma, Concentr\u00e9 de jus de raisin, Concentr\u00e9 de jus de fruits rouges)<\/li>\n<\/ul>\n<h2>Recommandations de stockage<\/h2>\n<p>Conservez dans un endroit frais et sec. La r\u00e9frig\u00e9ration ou la cong\u00e9lation peuvent \u00eatre utilis\u00e9es pour un stockage plus long, bien que cela puisse affecter la texture. <\/p>\n<h2>Livraison locale rapide<\/h2>\n<p>Si vous \u00eates dans la grande r\u00e9gion de Toronto (GTA), vous pouvez recevoir des bonbons Buudabomb THC livr\u00e9s en moins de 2 heures si vous commandez avant 20 h.<\/p>\n<p>Nous livrons \u00e0 Toronto (Scarborough, North York, Etobicoke, centre-ville), Richmond Hill, Vaughan, Markham, Aurora, Newmarket et les environs.<\/p>\n","protected":false},"excerpt":{"rendered":"<p>Les bonbons g\u00e9lifi\u00e9s Buudabomb THC livrent 250 mg de THC par paquet dans un pack de 10 bonbons g\u00e9lifi\u00e9s de 25 mg. Fabriqu\u00e9es au Canada avec des ingr\u00e9dients biologiques et infus\u00e9es \u00e0 de l\u2019huile de coco de haute qualit\u00e9, ces bonbons g\u00e9lifi\u00e9s offrent une saveur audacieuse, un dosage constant et une exp\u00e9rience comestible plus forte. <\/p>\n<p>Saveurs disponibles : Tonnerre d\u2019Ananas | Framboise rouge rippen | Yogourt \u00e0 la fraise | Explosion de past\u00e8que<\/p>\n<p>Choisissez votre saveur ci-dessous :<\/p>\n","protected":false},"featured_media":17102,"comment_status":"open","ping_status":"closed","template":"","meta":{"_acf_changed":false},"product_brand":[],"product_cat":[231],"product_tag":[],"class_list":{"0":"post-24746","1":"product","2":"type-product","3":"status-publish","4":"has-post-thumbnail","6":"product_cat-gummies-fr-ca","8":"first","9":"instock","10":"shipping-taxable","11":"purchasable","12":"product-type-variable"},"acf":[],"_links":{"self":[{"href":"https:\/\/420now.co\/fr-ca\/wp-json\/wp\/v2\/product\/24746","targetHints":{"allow":["GET"]}}],"collection":[{"href":"https:\/\/420now.co\/fr-ca\/wp-json\/wp\/v2\/product"}],"about":[{"href":"https:\/\/420now.co\/fr-ca\/wp-json\/wp\/v2\/types\/product"}],"replies":[{"embeddable":true,"href":"https:\/\/420now.co\/fr-ca\/wp-json\/wp\/v2\/comments?post=24746"}],"wp:featuredmedia":[{"embeddable":true,"href":"https:\/\/420now.co\/fr-ca\/wp-json\/wp\/v2\/media\/17102"}],"wp:attachment":[{"href":"https:\/\/420now.co\/fr-ca\/wp-json\/wp\/v2\/media?parent=24746"}],"wp:term":[{"taxonomy":"product_brand","embeddable":true,"href":"https:\/\/420now.co\/fr-ca\/wp-json\/wp\/v2\/product_brand?post=24746"},{"taxonomy":"product_cat","embeddable":true,"href":"https:\/\/420now.co\/fr-ca\/wp-json\/wp\/v2\/product_cat?post=24746"},{"taxonomy":"product_tag","embeddable":true,"href":"https:\/\/420now.co\/fr-ca\/wp-json\/wp\/v2\/product_tag?post=24746"}],"curies":[{"name":"wp","href":"https:\/\/api.w.org\/{rel}","templated":true}]}}