{"id":24759,"date":"2026-04-06T11:28:13","date_gmt":"2026-04-06T15:28:13","guid":{"rendered":"https:\/\/420now.co\/product\/buudabomb-thc-gummies-500-mg-paquet-de-10-50-mg-chacun-2-saveurs\/"},"modified":"2026-04-06T11:28:13","modified_gmt":"2026-04-06T15:28:13","slug":"buudabomb-thc-gummies-500-mg-paquet-de-10-50-mg-chacun-2-saveurs","status":"publish","type":"product","link":"https:\/\/420now.co\/fr-ca\/product\/buudabomb-thc-gummies-500-mg-paquet-de-10-50-mg-chacun-2-saveurs\/","title":{"rendered":"Buudabomb THC Gummies 500 mg (paquet de 10 \u2013 50 mg chacun &#8211; 2 saveurs)"},"content":{"rendered":"<h2>Buudabomb THC Gummies 500 mg (paquet de 10 \u2013 50 mg chacun)<\/h2>\n<p>Les bonbons g\u00e9lifi\u00e9s Buudabomb au THC sont des produits comestibles canadiens con\u00e7us pour les utilisateurs recherchant une saveur audacieuse et une puissance accrue. Chaque paquet contient 10 bonbons g\u00e9lifi\u00e9s, avec 50 mg de THC chacun, offrant une exp\u00e9rience forte et durable dans un format pratique et facile \u00e0 utiliser. <\/p>\n<p>Infus\u00e9s avec un distillat de cannabis de haute qualit\u00e9 et \u00e9labor\u00e9s avec des ingr\u00e9dients soigneusement s\u00e9lectionn\u00e9s, ces bonbons g\u00e9lifi\u00e9s sont con\u00e7us pour offrir \u00e0 la fois saveur et consistance.<\/p>\n<h2>Haute puissance \u2013 50 mg par bonbon g\u00e9lifi\u00e9<\/h2>\n<p>Chaque paquet contient 10 bonbons g\u00e9lifi\u00e9s pour un total de 500 mg de THC.<\/p>\n<ul>\n<li>500 mg de THC par paquet<\/li>\n<li>10 bonbons g\u00e9lifi\u00e9s par paquet<\/li>\n<li>50 mg de THC par bonbon g\u00e9lifi\u00e9<\/li>\n<\/ul>\n<p>C\u2019est un comestible \u00e0 forte dose, mieux adapt\u00e9 aux utilisateurs exp\u00e9riment\u00e9s ou \u00e0 ceux qui sont \u00e0 l\u2019aise avec des niveaux de THC plus \u00e9lev\u00e9s.<\/p>\n<h2>Saveurs tropicales audacieuses<\/h2>\n<p>Ces bonbons g\u00e9lifi\u00e9s sont con\u00e7us pour offrir des saveurs riches et fruit\u00e9es :<\/p>\n<ul>\n<li><strong>Fruit de la passion au litchi<\/strong> \u2013 un m\u00e9lange \u00e9clatant et exotique de litchi sucr\u00e9 avec fruit de la passion acidul\u00e9<\/li>\n<li><strong>Mangue Guava<\/strong> \u2013 une fusion tropicale douce avec de la mangue douce et une goyave l\u00e9g\u00e8rement acidul\u00e9e<\/li>\n<\/ul>\n<p>Chaque saveur est con\u00e7ue pour offrir une exp\u00e9rience comestible vibrante et agr\u00e9able.<\/p>\n<h2>Fait avec des ingr\u00e9dients de qualit\u00e9<\/h2>\n<p>Les bonbons bonbons Buudabomb sont fabriqu\u00e9s avec des ingr\u00e9dients soigneusement s\u00e9lectionn\u00e9s et un distillat de THC haut de gamme.<\/p>\n<ul>\n<li>Infus\u00e9 au THC distill\u00e9 Super Pure\u2122<\/li>\n<li>Fait avec des \u00e9dulcorants biologiques et des ingr\u00e9dients \u00e0 base de fruits<\/li>\n<li>Texture et saveur constantes<\/li>\n<\/ul>\n<h2>Pourquoi choisir les bonbons Buudabomb?<\/h2>\n<p>Ces bonbons bonbons sont id\u00e9aux pour les utilisateurs qui souhaitent :<\/p>\n<ul>\n<li>Teneur en THC plus \u00e9lev\u00e9e dans un format compact<\/li>\n<li>Dosage constant et fiable<\/li>\n<li>Profils de saveurs tropicales audacieux<\/li>\n<\/ul>\n<h2>Pour qui sont-elles les meilleures?<\/h2>\n<p>Ces bonbons sont id\u00e9aux pour :<\/p>\n<ul>\n<li>Utilisateurs exp\u00e9riment\u00e9s de cannabis<\/li>\n<li>Ceux qui ont une tol\u00e9rance plus \u00e9lev\u00e9e au THC<\/li>\n<li>Utilisateurs recherchant des effets forts et durables<\/li>\n<li>Tous ceux qui pr\u00e9f\u00e8rent les bonbons g\u00e9lifi\u00e9s au chocolat ou au vapotage<\/li>\n<li><strong>POUR LES ADULTES DE 19 ANS ET PLUS SEULEMENT<\/strong><\/li>\n<\/ul>\n<h2>Notes importantes sur les comestibles<\/h2>\n<p>Les comestibles mettent plus de temps \u00e0 agir que le cannabis inhal\u00e9.<\/p>\n<ul>\n<li>Les effets commencent g\u00e9n\u00e9ralement en 30 \u00e0 90 minutes<\/li>\n<li>Commence par une portion si tu n\u2019es pas certain de la tol\u00e9rance<\/li>\n<li>Ne consommez pas trop vite<\/li>\n<\/ul>\n<p>En raison de sa puissance, plusieurs utilisateurs devraient \u00e9viter de consommer un bonbon g\u00e9lifi\u00e9 complet d\u2019un coup.<\/p>\n<h2>Ingr\u00e9dients<\/h2>\n<ul>\n<li>THC distill\u00e9 super pur\u2122<\/li>\n<li>Sirop de tapioca biologique<\/li>\n<li>Sucre de canne biologique<\/li>\n<li>Eau<\/li>\n<li>G\u00e9latine de poisson<\/li>\n<li>Sorbitol \u00e0 partir de fruits et l\u00e9gumes biologiques<\/li>\n<li>Acide citrique<\/li>\n<li>Ar\u00f4mes naturels<\/li>\n<li>Huile de tournesol biologique et cire de carnauba biologique<\/li>\n<\/ul>\n<h2>Recommandations de stockage<\/h2>\n<p>Conservez dans un endroit frais et sec. La r\u00e9frig\u00e9ration ou la cong\u00e9lation peuvent \u00eatre utilis\u00e9es pour un stockage plus long, bien que cela puisse affecter la texture. <\/p>\n<h2>Livraison locale rapide<\/h2>\n<p>Si vous \u00eates dans la grande r\u00e9gion de Toronto (GTA), vous pouvez recevoir des bonbons Buudabomb THC livr\u00e9s en moins de 2 heures si vous commandez avant 20 h.<\/p>\n<p>Nous livrons \u00e0 Toronto (Scarborough, North York, Etobicoke, centre-ville), Richmond Hill, Vaughan, Markham, Aurora, Newmarket et les environs.<\/p>\n","protected":false},"excerpt":{"rendered":"<p>Les bonbons g\u00e9lifi\u00e9s Buudabomb THC livrent 500 mg de THC par paquet dans un paquet de 10 bonbons g\u00e9lifi\u00e9s de 50 mg. Fabriqu\u00e9s au Canada avec des ingr\u00e9dients de haute qualit\u00e9 et infus\u00e9s au distillat de cannabis haut de gamme, ces bonbons g\u00e9lifi\u00e9s offrent des saveurs tropicales audacieuses et une exp\u00e9rience comestible forte et constante. <\/p>\n<p>Saveurs disponibles : Fruit de la passion au litchi | Mangue Guava<\/p>\n<p>Choisissez votre saveur ci-dessous :<\/p>\n","protected":false},"featured_media":17750,"comment_status":"closed","ping_status":"closed","template":"","meta":{"_acf_changed":false},"product_brand":[],"product_cat":[231],"product_tag":[],"class_list":{"0":"post-24759","1":"product","2":"type-product","3":"status-publish","4":"has-post-thumbnail","6":"product_cat-gummies-fr-ca","8":"first","9":"instock","10":"shipping-taxable","11":"purchasable","12":"product-type-variable"},"acf":[],"_links":{"self":[{"href":"https:\/\/420now.co\/fr-ca\/wp-json\/wp\/v2\/product\/24759","targetHints":{"allow":["GET"]}}],"collection":[{"href":"https:\/\/420now.co\/fr-ca\/wp-json\/wp\/v2\/product"}],"about":[{"href":"https:\/\/420now.co\/fr-ca\/wp-json\/wp\/v2\/types\/product"}],"replies":[{"embeddable":true,"href":"https:\/\/420now.co\/fr-ca\/wp-json\/wp\/v2\/comments?post=24759"}],"wp:featuredmedia":[{"embeddable":true,"href":"https:\/\/420now.co\/fr-ca\/wp-json\/wp\/v2\/media\/17750"}],"wp:attachment":[{"href":"https:\/\/420now.co\/fr-ca\/wp-json\/wp\/v2\/media?parent=24759"}],"wp:term":[{"taxonomy":"product_brand","embeddable":true,"href":"https:\/\/420now.co\/fr-ca\/wp-json\/wp\/v2\/product_brand?post=24759"},{"taxonomy":"product_cat","embeddable":true,"href":"https:\/\/420now.co\/fr-ca\/wp-json\/wp\/v2\/product_cat?post=24759"},{"taxonomy":"product_tag","embeddable":true,"href":"https:\/\/420now.co\/fr-ca\/wp-json\/wp\/v2\/product_tag?post=24759"}],"curies":[{"name":"wp","href":"https:\/\/api.w.org\/{rel}","templated":true}]}}