{"id":24776,"date":"2026-04-06T14:36:57","date_gmt":"2026-04-06T18:36:57","guid":{"rendered":"https:\/\/420now.co\/product\/willo-thc-gummies-200-mg-10-paquets-20-mg-chacun-plusieurs-saveurs-souches\/"},"modified":"2026-04-06T14:36:57","modified_gmt":"2026-04-06T18:36:57","slug":"willo-thc-gummies-200-mg-10-paquets-20-mg-chacun-plusieurs-saveurs-souches","status":"publish","type":"product","link":"https:\/\/420now.co\/fr-ca\/product\/willo-thc-gummies-200-mg-10-paquets-20-mg-chacun-plusieurs-saveurs-souches\/","title":{"rendered":"Willo THC Gummies 200 mg (10 paquets &#8211; 20 mg chacun &#8211; plusieurs saveurs\/souches)"},"content":{"rendered":"<h2>Willo THC Gummies 200 mg (Plusieurs saveurs)<\/h2>\n<p>Les Willo THC Gummies 200 mg sont une option comestible polyvalente et savoureuse con\u00e7ue pour les utilisateurs qui recherchent une exp\u00e9rience de cannabis \u00e9quilibr\u00e9e. Avec un large choix de saveurs uniques et une puissance mod\u00e9r\u00e9e, ces gommes offrent une fa\u00e7on fiable et agr\u00e9able de consommer du THC. <\/p>\n<p>Chaque paquet d\u00e9livre un total de 200 mg de THC, ce qui en fait une excellente option pour un dosage contr\u00f4l\u00e9 tout en offrant des effets notables et durables. Elles sont offertes en Sativa (pour usage de jour) et Indica (pour usage nocturne). <\/p>\n<h2>Puissance mod\u00e9r\u00e9e \u2013 200 mg de THC par paquet<\/h2>\n<p>Ces bonbons g\u00e9lifi\u00e9s sont id\u00e9aux pour les utilisateurs qui souhaitent une exp\u00e9rience comestible \u00e0 la fois g\u00e9rable et efficace.<\/p>\n<ul>\n<li>200 mg de THC par paquet<\/li>\n<li>Con\u00e7u pour un usage portionn\u00e9 et contr\u00f4l\u00e9<\/li>\n<li>Adapt\u00e9 \u00e0 des niveaux de tol\u00e9rance mod\u00e9r\u00e9s<\/li>\n<\/ul>\n<h2>Saveurs disponibles<\/h2>\n<p>Les gummies Willo sont reconnues pour leurs profils de saveurs cr\u00e9atifs et diversifi\u00e9s :<\/p>\n<ul>\n<li>Merveilleuse past\u00e8que<\/li>\n<li>Rappin&#8217; Raspberry<\/li>\n<li>Ananas preppy<\/li>\n<li>Poppin&#8217; Pink Champagne<\/li>\n<li>Pleasant Peach<\/li>\n<li>Mangue magique<\/li>\n<li>Berceuse lavande<\/li>\n<li>Bleuet Bumpin<\/li>\n<li>Bubble Tea<\/li>\n<\/ul>\n<p>Chaque saveur offre une exp\u00e9rience gustative distincte, allant du fruit\u00e9 et tropical \u00e0 des profils plus uniques.<\/p>\n<h2>Pourquoi choisir les bonbons Willo?<\/h2>\n<p>Les bonbons Willo sont un excellent choix pour les utilisateurs qui veulent vari\u00e9t\u00e9 et flexibilit\u00e9 :<\/p>\n<ul>\n<li>Large s\u00e9lection de saveurs<\/li>\n<li>Dosage constant de THC<\/li>\n<li>Format g\u00e9lifi\u00e9 pratique<\/li>\n<li>Exp\u00e9rience fiable et reproductible<\/li>\n<\/ul>\n<h2>Pour qui sont-elles les meilleures?<\/h2>\n<p>Ces bonbons sont id\u00e9aux pour :<\/p>\n<ul>\n<li>Utilisateurs \u00e0 la recherche d\u2019une puissance mod\u00e9r\u00e9e en THC<\/li>\n<li>Ceux qui pr\u00e9f\u00e8rent un dosage comestible contr\u00f4l\u00e9<\/li>\n<li>Les gens qui aiment la vari\u00e9t\u00e9 des saveurs dans les bonbons g\u00e9lifi\u00e9s<\/li>\n<li>Utilisateurs passant de comestibles \u00e0 plus faible dose<\/li>\n<li><strong>POUR LES ADULTES DE 19 ANS ET PLUS SEULEMENT<\/strong><\/li>\n<\/ul>\n<h2>Notes importantes sur les comestibles<\/h2>\n<p>Les comestibles mettent plus de temps \u00e0 agir que le cannabis inhal\u00e9.<\/p>\n<ul>\n<li>Les effets peuvent prendre de 30 \u00e0 90 minutes \u00e0 commencer<\/li>\n<li>Commencez avec une petite portion et attendez avant d\u2019augmenter<\/li>\n<li>Ne consommez pas trop vite<\/li>\n<\/ul>\n<p><strong>Veuillez garder tous les comestibles au cannabis hors de port\u00e9e des enfants.<\/strong><\/p>\n<h2>Livraison locale rapide<\/h2>\n<p>Si vous \u00eates dans la r\u00e9gion du Grand Toronto (GTA), vous pouvez recevoir des bonbons Willo THC livr\u00e9s en moins de 2 heures si vous commandez avant 20 h.<\/p>\n<p>Nous livrons \u00e0 Toronto (Scarborough, North York, Etobicoke, centre-ville), Richmond Hill, Vaughan, Markham, Aurora, Newmarket et les environs.<\/p>\n","protected":false},"excerpt":{"rendered":"<p>Les bonbons Willo THC 200 mg offrent une exp\u00e9rience comestible \u00e9quilibr\u00e9e avec une vari\u00e9t\u00e9 de saveurs fortes et un dosage constant. Con\u00e7us pour un usage mod\u00e9r\u00e9, ces bonbons g\u00e9lifi\u00e9s offrent une alternative douce et agr\u00e9able au tabagisme ou au vapotage, avec des effets fiables. <\/p>\n<p>Saveurs disponibles : Wonderful Watermelon &#8211; Night (Indica) | Rappin&#8217; Raspberry &#8211; Jour (Sativa) | Ananas preppy &#8211; Nuit (Indica) | Poppin&#8217; Pink Champagne &#8211; Journ\u00e9e (Sativa)| Pleasant Peach &#8211; Nuit (Indica) | Mangue magique &#8211; Nuit (Indica)| Berceuse lavande &#8211; Nuit (Indica) | Bumpin Blueberry &#8211; Journ\u00e9e (Sativa) | Bubble Tea &#8211; Journ\u00e9e (Sativa)<\/p>\n<p>Choisissez votre saveur ci-dessous :<\/p>\n","protected":false},"featured_media":17411,"comment_status":"closed","ping_status":"closed","template":"","meta":{"_acf_changed":false},"product_brand":[],"product_cat":[231],"product_tag":[],"class_list":{"0":"post-24776","1":"product","2":"type-product","3":"status-publish","4":"has-post-thumbnail","6":"product_cat-gummies-fr-ca","8":"first","9":"instock","10":"shipping-taxable","11":"purchasable","12":"product-type-variable"},"acf":[],"_links":{"self":[{"href":"https:\/\/420now.co\/fr-ca\/wp-json\/wp\/v2\/product\/24776","targetHints":{"allow":["GET"]}}],"collection":[{"href":"https:\/\/420now.co\/fr-ca\/wp-json\/wp\/v2\/product"}],"about":[{"href":"https:\/\/420now.co\/fr-ca\/wp-json\/wp\/v2\/types\/product"}],"replies":[{"embeddable":true,"href":"https:\/\/420now.co\/fr-ca\/wp-json\/wp\/v2\/comments?post=24776"}],"wp:featuredmedia":[{"embeddable":true,"href":"https:\/\/420now.co\/fr-ca\/wp-json\/wp\/v2\/media\/17411"}],"wp:attachment":[{"href":"https:\/\/420now.co\/fr-ca\/wp-json\/wp\/v2\/media?parent=24776"}],"wp:term":[{"taxonomy":"product_brand","embeddable":true,"href":"https:\/\/420now.co\/fr-ca\/wp-json\/wp\/v2\/product_brand?post=24776"},{"taxonomy":"product_cat","embeddable":true,"href":"https:\/\/420now.co\/fr-ca\/wp-json\/wp\/v2\/product_cat?post=24776"},{"taxonomy":"product_tag","embeddable":true,"href":"https:\/\/420now.co\/fr-ca\/wp-json\/wp\/v2\/product_tag?post=24776"}],"curies":[{"name":"wp","href":"https:\/\/api.w.org\/{rel}","templated":true}]}}