{"id":24805,"date":"2026-04-06T16:15:55","date_gmt":"2026-04-06T20:15:55","guid":{"rendered":"https:\/\/420now.co\/product\/willo-thc-gummies-1000-mg-10-paquets-100-mg-chacun-plusieurs-saveurs-souches\/"},"modified":"2026-04-06T16:15:55","modified_gmt":"2026-04-06T20:15:55","slug":"willo-thc-gummies-1000-mg-10-paquets-100-mg-chacun-plusieurs-saveurs-souches","status":"publish","type":"product","link":"https:\/\/420now.co\/fr-ca\/product\/willo-thc-gummies-1000-mg-10-paquets-100-mg-chacun-plusieurs-saveurs-souches\/","title":{"rendered":"Willo THC Gummies 1000 mg (10 paquets \u2013 100 mg chacun \u2013 plusieurs saveurs\/souches)"},"content":{"rendered":"<h2>Willo THC Gummies 1000 mg (Plusieurs saveurs)<\/h2>\n<p>Les Willo THC Gummies 1000 mg sont con\u00e7us pour les utilisateurs recherchant un comestible \u00e0 haute puissance avec des performances constantes et des profils de saveurs audacieux. Avec une large s\u00e9lection de saveurs uniques et une forte concentration de THC, ces bonbons g\u00e9lifi\u00e9s offrent une exp\u00e9rience de cannabis puissante et durable. <\/p>\n<p>Chaque paquet contient 1000 mg de THC, ce qui les rend mieux adapt\u00e9s aux utilisateurs exp\u00e9riment\u00e9s ou \u00e0 ceux ayant une tol\u00e9rance plus \u00e9lev\u00e9e.<\/p>\n<h2>Haute puissance \u2013 1000 mg de THC par emballage<\/h2>\n<p>Ces bonbons bonbons sont con\u00e7us pour des effets forts et prolong\u00e9s et doivent \u00eatre utilis\u00e9s avec pr\u00e9caution. Chaque bonbon g\u00e9lifi\u00e9 contient 100 mg de THC. <\/p>\n<ul>\n<li>1000 mg de THC par paquet<\/li>\n<li>Con\u00e7u pour un dosage contr\u00f4l\u00e9 et portionn\u00e9<\/li>\n<li>Effets durables et plus intenses<\/li>\n<\/ul>\n<h2>Saveurs disponibles<\/h2>\n<p>Les bonbons Willo 1000 mg sont disponibles dans une s\u00e9lection de saveurs audacieuses et distinctives :<\/p>\n<ul>\n<li>Punch \u00e0 la grenade<\/li>\n<li>Tarte \u00e0 l\u2019\u00e9rable<\/li>\n<li>Grape Goo<\/li>\n<li>Sorbet de goyave<\/li>\n<\/ul>\n<p>Chaque saveur offre une exp\u00e9rience gustative unique, allant du riche et sucr\u00e9 au vif et fruit\u00e9.<\/p>\n<h2>Pourquoi choisir les bonbons Willo?<\/h2>\n<p>Ces bonbons bonbons sont id\u00e9aux pour les utilisateurs qui souhaitent :<\/p>\n<ul>\n<li>Teneur \u00e9lev\u00e9e en THC dans un format compact<\/li>\n<li>Dosage fiable et constant<\/li>\n<li>Une alternative savoureuse au tabagisme ou au vapotage<\/li>\n<\/ul>\n<h2>Pour qui sont-elles les meilleures?<\/h2>\n<p>Ces bonbons sont id\u00e9aux pour :<\/p>\n<ul>\n<li>Utilisateurs exp\u00e9riment\u00e9s de cannabis<\/li>\n<li>Ceux qui ont une tol\u00e9rance plus \u00e9lev\u00e9e au THC<\/li>\n<li>Utilisateurs recherchant des effets forts et durables<\/li>\n<li>Les gens qui pr\u00e9f\u00e8rent les bonbons g\u00e9lifi\u00e9s \u00e0 d\u2019autres formats comestibles<\/li>\n<li><strong>POUR LES ADULTES DE 19 ANS ET PLUS SEULEMENT<\/strong><\/li>\n<\/ul>\n<h2>Notes importantes sur les comestibles<\/h2>\n<p>Les comestibles mettent plus de temps \u00e0 agir que le cannabis inhal\u00e9.<\/p>\n<ul>\n<li>Les effets peuvent prendre de 30 \u00e0 90 minutes \u00e0 commencer<\/li>\n<li>Commence avec une petite portion si tu n\u2019es pas certain de la tol\u00e9rance<\/li>\n<li>Ne consommez pas trop vite<\/li>\n<\/ul>\n<p>En raison de la puissance, un dosage prudent est fortement recommand\u00e9.<\/p>\n<p><strong>Veuillez garder tous les comestibles au cannabis hors de port\u00e9e des enfants.<\/strong><\/p>\n<h2>Livraison locale rapide<\/h2>\n<p>Si vous \u00eates dans la r\u00e9gion du Grand Toronto (GTA), vous pouvez recevoir des bonbons Willo THC livr\u00e9s en moins de 2 heures si vous commandez avant 20 h.<\/p>\n<p>Nous livrons \u00e0 Toronto (Scarborough, North York, Etobicoke, centre-ville), Richmond Hill, Vaughan, Markham, Aurora, Newmarket et les environs.<\/p>\n","protected":false},"excerpt":{"rendered":"<p>Punch \u00e0 la grenade &#8211; Jour (Sativa) | Tarte Mapple &#8211; Nuit (Indica) | Grape Goo &#8211; Nuit (Indica) | Sorbet de goyave &#8211; Day (Sativa)<\/p>\n<p> Saveurs disponibles : Pomegranate Punch &#8211; Day (Sativa) | Tarte Mapple &#8211; Nuit (Indica) | Grape Goo &#8211; Nuit (Indica) | Sorbet de goyave &#8211; Jour (Sativa)<\/p>\n<p> Choisissez votre saveur ci-dessous :<\/p>\n","protected":false},"featured_media":17409,"comment_status":"closed","ping_status":"closed","template":"","meta":{"_acf_changed":false},"product_brand":[],"product_cat":[231],"product_tag":[],"class_list":{"0":"post-24805","1":"product","2":"type-product","3":"status-publish","4":"has-post-thumbnail","6":"product_cat-gummies-fr-ca","8":"first","9":"instock","10":"shipping-taxable","11":"purchasable","12":"product-type-variable"},"acf":[],"_links":{"self":[{"href":"https:\/\/420now.co\/fr-ca\/wp-json\/wp\/v2\/product\/24805","targetHints":{"allow":["GET"]}}],"collection":[{"href":"https:\/\/420now.co\/fr-ca\/wp-json\/wp\/v2\/product"}],"about":[{"href":"https:\/\/420now.co\/fr-ca\/wp-json\/wp\/v2\/types\/product"}],"replies":[{"embeddable":true,"href":"https:\/\/420now.co\/fr-ca\/wp-json\/wp\/v2\/comments?post=24805"}],"wp:featuredmedia":[{"embeddable":true,"href":"https:\/\/420now.co\/fr-ca\/wp-json\/wp\/v2\/media\/17409"}],"wp:attachment":[{"href":"https:\/\/420now.co\/fr-ca\/wp-json\/wp\/v2\/media?parent=24805"}],"wp:term":[{"taxonomy":"product_brand","embeddable":true,"href":"https:\/\/420now.co\/fr-ca\/wp-json\/wp\/v2\/product_brand?post=24805"},{"taxonomy":"product_cat","embeddable":true,"href":"https:\/\/420now.co\/fr-ca\/wp-json\/wp\/v2\/product_cat?post=24805"},{"taxonomy":"product_tag","embeddable":true,"href":"https:\/\/420now.co\/fr-ca\/wp-json\/wp\/v2\/product_tag?post=24805"}],"curies":[{"name":"wp","href":"https:\/\/api.w.org\/{rel}","templated":true}]}}