{"id":25146,"date":"2026-05-05T18:59:24","date_gmt":"2026-05-05T22:59:24","guid":{"rendered":"https:\/\/420now.co\/product\/blocs-de-gelee-des-comestibles-delaves-360-mg-de-thc-paquet-de-24-plusieurs-saveurs\/"},"modified":"2026-05-05T18:59:24","modified_gmt":"2026-05-05T22:59:24","slug":"blocs-de-gelee-des-comestibles-delaves-360-mg-de-thc-paquet-de-24-plusieurs-saveurs","status":"publish","type":"product","link":"https:\/\/420now.co\/fr-ca\/product\/blocs-de-gelee-des-comestibles-delaves-360-mg-de-thc-paquet-de-24-plusieurs-saveurs\/","title":{"rendered":"Blocs de gel\u00e9e des comestibles d\u00e9lav\u00e9s 360 mg de THC (paquet de 24 \u2013 Plusieurs saveurs)"},"content":{"rendered":"<h2>Blocs de gel\u00e9e des comestibles d\u00e9lav\u00e9s 360 mg de THC (paquet de 24 \u2013 Plusieurs saveurs)<\/h2>\n<p>Les blocs de gel\u00e9e Faded Edibles sont une option comestible savoureuse et flexible provenant d\u2019une des marques canadiennes de cannabis bien connues. Chaque paquet contient 24 blocs de gel\u00e9e, chaque morceau \u00e9tant dos\u00e9 \u00e0 15 mg de THC, pour un total de 360 mg de THC par paquet. <\/p>\n<p>R\u00e9put\u00e9s pour leur excellente saveur et leur dosage pr\u00e9cis, ces blocs de gel\u00e9e facilitent l\u2019ajustement de votre exp\u00e9rience comestible morceau par morceau.<\/p>\n<h2>Dosage de pr\u00e9cision \u2013 15 mg de THC par pi\u00e8ce<\/h2>\n<p>Avec 24 morceaux individuels par paquet, les blocs de gel\u00e9e Faded Edibles vous donnent plus de contr\u00f4le sur votre dose comparativement aux comestibles plus gros en un seul morceau.<\/p>\n<ul>\n<li>360 mg de THC par paquet<\/li>\n<li>24 blocs de gel\u00e9e par paquet<\/li>\n<li>15 mg de THC par pi\u00e8ce<\/li>\n<\/ul>\n<p>Ce format est id\u00e9al pour les utilisateurs qui souhaitent de la flexibilit\u00e9, de la constance et une exp\u00e9rience comestible plus contr\u00f4l\u00e9e.<\/p>\n<h2>Saveurs disponibles<\/h2>\n<p>Choisissez parmi une s\u00e9lection \u00e9clatante de saveurs de fruits audacieuses :<\/p>\n<ul>\n<li><strong>Cerise noire<\/strong> \u2013 saveur riche de cerise avec une finale profonde et l\u00e9g\u00e8rement acidul\u00e9e<\/li>\n<li><strong>Framboise bleue<\/strong> \u2013 saveur sucr\u00e9e de framboise bleue avec une touche acidul\u00e9e<\/li>\n<li><strong>Pomme verte<\/strong> \u2013 saveur de pomme croquante avec un profil aigre-sucr\u00e9 \u00e9clatant<\/li>\n<li><strong>Ananas<\/strong> \u2013 sucr\u00e9e tropicale d\u2019ananas avec une finale juteuse<\/li>\n<li><strong>Pamplemousse rose<\/strong> \u2013 saveur d\u2019agrumes avec une pointe d\u2019acidulation rafra\u00eechissante<\/li>\n<li><strong>Yuzu Citron<\/strong> \u2013 saveur citron et agrumes piquante avec une finale vif et rafra\u00eechissante<\/li>\n<\/ul>\n<h2>Pourquoi choisir des blocs de gel\u00e9e Edibles d\u00e9lav\u00e9s?<\/h2>\n<p>Les blocs de gel\u00e9e Faded Edibles sont con\u00e7us pour les utilisateurs qui recherchent saveur, consistance et flexibilit\u00e9 de dosage.<\/p>\n<ul>\n<li>Dos\u00e9 de pr\u00e9cision \u00e0 15 mg de THC par pi\u00e8ce<\/li>\n<li>24 pi\u00e8ces pour une portion flexible<\/li>\n<li>Saveurs de fruits audacieuses<\/li>\n<li>Qualit\u00e9 fiable des comestibles d\u00e9color\u00e9s<\/li>\n<\/ul>\n<h2>Test\u00e9 en laboratoire et fabriqu\u00e9 au Canada<\/h2>\n<p>Les comestibles d\u00e9color\u00e9s sont fabriqu\u00e9s au Canada et test\u00e9s en laboratoire pour leur consistance et leur puissance. Leurs produits sont reconnus pour leur dosage fiable, leur saveur forte et leur performance constante entre les lots. <\/p>\n<h2>Pour qui sont-elles les meilleures?<\/h2>\n<p>Ces blocs de gel\u00e9e sont id\u00e9aux pour :<\/p>\n<ul>\n<li>Utilisateurs qui souhaitent un dosage comestible flexible<\/li>\n<li>Ceux qui pr\u00e9f\u00e8rent des portions plus petites de 15 mg<\/li>\n<li>Les gens qui aiment les gummies aromatis\u00e9s aux fruits et les comestibles \u00e0 la gel\u00e9e<\/li>\n<li>Utilisateurs \u00e0 la recherche d\u2019un format comestible \u00e0 forte intensit\u00e9 mod\u00e9r\u00e9e<\/li>\n<li><strong>POUR LES ADULTES DE 19 ANS ET PLUS SEULEMENT<\/strong><\/li>\n<\/ul>\n<h2>Notes importantes sur les comestibles<\/h2>\n<p>Les comestibles mettent plus de temps \u00e0 agir que le cannabis inhal\u00e9. Veuillez attendre au moins 45 minutes avant de comprendre votre tol\u00e9rance et vos effets sur vous.<\/p>\n<ul>\n<li>Les effets peuvent prendre de 30 \u00e0 90 minutes \u00e0 commencer<\/li>\n<li>Commence avec une petite portion si tu n\u2019es pas certain de la tol\u00e9rance<\/li>\n<li>Ne consommez pas trop vite<\/li>\n<\/ul>\n<p><strong>Veuillez garder tous les comestibles au cannabis hors de port\u00e9e des enfants.<\/strong><\/p>\n<h2>Ingr\u00e9dients<\/h2>\n<p>Sucre, extrait de THC de cannabis, eau, g\u00e9latine, acide citrique, ar\u00f4mes naturels et artificiels, pectine, huile de canola, extrait de cannabis, cire de carnauba.<\/p>\n<h2>Livraison locale rapide<\/h2>\n<p>Si vous \u00eates dans la grande r\u00e9gion de Toronto (GTA), vous pouvez recevoir des blocs de gel\u00e9e Edibles d\u00e9lav\u00e9s livr\u00e9s en moins de 2 heures si vous commandez avant 20 h.<\/p>\n<p>Nous livrons \u00e0 Toronto, Scarborough, North York, Etobicoke, le centre-ville, Richmond Hill, Vaughan, Markham, Aurora, Newmarket, Woodbridge et les environs.<\/p>\n","protected":false},"excerpt":{"rendered":"<p>Les Faded Edibles Jelly Blocks 360 mg de THC offrent un dosage pr\u00e9cis dans un sachet savoureux de 24 pi\u00e8ces, chaque bloc de gel\u00e9e contenant 15 mg de THC. <\/p>\n<p>R\u00e9put\u00e9s pour leur excellente saveur et leurs effets constants, ces comestibles canadiens test\u00e9s en laboratoire sont id\u00e9aux pour les utilisateurs qui souhaitent un contr\u00f4le plus flexible sur leur exp\u00e9rience comestible.<\/p>\n<p>Choisissez votre saveur ci-dessous :<\/p>\n","protected":false},"featured_media":17315,"comment_status":"closed","ping_status":"closed","template":"","meta":{"_acf_changed":false},"product_brand":[],"product_cat":[231],"product_tag":[],"class_list":{"0":"post-25146","1":"product","2":"type-product","3":"status-publish","4":"has-post-thumbnail","6":"product_cat-gummies-fr-ca","8":"first","9":"instock","10":"shipping-taxable","11":"purchasable","12":"product-type-variable"},"acf":[],"_links":{"self":[{"href":"https:\/\/420now.co\/fr-ca\/wp-json\/wp\/v2\/product\/25146","targetHints":{"allow":["GET"]}}],"collection":[{"href":"https:\/\/420now.co\/fr-ca\/wp-json\/wp\/v2\/product"}],"about":[{"href":"https:\/\/420now.co\/fr-ca\/wp-json\/wp\/v2\/types\/product"}],"replies":[{"embeddable":true,"href":"https:\/\/420now.co\/fr-ca\/wp-json\/wp\/v2\/comments?post=25146"}],"wp:featuredmedia":[{"embeddable":true,"href":"https:\/\/420now.co\/fr-ca\/wp-json\/wp\/v2\/media\/17315"}],"wp:attachment":[{"href":"https:\/\/420now.co\/fr-ca\/wp-json\/wp\/v2\/media?parent=25146"}],"wp:term":[{"taxonomy":"product_brand","embeddable":true,"href":"https:\/\/420now.co\/fr-ca\/wp-json\/wp\/v2\/product_brand?post=25146"},{"taxonomy":"product_cat","embeddable":true,"href":"https:\/\/420now.co\/fr-ca\/wp-json\/wp\/v2\/product_cat?post=25146"},{"taxonomy":"product_tag","embeddable":true,"href":"https:\/\/420now.co\/fr-ca\/wp-json\/wp\/v2\/product_tag?post=25146"}],"curies":[{"name":"wp","href":"https:\/\/api.w.org\/{rel}","templated":true}]}}