{"id":25253,"date":"2026-05-12T20:04:15","date_gmt":"2026-05-13T00:04:15","guid":{"rendered":"https:\/\/420now.co\/product\/mota-thc-jelly-120-mg-indica-pack-8-plusieurs-saveurs\/"},"modified":"2026-05-12T21:26:18","modified_gmt":"2026-05-13T01:26:18","slug":"mota-thc-jelly-120-mg-indica-pack-8-plusieurs-saveurs","status":"publish","type":"product","link":"https:\/\/420now.co\/fr-ca\/product\/mota-thc-jelly-120-mg-indica-pack-8-plusieurs-saveurs\/","title":{"rendered":"MOTA Jelly Indica 120 mg THC (paquet de 8 \u2013 Plusieurs saveurs)"},"content":{"rendered":"<h2>MOTA THC Jelly 120 mg Indica (Pack 8 \u2013 Plusieurs saveurs)<\/h2>\n<p>Les g\u00e9lifi\u00e9es MOTA THC Jelly 120 mg Indica sont des gel\u00e9es premium infus\u00e9es au cannabis, fabriqu\u00e9es par l\u2019une des marques de comestibles h\u00e9rit\u00e9es les plus respect\u00e9es du Canada. Fabriqu\u00e9 sur l\u2019\u00eele de Vancouver, en Colombie-Britannique, MOTA s\u2019est forg\u00e9 une r\u00e9putation pour produire des comestibles savoureux et dos\u00e9s avec pr\u00e9cision, mettant fortement l\u2019accent sur la constance, la qualit\u00e9 et les effets fiables. <\/p>\n<p>Chaque paquet contient 8 bonbons g\u00e9lifi\u00e9s infus\u00e9s \u00e0 15 mg de THC par pi\u00e8ce, pour un total de 120 mg de THC par paquet.<\/p>\n<h2>Effets Indica relaxants<\/h2>\n<p>Ces g\u00e9lifi\u00e9es indica sont formul\u00e9es pour les utilisateurs recherchant des effets calmants ax\u00e9s sur le corps, souvent associ\u00e9s aux produits \u00e0 base de cannabis indica.<\/p>\n<p>Les utilisateurs choisissent souvent des comestibles indica pour :<\/p>\n<ul>\n<li>Relaxation<\/li>\n<li>Soulagement du stress<\/li>\n<li>Utilisation en soir\u00e9e<\/li>\n<li>Repos et d\u00e9tente<\/li>\n<\/ul>\n<p>Les exp\u00e9riences individuelles peuvent varier selon la dose et la tol\u00e9rance.<\/p>\n<h2>Dosage de pr\u00e9cision \u2013 15 mg de THC par pi\u00e8ce<\/h2>\n<p>MOTA est reconnue partout au Canada pour ses dosages comestibles fiables et ses effets constants.<\/p>\n<ul>\n<li>120 mg de THC par paquet<\/li>\n<li>8 bonbons g\u00e9lifi\u00e9s par paquet<\/li>\n<li>15 mg de THC par bonbon g\u00e9lifi\u00e9<\/li>\n<p>\/ul&gt;<\/p>\n<p>Cela fait des gommes \u00e0 la gel\u00e9e MOTA une option flexible pour les utilisateurs mod\u00e9r\u00e9s et exp\u00e9riment\u00e9s de comestibles.<\/p>\n<h2>Saveurs Indica disponibles<\/h2>\n<p>Choisissez parmi plusieurs saveurs de gommes indica \u00e0 tendance fruit\u00e9e :<\/p>\n<ul>\n<li>Blue <strong>Raspberry Indica<\/strong> \u2013 saveur douce de framboise bleue avec une finale acidul\u00e9e de sucre<\/li>\n<li><strong>Mangue Indica<\/strong> \u2013 douceur de mangue tropicale avec une saveur douce et juteuse<\/li>\n<li><strong>Peach Indica<\/strong> \u2013 saveur p\u00eache m\u00fbre avec une finition douce style bonbon<\/li>\n<li><strong>Melon Indica<\/strong> \u2013 saveur rafra\u00eechissante de past\u00e8que avec une douceur \u00e9quilibr\u00e9e<\/li>\n<\/ul>\n<h2>\u00c0 propos de MOTA<\/h2>\n<p>Fond\u00e9e en 2013 sur l\u2019\u00eele de Vancouver, en Colombie-Britannique, MOTA a \u00e9t\u00e9 l\u2019une des premi\u00e8res pionni\u00e8res canadiennes dans les comestibles infus\u00e9s au cannabis. L\u2019entreprise est devenue reconnue pour combiner l\u2019artisanat et des techniques d\u2019infusion pr\u00e9cises de cannabis, produisant des comestibles ax\u00e9s sur la qualit\u00e9, la puret\u00e9, la constance et des effets fiables. <\/p>\n<p>Les produits MOTA sont soigneusement \u00e9labor\u00e9s \u00e0 l\u2019aide d\u2019extraits de cannabis haut de gamme et de normes rigoureuses de contr\u00f4le de qualit\u00e9.<\/p>\n<ul>\n<li>Fabriqu\u00e9 en Colombie-Britannique, Canada<\/li>\n<li>Entreprise de comestibles au cannabis artisanal<\/li>\n<li>Dosage constant et fiable<\/li>\n<li>Marque canadienne de cannabis de longue date<\/li>\n<\/ul>\n<h2>Pourquoi choisir les g\u00e9lifi\u00e9es MOTA THC?<\/h2>\n<ul>\n<li>Marque canadienne de comestibles h\u00e9rit\u00e9e de confiance<\/li>\n<li>Dosage constant de 15 mg par bonbon<\/li>\n<li>Saveurs de fruits audacieuses<\/li>\n<li>Format comestible pratique<\/li>\n<li>Effets relaxants de style indica<\/li>\n<\/ul>\n<h2>Pour qui sont-elles les meilleures?<\/h2>\n<p>Ces bonbons sont id\u00e9aux pour :<\/p>\n<ul>\n<li>Utilisateurs \u00e0 la recherche d\u2019effets comestibles relaxants<\/li>\n<li>Amateurs de bonbons g\u00e9lifi\u00e9s aux fruits<\/li>\n<li>Ceux qui cherchent des comestibles au THC de concentration mod\u00e9r\u00e9e<\/li>\n<li>Utilisateurs qui pr\u00e9f\u00e8rent les bonbons g\u00e9lifi\u00e9s \u00e0 la cigarette ou au vapotage<\/li>\n<li><strong>POUR LES ADULTES DE 19 ANS ET PLUS SEULEMENT<\/strong><\/li>\n<\/ul>\n<h2>Notes importantes sur les comestibles<\/h2>\n<p>Les comestibles mettent plus de temps \u00e0 agir que le cannabis inhal\u00e9.<\/p>\n<ul>\n<li>Les effets peuvent prendre de 30 \u00e0 90 minutes \u00e0 commencer<\/li>\n<li>Commence avec une petite portion si tu n\u2019es pas certain de la tol\u00e9rance<\/li>\n<li>Ne consommez pas trop vite<\/li>\n<\/ul>\n<p><strong>Veuillez garder tous les comestibles au cannabis hors de port\u00e9e des enfants.<\/strong><\/p>\n<h2>Livraison locale rapide<\/h2>\n<p>Si vous \u00eates dans la r\u00e9gion du Grand Toronto (GTA), vous pouvez recevoir des bonbons g\u00e9lifi\u00e9s MOTA THC en moins de 2 heures si vous commandez avant 20 h.<\/p>\n<p>Nous livrons \u00e0 Toronto, Scarborough, North York, Etobicoke, le centre-ville, Richmond Hill, Vaughan, Markham, Aurora, Newmarket, Woodbridge et les environs.<\/p>\n","protected":false},"excerpt":{"rendered":"<p>Les g\u00e9lifi\u00e9es MOTA THC Jelly 120 mg Indica sont des gel\u00e9es artisanales infus\u00e9es au cannabis, fabriqu\u00e9es sur l\u2019\u00eele de Vancouver, au Canada. <\/p>\n<p>Chaque paquet contient 8 bonbons g\u00e9lifi\u00e9s pr\u00e9cis\u00e9ment dos\u00e9s \u00e0 15 mg de THC chacun, offrant des effets relaxants de style indica associ\u00e9s \u00e0 des saveurs de fruits audacieuses et \u00e0 la r\u00e9putation de MOTA pour sa constance, sa qualit\u00e9 et son dosage fiable.<\/p>\n<p>Choisissez ci-dessous votre saveur pour les gommes Indica de MOTA :<\/p>\n","protected":false},"featured_media":17511,"comment_status":"closed","ping_status":"closed","template":"","meta":{"_acf_changed":false},"product_brand":[],"product_cat":[231],"product_tag":[],"class_list":{"0":"post-25253","1":"product","2":"type-product","3":"status-publish","4":"has-post-thumbnail","6":"product_cat-gummies-fr-ca","8":"first","9":"instock","10":"shipping-taxable","11":"purchasable","12":"product-type-variable"},"acf":[],"_links":{"self":[{"href":"https:\/\/420now.co\/fr-ca\/wp-json\/wp\/v2\/product\/25253","targetHints":{"allow":["GET"]}}],"collection":[{"href":"https:\/\/420now.co\/fr-ca\/wp-json\/wp\/v2\/product"}],"about":[{"href":"https:\/\/420now.co\/fr-ca\/wp-json\/wp\/v2\/types\/product"}],"replies":[{"embeddable":true,"href":"https:\/\/420now.co\/fr-ca\/wp-json\/wp\/v2\/comments?post=25253"}],"wp:featuredmedia":[{"embeddable":true,"href":"https:\/\/420now.co\/fr-ca\/wp-json\/wp\/v2\/media\/17511"}],"wp:attachment":[{"href":"https:\/\/420now.co\/fr-ca\/wp-json\/wp\/v2\/media?parent=25253"}],"wp:term":[{"taxonomy":"product_brand","embeddable":true,"href":"https:\/\/420now.co\/fr-ca\/wp-json\/wp\/v2\/product_brand?post=25253"},{"taxonomy":"product_cat","embeddable":true,"href":"https:\/\/420now.co\/fr-ca\/wp-json\/wp\/v2\/product_cat?post=25253"},{"taxonomy":"product_tag","embeddable":true,"href":"https:\/\/420now.co\/fr-ca\/wp-json\/wp\/v2\/product_tag?post=25253"}],"curies":[{"name":"wp","href":"https:\/\/api.w.org\/{rel}","templated":true}]}}